{"id":611,"date":"2019-08-26T11:47:29","date_gmt":"2019-08-26T11:47:29","guid":{"rendered":"https:\/\/lacompro.net\/?page_id=611"},"modified":"2019-08-26T11:47:51","modified_gmt":"2019-08-26T11:47:51","slug":"equipos-de-sondeo-y-perforacion","status":"publish","type":"page","link":"https:\/\/lacompro.net\/en\/equipos-de-sondeo-y-perforacion\/","title":{"rendered":"Equipos de Sondeo y Perforaci\u00f3n"},"content":{"rendered":"<p>[et_pb_section bb_built=&#8221;1&#8243; admin_label=&#8221;section&#8221; next_background_color=&#8221;#ffffff&#8221; _builder_version=&#8221;3.13.1&#8243; background_image=&#8221;https:\/\/lacompro.net\/wp-content\/uploads\/2018\/08\/construction-34.jpg&#8221;][et_pb_row admin_label=&#8221;row&#8221; background_position=&#8221;top_left&#8221; background_repeat=&#8221;repeat&#8221; background_size=&#8221;initial&#8221;][et_pb_column type=&#8221;4_4&#8243;][et_pb_text _builder_version=&#8221;3.13.1&#8243; text_font_size_last_edited=&#8221;off|desktop&#8221; header_font=&#8221;Rubik|700|||||||&#8221; header_font_size=&#8221;64px&#8221; header_font_size_tablet=&#8221;44px&#8221; header_font_size_phone=&#8221;32px&#8221; header_font_size_last_edited=&#8221;on|phone&#8221; header_line_height=&#8221;1.1em&#8221; border_color_all=&#8221;#283289&#8243; border_width_left=&#8221;10px&#8221; background_layout=&#8221;dark&#8221; max_width=&#8221;800px&#8221; custom_margin=&#8221;||0px|&#8221; custom_padding=&#8221;|||16px&#8221; background_position=&#8221;top_left&#8221; background_repeat=&#8221;repeat&#8221; background_size=&#8221;initial&#8221; saved_tabs=&#8221;all&#8221;]<\/p>\n<h1>Equipos de Sondeo<br \/>\ny Perforaci\u00f3n<\/h1>\n<p>[\/et_pb_text][\/et_pb_column][\/et_pb_row][\/et_pb_section][et_pb_section bb_built=&#8221;1&#8243; admin_label=&#8221;section&#8221; prev_background_color=&#8221;#000000&#8243;][et_pb_row admin_label=&#8221;row&#8221; background_position=&#8221;top_left&#8221; background_repeat=&#8221;repeat&#8221; background_size=&#8221;initial&#8221;][et_pb_column type=&#8221;4_4&#8243;][et_pb_text admin_label=&#8221;Text&#8221; background_position=&#8221;top_left&#8221; background_repeat=&#8221;repeat&#8221; background_size=&#8221;initial&#8221;]<\/p>\n<p>&nbsp;<\/p>\n<p>[\/et_pb_text][et_pb_tabs _builder_version=&#8221;3.13.1&#8243; active_tab_background_color=&#8221;#283289&#8243; border_color_all=&#8221;#283289&#8243; tab_text_color=&#8221;#ffffff&#8221; inactive_tab_background_color=&#8221;#5e5e5e&#8221; tab_font=&#8221;|700|||||||&#8221; tab_font_size=&#8221;15&#8243;][et_pb_tab _builder_version=&#8221;3.13.1&#8243; title=&#8221;INNOVATION, HI-TECH, FRESHNESS.&#8221; use_background_color_gradient=&#8221;off&#8221; background_color_gradient_start=&#8221;#2b87da&#8221; background_color_gradient_end=&#8221;#29c4a9&#8243; background_color_gradient_type=&#8221;linear&#8221; background_color_gradient_direction=&#8221;180deg&#8221; background_color_gradient_direction_radial=&#8221;center&#8221; background_color_gradient_start_position=&#8221;0%&#8221; background_color_gradient_end_position=&#8221;100%&#8221; background_color_gradient_overlays_image=&#8221;off&#8221; parallax=&#8221;off&#8221; parallax_method=&#8221;on&#8221; background_size=&#8221;cover&#8221; background_position=&#8221;center&#8221; background_repeat=&#8221;no-repeat&#8221; background_blend=&#8221;normal&#8221; allow_player_pause=&#8221;off&#8221; background_video_pause_outside_viewport=&#8221;on&#8221; tab_text_shadow_style=&#8221;none&#8221; body_text_shadow_style=&#8221;none&#8221; tab_text_shadow_horizontal_length=&#8221;0em&#8221; tab_text_shadow_vertical_length=&#8221;0em&#8221; tab_text_shadow_blur_strength=&#8221;0em&#8221; body_text_shadow_horizontal_length=&#8221;0em&#8221; body_text_shadow_vertical_length=&#8221;0em&#8221; body_text_shadow_blur_strength=&#8221;0em&#8221;]<\/p>\n<p style=\"text-align: justify;\"><img loading=\"lazy\" decoding=\"async\" class=\"wp-image-518 alignright\" src=\"https:\/\/lacompro.net\/wp-content\/uploads\/2018\/09\/fraste_multidrill_SL-688x1024.jpg\" alt=\"\" width=\"396\" height=\"589\" srcset=\"https:\/\/lacompro.net\/wp-content\/uploads\/2018\/09\/fraste_multidrill_SL-688x1024.jpg 688w, https:\/\/lacompro.net\/wp-content\/uploads\/2018\/09\/fraste_multidrill_SL-600x893.jpg 600w, https:\/\/lacompro.net\/wp-content\/uploads\/2018\/09\/fraste_multidrill_SL-201x300.jpg 201w, https:\/\/lacompro.net\/wp-content\/uploads\/2018\/09\/fraste_multidrill_SL-768x1143.jpg 768w, https:\/\/lacompro.net\/wp-content\/uploads\/2018\/09\/fraste_multidrill_SL.jpg 990w\" sizes=\"(max-width: 396px) 100vw, 396px\" \/>FRASTE MULTIDRILL SL:un concentrado de Novedad, Tecnolog\u00eda y Frescura. Con un ancho de s\u00f3lo 780mm y un peso contenido en 2,5 toneladas, la versi\u00f3n est\u00e1ndard de la Multidrill SL es todo lo que se podr\u00eda desear en una grande perforadora&#8230;pero en tama\u00f1o de bolsillo!<br \/>Construida segun los m\u00e1s restrictivos criterios en t\u00e9rminos de calidad y seguridad, les asombrar\u00e1 por la elevada productividad y fiabilidad. Alta versatilidad gracias a la antena modular y el diferente equipo de donde eligir, hacen la Multidrill SL perfecta para diferentes campos de aplicaci\u00f3n: investigaciones geotecnicas, actividades de monitorizaci\u00f3n medioambiental y pozos captaci\u00f3n de agua.<br \/>Una peque\u00f1a gran perforadora para probar!<\/p>\n<p>[\/et_pb_tab][et_pb_tab _builder_version=&#8221;3.13.1&#8243; title=&#8221;PENETROMETER SPT TEC3.&#8221; use_background_color_gradient=&#8221;off&#8221; background_color_gradient_start=&#8221;#2b87da&#8221; background_color_gradient_end=&#8221;#29c4a9&#8243; background_color_gradient_type=&#8221;linear&#8221; background_color_gradient_direction=&#8221;180deg&#8221; background_color_gradient_direction_radial=&#8221;center&#8221; background_color_gradient_start_position=&#8221;0%&#8221; background_color_gradient_end_position=&#8221;100%&#8221; background_color_gradient_overlays_image=&#8221;off&#8221; parallax=&#8221;off&#8221; parallax_method=&#8221;on&#8221; background_size=&#8221;cover&#8221; background_position=&#8221;center&#8221; background_repeat=&#8221;no-repeat&#8221; background_blend=&#8221;normal&#8221; allow_player_pause=&#8221;off&#8221; background_video_pause_outside_viewport=&#8221;on&#8221; tab_text_shadow_style=&#8221;none&#8221; body_text_shadow_style=&#8221;none&#8221; tab_text_shadow_horizontal_length=&#8221;0em&#8221; tab_text_shadow_vertical_length=&#8221;0em&#8221; tab_text_shadow_blur_strength=&#8221;0em&#8221; body_text_shadow_horizontal_length=&#8221;0em&#8221; body_text_shadow_vertical_length=&#8221;0em&#8221; body_text_shadow_blur_strength=&#8221;0em&#8221;]<\/p>\n<p><strong>APLICACIONES<\/strong><\/p>\n<ul>\n<li>Test Penetraci\u00f3n Estandar (SPT)<\/li>\n<li>Prueba din\u00e1mica s\u00faper pesada. (DPSH)<\/li>\n<li>Prueba din\u00e1mica pesada (DPH)<\/li>\n<li>Recuperaci\u00f3n del terreno mediante muestra inalterada por golpeo.<\/li>\n<li>Instalaci\u00f3n de monitores para pozos de gas y agua.<\/li>\n<\/ul>\n<p><strong>CARACTER\u00cdSTICAS<\/strong><\/p>\n<p>Penetrometro port\u00e1til operado por un solo operario.<br \/>Peso reducido: 190 + 98 Kgs.<br \/>Dimensiones compactas: L 750 x A 770 x Alto 1400mm<br \/>De f\u00e1cil uso, m\u00e1stil telesc\u00f3pico hidr\u00e1ulico para la elevaci\u00f3n del SPT<\/p>\n<div><img loading=\"lazy\" decoding=\"async\" class=\"alignnone size-medium wp-image-542\" src=\"https:\/\/lacompro.net\/wp-content\/uploads\/2018\/09\/tecop-300x239.jpg\" alt=\"\" width=\"300\" height=\"239\" srcset=\"https:\/\/lacompro.net\/wp-content\/uploads\/2018\/09\/tecop-300x239.jpg 300w, https:\/\/lacompro.net\/wp-content\/uploads\/2018\/09\/tecop-600x478.jpg 600w, https:\/\/lacompro.net\/wp-content\/uploads\/2018\/09\/tecop-768x611.jpg 768w, https:\/\/lacompro.net\/wp-content\/uploads\/2018\/09\/tecop-1024x815.jpg 1024w, https:\/\/lacompro.net\/wp-content\/uploads\/2018\/09\/tecop-1080x860.jpg 1080w, https:\/\/lacompro.net\/wp-content\/uploads\/2018\/09\/tecop.jpg 1107w\" sizes=\"(max-width: 300px) 100vw, 300px\" \/><\/div>\n<div><strong>DATOS T\u00c9CNICOS<\/strong><\/div>\n<div>\u00a0<\/div>\n<div>\n<table style=\"height: 942px; width: 100%; border-collapse: collapse;\" border=\"1\">\n<tbody>\n<tr>\n<td style=\"width: 33.2937%;\"><strong>Unidad hidr\u00e1ulica.<\/strong><\/td>\n<td style=\"width: 33.2937%;\">\u00a0<\/td>\n<td style=\"width: 33.2937%;\">\u00a0<\/td>\n<\/tr>\n<tr>\n<td style=\"width: 33.2937%;\">Motor<\/td>\n<td style=\"width: 33.2937%;\">\u00a0<\/td>\n<td style=\"width: 33.2937%;\">Honda\/Kohler Gasolina<\/td>\n<\/tr>\n<tr>\n<td style=\"width: 33.2937%;\">N\u00ba de cilindros<\/td>\n<td style=\"width: 33.2937%;\">\u00a0<\/td>\n<td style=\"width: 33.2937%;\">1 cilindro<\/td>\n<\/tr>\n<tr>\n<td style=\"width: 33.2937%;\">Potencia<\/td>\n<td style=\"width: 33.2937%;\">6.37 HP<\/td>\n<td style=\"width: 33.2937%;\">4.9 kW<\/td>\n<\/tr>\n<tr>\n<td style=\"width: 33.2937%;\">Rpm<\/td>\n<td style=\"width: 33.2937%;\">3600<\/td>\n<td style=\"width: 33.2937%;\">3600<\/td>\n<\/tr>\n<tr>\n<td style=\"width: 33.2937%;\"><strong>\u00a0<\/strong><\/td>\n<td style=\"width: 33.2937%;\">\u00a0<\/td>\n<td style=\"width: 33.2937%;\">\u00a0<\/td>\n<\/tr>\n<tr>\n<td style=\"width: 33.2937%;\"><strong>Sistema hidr\u00e1ulico.<\/strong><\/td>\n<td style=\"width: 33.2937%;\">\u00a0<\/td>\n<td style=\"width: 33.2937%;\">\u00a0<\/td>\n<\/tr>\n<tr>\n<td style=\"width: 33.2937%;\">N\u00ba de bomba y tipo<\/td>\n<td style=\"width: 33.2937%;\">1&#215;4 g\/min<\/td>\n<td style=\"width: 33.2937%;\">\n<div>1 bomba de engranajes-4cm3<\/div>\n<\/td>\n<\/tr>\n<tr>\n<td style=\"width: 33.2937%;\">\n<div>Presi\u00f3n de trabajo<\/div>\n<\/td>\n<td style=\"width: 33.2937%;\">2176 psi<\/td>\n<td style=\"width: 33.2937%;\">150 bar<\/td>\n<\/tr>\n<tr>\n<td style=\"width: 33.2937%;\">Capacidad dep\u00f3sito<\/td>\n<td style=\"width: 33.2937%;\">4.5 g<\/td>\n<td style=\"width: 33.2937%;\">20 litros.<\/td>\n<\/tr>\n<tr>\n<td style=\"width: 33.2937%;\">\u00a0<\/td>\n<td style=\"width: 33.2937%;\">\u00a0<\/td>\n<td style=\"width: 33.2937%;\">\u00a0<\/td>\n<\/tr>\n<tr>\n<td style=\"width: 33.2937%;\"><strong>Sistema de extracci\u00f3n varillaje<\/strong><\/td>\n<td style=\"width: 33.2937%;\">\u00a0<\/td>\n<td style=\"width: 33.2937%;\">\u00a0<\/td>\n<\/tr>\n<tr>\n<td style=\"width: 33.2937%;\">Tipo<\/td>\n<td style=\"width: 33.2937%;\">\u00a0<\/td>\n<td style=\"width: 33.2937%;\">Triple cilindro<\/td>\n<\/tr>\n<tr>\n<td style=\"width: 33.2937%;\">Capacidad<\/td>\n<td style=\"width: 33.2937%;\">10 daN<\/td>\n<td style=\"width: 33.2937%;\">10 ton.<\/td>\n<\/tr>\n<tr>\n<td style=\"width: 33.2937%;\">\u00a0<\/td>\n<td style=\"width: 33.2937%;\">\u00a0<\/td>\n<td style=\"width: 33.2937%;\">\u00a0<\/td>\n<\/tr>\n<tr>\n<td style=\"width: 33.2937%;\"><strong>Peso<\/strong><\/td>\n<td style=\"width: 33.2937%;\">\u00a0<\/td>\n<td style=\"width: 33.2937%;\">\u00a0<\/td>\n<\/tr>\n<tr>\n<td style=\"width: 33.2937%;\">Penetrometro<\/td>\n<td style=\"width: 33.2937%;\">408 lbs<\/td>\n<td style=\"width: 33.2937%;\">190 kgs.<\/td>\n<\/tr>\n<tr>\n<td style=\"width: 33.2937%;\">Unidad hidr\u00e1ulica<\/td>\n<td style=\"width: 33.2937%;\">107 lbs<\/td>\n<td style=\"width: 33.2937%;\">98 kgs.<\/td>\n<\/tr>\n<tr>\n<td style=\"width: 33.2937%;\">\u00a0<\/td>\n<td style=\"width: 33.2937%;\">\u00a0<\/td>\n<td style=\"width: 33.2937%;\">\u00a0<\/td>\n<\/tr>\n<tr>\n<td style=\"width: 33.2937%;\"><strong>SPT-autom\u00e1tico<\/strong><\/td>\n<td style=\"width: 33.2937%;\">\u00a0<\/td>\n<td style=\"width: 33.2937%;\">\u00a0<\/td>\n<\/tr>\n<tr>\n<td style=\"width: 33.2937%;\">Distancia caida maza<\/td>\n<td style=\"width: 33.2937%;\">19.7\/29.9 in<\/td>\n<td style=\"width: 33.2937%;\">\n<div>760mm, 500mm opcional<\/div>\n<\/td>\n<\/tr>\n<tr>\n<td style=\"width: 33.2937%;\">Peso de maza<\/td>\n<td style=\"width: 33.2937%;\">10.2\/140 lb<\/td>\n<td style=\"width: 33.2937%;\">63,5 Kgs. 65 y 50 kgs. opcional<\/td>\n<\/tr>\n<tr>\n<td style=\"width: 33.2937%;\">Profundidad de trabajo<\/td>\n<td style=\"width: 33.2937%;\">33 feet<\/td>\n<td style=\"width: 33.2937%;\">10 metros \/ 33 feet<\/td>\n<\/tr>\n<\/tbody>\n<\/table>\n<\/div>\n<div>\u00a0<\/div>\n<div>\u00a0<\/div>\n<div><strong>HERRAMIENTAS PENETROMETRO DIN\u00c1MICO<\/strong><\/div>\n<div>\u00a0<\/div>\n<div>\n<table style=\"border-collapse: collapse; width: 100%;\" border=\"1\">\n<tbody>\n<tr>\n<td style=\"width: 33.3333%;\"><strong>SPT<\/strong><\/td>\n<td style=\"width: 33.3333%;\">\u00a0<\/td>\n<td style=\"width: 33.3333%;\">\u00a0<\/td>\n<\/tr>\n<tr>\n<td style=\"width: 33.3333%;\">Varillaje<\/td>\n<td style=\"width: 33.3333%;\">2.1&#215;39.4 in<\/td>\n<td style=\"width: 33.3333%;\">50mmX1000mm rosca cuadrada<\/td>\n<\/tr>\n<tr>\n<td style=\"width: 33.3333%;\">Cabezal de golpeo<\/td>\n<td style=\"width: 33.3333%;\">TEC10<\/td>\n<td style=\"width: 33.3333%;\">TEC10<\/td>\n<\/tr>\n<tr>\n<td style=\"width: 33.3333%;\">SPT<\/td>\n<td style=\"width: 33.3333%;\">\n<div>Cuchara SPT 2.1in<\/div>\n<\/td>\n<td style=\"width: 33.3333%;\">\n<div>Cuchara SPT 50mm<\/div>\n<\/td>\n<\/tr>\n<tr>\n<td style=\"width: 33.3333%;\">Zapata<\/td>\n<td style=\"width: 33.3333%;\">\u00a0<\/td>\n<td style=\"width: 33.3333%;\">Ciega o abierta<\/td>\n<\/tr>\n<tr>\n<td style=\"width: 33.3333%;\">\u00a0<\/td>\n<td style=\"width: 33.3333%;\">\u00a0<\/td>\n<td style=\"width: 33.3333%;\">\u00a0<\/td>\n<\/tr>\n<tr>\n<td style=\"width: 33.3333%;\"><strong>DPSH<\/strong><\/td>\n<td style=\"width: 33.3333%;\">\u00a0<\/td>\n<td style=\"width: 33.3333%;\">\u00a0<\/td>\n<\/tr>\n<tr>\n<td style=\"width: 33.3333%;\">Varillaje<\/td>\n<td style=\"width: 33.3333%;\">1.3&#215;39.4 in<\/td>\n<td style=\"width: 33.3333%;\">32mmx1000mm thread 6H x 1\u201d<\/td>\n<\/tr>\n<tr>\n<td style=\"width: 33.3333%;\">Cabezal de golpeo<\/td>\n<td style=\"width: 33.3333%;\">TEC10<\/td>\n<td style=\"width: 33.3333%;\">TEC10<\/td>\n<\/tr>\n<tr>\n<td style=\"width: 33.3333%;\">Puntaza perdida DPSH<\/td>\n<td style=\"width: 33.3333%;\">2 in cone<\/td>\n<td style=\"width: 33.3333%;\">90\u00ba 50mm cono 90\u00ba<\/td>\n<\/tr>\n<tr>\n<td style=\"width: 33.3333%;\">Borros<\/td>\n<td style=\"width: 33.3333%;\">\n<div>1x1x3.68 in<\/div>\n<\/td>\n<td style=\"width: 33.3333%;\">40x40x145 cono 90\u00ba<\/td>\n<\/tr>\n<tr>\n<td style=\"width: 33.3333%;\">Muestras inaletradas<\/td>\n<td style=\"width: 33.3333%;\">\u00a0<\/td>\n<td style=\"width: 33.3333%;\">\u00a0<\/td>\n<\/tr>\n<tr>\n<td style=\"width: 33.3333%;\">Tomamuestras<\/td>\n<td style=\"width: 33.3333%;\">2.6,3,3.4,4,4.6<\/td>\n<td style=\"width: 33.3333%;\">66,76,86,101,116 mm long=1000mm<\/td>\n<\/tr>\n<tr>\n<td style=\"width: 33.3333%;\">Revestimiento<\/td>\n<td style=\"width: 33.3333%;\">4.4, 5 in<\/td>\n<td style=\"width: 33.3333%;\">\n<div>113, 128mm<\/div>\n<\/td>\n<\/tr>\n<tr>\n<td style=\"width: 33.3333%;\">\n<div>Varillaje<\/div>\n<\/td>\n<td style=\"width: 33.3333%;\">1-1\/2\u201d x 39.4<\/td>\n<td style=\"width: 33.3333%;\">54mmX1000mm Thread Whitworth 1-1\/2\u201d<\/td>\n<\/tr>\n<tr>\n<td style=\"width: 33.3333%;\">Varillaje de percusi\u00f3n<\/td>\n<td style=\"width: 33.3333%;\">1.3&#215;39.4 in<\/td>\n<td style=\"width: 33.3333%;\">\n<div>35x1000mmThread R3<\/div>\n<\/td>\n<\/tr>\n<\/tbody>\n<\/table>\n<p><img loading=\"lazy\" decoding=\"async\" class=\"size-medium wp-image-544 aligncenter\" src=\"https:\/\/lacompro.net\/wp-content\/uploads\/2018\/09\/tecop2-300x148.jpg\" alt=\"\" width=\"300\" height=\"148\" srcset=\"https:\/\/lacompro.net\/wp-content\/uploads\/2018\/09\/tecop2-300x148.jpg 300w, https:\/\/lacompro.net\/wp-content\/uploads\/2018\/09\/tecop2-600x296.jpg 600w, https:\/\/lacompro.net\/wp-content\/uploads\/2018\/09\/tecop2-768x380.jpg 768w, https:\/\/lacompro.net\/wp-content\/uploads\/2018\/09\/tecop2.jpg 854w\" sizes=\"(max-width: 300px) 100vw, 300px\" \/><\/p>\n<\/div>\n<p>[\/et_pb_tab][et_pb_tab _builder_version=&#8221;3.13.1&#8243; title=&#8221;BOMBA TRIPLEX ELECTRICA Y ELECTRO HIDRAULICA&#8221; use_background_color_gradient=&#8221;off&#8221; background_color_gradient_start=&#8221;#2b87da&#8221; background_color_gradient_end=&#8221;#29c4a9&#8243; background_color_gradient_type=&#8221;linear&#8221; background_color_gradient_direction=&#8221;180deg&#8221; background_color_gradient_direction_radial=&#8221;center&#8221; background_color_gradient_start_position=&#8221;0%&#8221; background_color_gradient_end_position=&#8221;100%&#8221; background_color_gradient_overlays_image=&#8221;off&#8221; parallax=&#8221;off&#8221; parallax_method=&#8221;on&#8221; background_size=&#8221;cover&#8221; background_position=&#8221;center&#8221; background_repeat=&#8221;no-repeat&#8221; background_blend=&#8221;normal&#8221; allow_player_pause=&#8221;off&#8221; background_video_pause_outside_viewport=&#8221;on&#8221; tab_text_shadow_style=&#8221;none&#8221; body_text_shadow_style=&#8221;none&#8221; tab_text_shadow_horizontal_length=&#8221;0em&#8221; tab_text_shadow_vertical_length=&#8221;0em&#8221; tab_text_shadow_blur_strength=&#8221;0em&#8221; body_text_shadow_horizontal_length=&#8221;0em&#8221; body_text_shadow_vertical_length=&#8221;0em&#8221; body_text_shadow_blur_strength=&#8221;0em&#8221;]<\/p>\n<p><strong>mod. T100 e T100i<\/strong><br \/><strong>PARA AGUA, CEMENTO, BENTONITA Y OTRAS MEZCLAS<\/strong><\/p>\n<p><img loading=\"lazy\" decoding=\"async\" class=\"alignnone size-medium wp-image-538\" src=\"https:\/\/lacompro.net\/wp-content\/uploads\/2018\/09\/clivio1-300x264.jpg\" alt=\"\" width=\"300\" height=\"264\" srcset=\"https:\/\/lacompro.net\/wp-content\/uploads\/2018\/09\/clivio1-300x264.jpg 300w, https:\/\/lacompro.net\/wp-content\/uploads\/2018\/09\/clivio1-600x529.jpg 600w, https:\/\/lacompro.net\/wp-content\/uploads\/2018\/09\/clivio1-768x677.jpg 768w, https:\/\/lacompro.net\/wp-content\/uploads\/2018\/09\/clivio1-1024x902.jpg 1024w, https:\/\/lacompro.net\/wp-content\/uploads\/2018\/09\/clivio1-1080x952.jpg 1080w, https:\/\/lacompro.net\/wp-content\/uploads\/2018\/09\/clivio1.jpg 1135w\" sizes=\"(max-width: 300px) 100vw, 300px\" \/> <img loading=\"lazy\" decoding=\"async\" class=\"alignnone size-medium wp-image-536\" src=\"https:\/\/lacompro.net\/wp-content\/uploads\/2018\/09\/clivio2-300x264.jpg\" alt=\"\" width=\"300\" height=\"264\" srcset=\"https:\/\/lacompro.net\/wp-content\/uploads\/2018\/09\/clivio2-300x264.jpg 300w, https:\/\/lacompro.net\/wp-content\/uploads\/2018\/09\/clivio2-600x529.jpg 600w, https:\/\/lacompro.net\/wp-content\/uploads\/2018\/09\/clivio2-768x677.jpg 768w, https:\/\/lacompro.net\/wp-content\/uploads\/2018\/09\/clivio2-1024x902.jpg 1024w, https:\/\/lacompro.net\/wp-content\/uploads\/2018\/09\/clivio2-1080x952.jpg 1080w, https:\/\/lacompro.net\/wp-content\/uploads\/2018\/09\/clivio2.jpg 1135w\" sizes=\"(max-width: 300px) 100vw, 300px\" \/><\/p>\n<p>La bomba triplex mod. T100 es del tipo de pist\u00f3n, adaptada a la circulaci\u00f3n de agua, lodos, pol\u00edmeros, etc. La<br \/>versi\u00f3n T100i permite tanto el uso durante la perforaci\u00f3n como su uso para la inyecci\u00f3n de lechada estudiada<br \/>para la inyecci\u00f3n de lechada donde se requiere la rotura del tubo manguito as\u00ed como un control continuo de la<br \/>presi\u00f3n y caudal.<\/p>\n<table style=\"height: 184px; width: 100%; border-collapse: collapse; border-color: #1f0c99;\" border=\"1\">\n<tbody>\n<tr style=\"height: 23px;\">\n<td style=\"width: 117px; height: 23px; text-align: center;\">Maquina<\/td>\n<td style=\"width: 117px; height: 23px; text-align: center;\">Motor<br \/>electrico kW<\/td>\n<td style=\"width: 117px; height: 23px; text-align: center;\">R.P.M<\/td>\n<td style=\"width: 117px; height: 23px; text-align: center;\">Marcha<br \/>cambio<\/td>\n<td style=\"width: 117px; height: 23px; text-align: center;\">Caudal max<br \/>litros\/min.<\/td>\n<td style=\"width: 117px; height: 23px; text-align: center;\">Presion max de<br \/>trabajo bar<\/td>\n<td style=\"width: 117px; height: 23px; text-align: center;\">Presion max<br \/>intermitente bar<\/td>\n<\/tr>\n<tr style=\"height: 23px;\">\n<td style=\"width: 117px; height: 69px; text-align: center;\" rowspan=\"3\">T100<\/td>\n<td style=\"width: 117px; height: 69px; text-align: center;\" rowspan=\"3\">7,5<\/td>\n<td style=\"width: 117px; height: 69px; text-align: center;\" rowspan=\"3\">1450<\/td>\n<td style=\"width: 117px; height: 23px; text-align: center;\">1\u00ba<\/td>\n<td style=\"width: 117px; height: 23px; text-align: center;\">35<\/td>\n<td style=\"width: 117px; height: 23px; text-align: center;\">60<\/td>\n<td style=\"width: 117px; height: 23px; text-align: center;\">65<\/td>\n<\/tr>\n<tr style=\"height: 23px;\">\n<td style=\"width: 117px; height: 23px; text-align: center;\">2\u00ba<\/td>\n<td style=\"width: 117px; height: 23px; text-align: center;\">70<\/td>\n<td style=\"width: 117px; height: 23px; text-align: center;\">50<\/td>\n<td style=\"width: 117px; height: 23px; text-align: center;\">55<\/td>\n<\/tr>\n<tr style=\"height: 23px;\">\n<td style=\"width: 117px; height: 23px; text-align: center;\">3\u00ba<\/td>\n<td style=\"width: 117px; height: 23px; text-align: center;\">102<\/td>\n<td style=\"width: 117px; height: 23px; text-align: center;\">40<\/td>\n<td style=\"width: 117px; height: 23px; text-align: center;\">42<\/td>\n<\/tr>\n<tr style=\"height: 23px;\">\n<td style=\"width: 117px; height: 23px; text-align: center;\">Maquina<\/td>\n<td style=\"width: 117px; height: 23px; text-align: center;\">Motor<br \/>electrico kW<\/td>\n<td style=\"width: 117px; height: 23px; text-align: center;\">R.P.M<\/td>\n<td style=\"width: 117px; height: 23px; text-align: center;\">AP<br \/>Caudal max<br \/>litros\/min.<\/td>\n<td style=\"width: 117px; height: 23px; text-align: center;\">AP<br \/>Presion max<br \/>bar<\/td>\n<td style=\"width: 117px; height: 23px; text-align: center;\">BP<br \/>Caudal max<br \/>litros\/min.<\/td>\n<td style=\"width: 117px; height: 23px; text-align: center;\">BP<br \/>Presion max<br \/>bar<\/td>\n<\/tr>\n<tr style=\"height: 23px;\">\n<td style=\"width: 117px; height: 23px; text-align: center;\">T100i<br \/>AP + BP<\/td>\n<td style=\"width: 117px; height: 23px; text-align: center;\" rowspan=\"3\">7,5<\/td>\n<td style=\"width: 117px; height: 23px; text-align: center;\" rowspan=\"3\">1450<\/td>\n<td style=\"width: 117px; height: 23px; text-align: center;\">36<\/td>\n<td style=\"width: 117px; height: 23px; text-align: center;\">85<\/td>\n<td style=\"width: 117px; height: 23px; text-align: center;\">100<\/td>\n<td style=\"width: 117px; height: 23px; text-align: center;\">40<\/td>\n<\/tr>\n<tr style=\"height: 23px;\">\n<td style=\"width: 117px; height: 23px; text-align: center;\">T100i<br \/>AP<\/td>\n<td style=\"width: 117px; height: 23px; text-align: center;\">36<\/td>\n<td style=\"width: 117px; height: 23px; text-align: center;\">85<\/td>\n<td style=\"width: 117px; height: 23px; text-align: center;\">\u00a0<\/td>\n<td style=\"width: 117px; height: 23px; text-align: center;\">\u00a0<\/td>\n<\/tr>\n<tr style=\"height: 23px;\">\n<td style=\"width: 117px; height: 23px; text-align: center;\">T100i<br \/>BP<\/td>\n<td style=\"width: 237px; height: 23px; text-align: center;\" colspan=\"2\">\u00a0<\/td>\n<td style=\"width: 117px; height: 23px; text-align: center;\">100<\/td>\n<td style=\"width: 117px; height: 23px; text-align: center;\">40<\/td>\n<\/tr>\n<\/tbody>\n<\/table>\n<table style=\"border-collapse: collapse; width: 100%;\" border=\"1\">\n<tbody>\n<tr>\n<td style=\"width: 20%; text-align: center;\">Maquina<\/td>\n<td style=\"width: 20%; text-align: center;\">Largo mm.<\/td>\n<td style=\"width: 20%; text-align: center;\">Ancho mm.<\/td>\n<td style=\"width: 20%; text-align: center;\">Alto mm.<\/td>\n<td style=\"width: 20%; text-align: center;\">Peso kg.<\/td>\n<\/tr>\n<tr>\n<td style=\"width: 20%; text-align: center;\">T100<\/td>\n<td style=\"width: 20%; text-align: center;\">2300<\/td>\n<td style=\"width: 20%; text-align: center;\">1300<\/td>\n<td style=\"width: 20%; text-align: center;\">1450<\/td>\n<td style=\"width: 20%; text-align: center;\">640<\/td>\n<\/tr>\n<tr>\n<td style=\"width: 20%; text-align: center;\">T100i<\/td>\n<td style=\"width: 20%; text-align: center;\">1200<\/td>\n<td style=\"width: 20%; text-align: center;\">830<\/td>\n<td style=\"width: 20%; text-align: center;\">900<\/td>\n<td style=\"width: 20%; text-align: center;\">380<\/td>\n<\/tr>\n<\/tbody>\n<\/table>\n<p>[\/et_pb_tab][\/et_pb_tabs][\/et_pb_column][\/et_pb_row][\/et_pb_section]<\/p>\n<span class=\"et_bloom_bottom_trigger\"><\/span>","protected":false},"excerpt":{"rendered":"<p>Equipos de Sondeo y Perforaci\u00f3n &nbsp; FRASTE MULTIDRILL SL:un concentrado de Novedad, Tecnolog\u00eda y Frescura. Con un ancho de s\u00f3lo 780mm y un peso contenido en 2,5 toneladas, la versi\u00f3n est\u00e1ndard de la Multidrill SL es todo lo que se podr\u00eda desear en una grande perforadora&#8230;pero en tama\u00f1o de bolsillo!Construida segun los m\u00e1s restrictivos criterios [&hellip;]<\/p>\n","protected":false},"author":2,"featured_media":0,"parent":0,"menu_order":0,"comment_status":"closed","ping_status":"closed","template":"","meta":{"_et_pb_use_builder":"on","_et_pb_old_content":"","_et_gb_content_width":"","footnotes":""},"class_list":["post-611","page","type-page","status-publish","hentry"],"_links":{"self":[{"href":"https:\/\/lacompro.net\/en\/wp-json\/wp\/v2\/pages\/611","targetHints":{"allow":["GET"]}}],"collection":[{"href":"https:\/\/lacompro.net\/en\/wp-json\/wp\/v2\/pages"}],"about":[{"href":"https:\/\/lacompro.net\/en\/wp-json\/wp\/v2\/types\/page"}],"author":[{"embeddable":true,"href":"https:\/\/lacompro.net\/en\/wp-json\/wp\/v2\/users\/2"}],"replies":[{"embeddable":true,"href":"https:\/\/lacompro.net\/en\/wp-json\/wp\/v2\/comments?post=611"}],"version-history":[{"count":0,"href":"https:\/\/lacompro.net\/en\/wp-json\/wp\/v2\/pages\/611\/revisions"}],"wp:attachment":[{"href":"https:\/\/lacompro.net\/en\/wp-json\/wp\/v2\/media?parent=611"}],"curies":[{"name":"wp","href":"https:\/\/api.w.org\/{rel}","templated":true}]}}