{"id":6843,"date":"2023-09-21T15:59:24","date_gmt":"2023-09-21T13:59:24","guid":{"rendered":"https:\/\/lacompro.net\/?page_id=6843"},"modified":"2023-09-21T19:13:24","modified_gmt":"2023-09-21T17:13:24","slug":"infratest","status":"publish","type":"page","link":"https:\/\/lacompro.net\/en\/infratest\/","title":{"rendered":"InfraTest"},"content":{"rendered":"<p>[et_pb_section fb_built=&#8221;1&#8243; _builder_version=&#8221;4.22.2&#8243; _module_preset=&#8221;default&#8221; global_colors_info=&#8221;{}&#8221;][et_pb_row column_structure=&#8221;1_4,3_4&#8243; _builder_version=&#8221;4.22.2&#8243; _module_preset=&#8221;default&#8221; global_colors_info=&#8221;{}&#8221;][et_pb_column type=&#8221;1_4&#8243; _builder_version=&#8221;4.22.2&#8243; _module_preset=&#8221;default&#8221; global_colors_info=&#8221;{}&#8221;][et_pb_sidebar _builder_version=&#8221;4.22.2&#8243; _module_preset=&#8221;default&#8221; global_colors_info=&#8221;{}&#8221;][\/et_pb_sidebar][\/et_pb_column][et_pb_column type=&#8221;3_4&#8243; _builder_version=&#8221;4.22.2&#8243; _module_preset=&#8221;default&#8221; global_colors_info=&#8221;{}&#8221;][dsm_perspective_image _builder_version=&#8221;4.22.2&#8243; _module_preset=&#8221;default&#8221; title_text=&#8221;infratest-testing-systems-lacompro&#8221; src=&#8221;https:\/\/lacompro.net\/wp-content\/uploads\/2023\/09\/infratest-testing-systems-logo.png&#8221; hover_enabled=&#8221;0&#8243; sticky_enabled=&#8221;0&#8243;][\/dsm_perspective_image][dsm_typing_effect before_typing_effect=&#8221;InfraTest&#8221; typing_effect=&#8221;Test and Analysis Equipment&#8221; before_new_line=&#8221;on&#8221; _builder_version=&#8221;4.22.2&#8243; _module_preset=&#8221;default&#8221; global_colors_info=&#8221;{}&#8221;][\/dsm_typing_effect][et_pb_text _builder_version=&#8221;4.22.2&#8243; _module_preset=&#8221;default&#8221; global_colors_info=&#8221;{}&#8221;]InfraTest Pr\u00fcftechnik GmbH was founded in 1991 as a commercial enterprise in L\u00f6chgau (Baden-W\u00fcrttemberg). In 1995 it was relocated to Brackenheim-Botenheim and moved into a brand-new building.infraTest Pr\u00fcftechnik GmbH is engaged in the development, manufacture, distribution and trading of test and analysis equipment for the entire building materials sector. A team of almost 50 employees develops equipment for the testing of asphalt, concrete, cement and soil, from standard test machines to big complex dynamic plants to turnkey laboratory system solutions. A quarter of the workforce consists of engineers specialized in electrical and mechanical engineering who are concerned with development of new test equipment and its further improvement.The focus on technically advanced products, in line with the mission of the brand: \u201cSystematic Testing\u201d, in combination with profound knowledge of production processes, allow us to be regarded as a technology leader in the industry segment with constantly changing challenges. An export share of almost 70% makes us a medium-sized company, which has become an important global provider of testing technology. Therefore we are considered in our industry as a world market leader in the list of the Heilbronn-Franken Chamber of Commerce and Industry.<br \/>\nBuilding materials manufacturers, universities and high schools as well as various types of testing laboratories, private and state institutions are also customers of infraTest Pr\u00fcftechnik GmbH, as are \u201cglobal players\u201d of the construction industry or \u201cheavyweights\u201d of the petrochemical industry. Fast and efficient service is an integral part our corporate philosophy. In order to meet these requirements, we have set up a logistics center in which we can store all the important spare parts and dispatch them worldwide within 48 hours. Eighteen international locations and independent representation offices with skilled and trained personnel help us solve all sorts of tasks in service and after-sales support.Sustainability is the core of the strategy of infraTest Pr\u00fcftechnik GmbH. For this reason, innovations, company-owned patents and ISO-certified processes have a high priority in the production of each individual product. Versatile implementation of the know-hows developed by our team in Baden-W\u00fcrttemberg under the brand \u201cMade in Germany\u201d is a personal concern of every single employee.[\/et_pb_text][\/et_pb_column][\/et_pb_row][\/et_pb_section]<\/p>\n<span class=\"et_bloom_bottom_trigger\"><\/span>","protected":false},"excerpt":{"rendered":"<p><div class=\"et_pb_module dsm_perspective_image dsm_perspective_image_0\">\n\t\t\t\t\n\t\t\t\t\n\t\t\t\t\n\t\t\t\t\n\t\t\t\t\n\t\t\t\t\n\t\t\t\t<div class=\"et_pb_module_inner\">\n\t\t\t\t\t<div class=\"dsm-perspective-image-wrapper et_always_center_on_mobile\">\n\t\t\t\t\n\t\t\t\t\n\t\t\t\t<span class=\"et_pb_image_wrap \"><img decoding=\"async\" src=\"https:\/\/lacompro.net\/wp-content\/uploads\/2023\/09\/infratest-testing-systems-logo.png\" alt=\"\" title=\"infratest-testing-systems-lacompro\" \/><\/span>\n\t\t\t<\/div>\n\t\t\t\t<\/div>\n\t\t\t<\/div><div class=\"et_pb_module dsm_typing_effect dsm_typing_effect_0 et_pb_bg_layout_light \">\n\t\t\t\t\n\t\t\t\t\n\t\t\t\t\n\t\t\t\t\n\t\t\t\t\n\t\t\t\t\n\t\t\t\t<div class=\"et_pb_module_inner\">\n\t\t\t\t\t<h1 class=\"dsm-typing-effect et_pb_module_header\"><span class=\"dsm-before-typing-effect\">InfraTest<\/span><br><span class=\"dsm-typing-wrapper\"><span class=\"dsm-typing-strings\">Test and Analysis Equipment<\/span><span class=\"dsm-typing\" data-dsm-typing-cursor=\"|\" data-dsm-typing-strings=\"Test and Analysis Equipment\" data-dsm-typing-speed=100ms data-dsm-typing-backspeed=50ms data-dsm-typing-backdelay=700ms data-dsm-typing-loop=true data-dsm-typing-fadeout=false data-dsm-typing-shuffle=false data-dsm-typing-delay=0ms data-dsm-typing-viewport=80% data-dsm-typing-repeat=on><\/span><\/span><\/h1>\n\t\t\t\t<\/div>\n\t\t\t<\/div>InfraTest Pr\u00fcftechnik GmbH was founded in 1991 as a commercial enterprise in L\u00f6chgau (Baden-W\u00fcrttemberg). In 1995 it was relocated to Brackenheim-Botenheim and moved into a brand-new building.infraTest Pr\u00fcftechnik GmbH is engaged in the development, manufacture, distribution and trading of test [&hellip;]<\/p>\n","protected":false},"author":2,"featured_media":0,"parent":0,"menu_order":0,"comment_status":"closed","ping_status":"closed","template":"","meta":{"_et_pb_use_builder":"on","_et_pb_old_content":"[et_pb_section fb_built=\"1\" theme_builder_area=\"post_content\" _builder_version=\"4.22.2\" _module_preset=\"default\"][et_pb_row _builder_version=\"4.22.2\" _module_preset=\"default\" theme_builder_area=\"post_content\"][et_pb_column _builder_version=\"4.22.2\" _module_preset=\"default\" type=\"4_4\" theme_builder_area=\"post_content\"][dsm_typing_effect _builder_version=\"4.22.2\" _module_preset=\"default\" theme_builder_area=\"post_content\" before_typing_effect=\"InfraTest\" hover_enabled=\"0\" sticky_enabled=\"0\"][\/dsm_typing_effect][et_pb_text _builder_version=\"4.22.2\" _module_preset=\"default\" theme_builder_area=\"post_content\" hover_enabled=\"0\" sticky_enabled=\"0\"]InfraTest Pr\u00fcftechnik GmbH fue fundada en 1991 como empresa comercial en L\u00f6chgau (Baden-W\u00fcrttemberg). En 1995 se traslad\u00f3 a Brackenheim-Botenheim y se instal\u00f3 en un edificio nuevo. InfraTest Pr\u00fcftechnik GmbH se dedica al desarrollo, fabricaci\u00f3n, distribuci\u00f3n y comercializaci\u00f3n de equipos de prueba y an\u00e1lisis para todo el sector de materiales de construcci\u00f3n. Un equipo de casi 50 empleados desarrolla equipos para ensayos de asfalto, hormig\u00f3n, cemento y suelos, desde m\u00e1quinas de ensayo est\u00e1ndar hasta grandes plantas din\u00e1micas complejas y soluciones de sistemas de laboratorio llave en mano. Una cuarta parte de la fuerza laboral est\u00e1 formada por ingenieros especializados en ingenier\u00eda el\u00e9ctrica y mec\u00e1nica que se ocupan del desarrollo de nuevos equipos de prueba y su mejora adicional. El enfoque en productos t\u00e9cnicamente avanzados, en l\u00ednea con la misi\u00f3n de la marca: \"Pruebas sistem\u00e1ticas\", en La combinaci\u00f3n con un profundo conocimiento de los procesos productivos, nos permite ser considerados como un l\u00edder tecnol\u00f3gico en un segmento industrial con desaf\u00edos en constante cambio. Una cuota de exportaci\u00f3n de casi el 70% nos convierte en una empresa mediana que se ha convertido en un importante proveedor mundial de tecnolog\u00eda de pruebas. Por eso estamos considerados en nuestro sector como l\u00edderes del mercado mundial en la lista de la C\u00e1mara de Comercio e Industria de Heilbronn-Franken.\r\nLos clientes de infraTest Pr\u00fcftechnik GmbH son tambi\u00e9n fabricantes de materiales de construcci\u00f3n, universidades y escuelas secundarias, as\u00ed como diversos tipos de laboratorios de pruebas, instituciones privadas y estatales, as\u00ed como \"actores globales\" de la industria de la construcci\u00f3n o \"pesos pesados\" de la industria petroqu\u00edmica. Un servicio r\u00e1pido y eficiente es una parte integral de nuestra filosof\u00eda corporativa. Para cumplir con estos requisitos, hemos creado un centro log\u00edstico en el que podemos almacenar todos los repuestos importantes y enviarlos a todo el mundo en un plazo de 48 horas. Dieciocho ubicaciones internacionales y oficinas de representaci\u00f3n independientes con personal cualificado y capacitado nos ayudan a resolver todo tipo de tareas en el servicio y el soporte posventa. La sostenibilidad es el n\u00facleo de la estrategia de infraTest Pr\u00fcftechnik GmbH. Por este motivo, las innovaciones, las patentes propias y los procesos con certificaci\u00f3n ISO tienen una alta prioridad en la producci\u00f3n de cada producto. La aplicaci\u00f3n vers\u00e1til de los conocimientos desarrollados por nuestro equipo en Baden-W\u00fcrttemberg bajo la marca \"Made in Germany\" es una preocupaci\u00f3n personal de cada empleado.[\/et_pb_text][\/et_pb_column][\/et_pb_row][\/et_pb_section]","_et_gb_content_width":"","footnotes":""},"class_list":["post-6843","page","type-page","status-publish","hentry"],"_links":{"self":[{"href":"https:\/\/lacompro.net\/en\/wp-json\/wp\/v2\/pages\/6843","targetHints":{"allow":["GET"]}}],"collection":[{"href":"https:\/\/lacompro.net\/en\/wp-json\/wp\/v2\/pages"}],"about":[{"href":"https:\/\/lacompro.net\/en\/wp-json\/wp\/v2\/types\/page"}],"author":[{"embeddable":true,"href":"https:\/\/lacompro.net\/en\/wp-json\/wp\/v2\/users\/2"}],"replies":[{"embeddable":true,"href":"https:\/\/lacompro.net\/en\/wp-json\/wp\/v2\/comments?post=6843"}],"version-history":[{"count":0,"href":"https:\/\/lacompro.net\/en\/wp-json\/wp\/v2\/pages\/6843\/revisions"}],"wp:attachment":[{"href":"https:\/\/lacompro.net\/en\/wp-json\/wp\/v2\/media?parent=6843"}],"curies":[{"name":"wp","href":"https:\/\/api.w.org\/{rel}","templated":true}]}}