{"id":6876,"date":"2023-09-21T19:03:30","date_gmt":"2023-09-21T17:03:30","guid":{"rendered":"https:\/\/lacompro.net\/?page_id=6876"},"modified":"2023-09-26T12:11:38","modified_gmt":"2023-09-26T10:11:38","slug":"alfa-testing-equipment","status":"publish","type":"page","link":"https:\/\/lacompro.net\/en\/alfa-testing-equipment\/","title":{"rendered":"Alfa Testing Equipment"},"content":{"rendered":"<p>[et_pb_section fb_built=&#8221;1&#8243; _builder_version=&#8221;4.22.2&#8243; _module_preset=&#8221;default&#8221; global_colors_info=&#8221;{}&#8221;][et_pb_row column_structure=&#8221;1_4,3_4&#8243; _builder_version=&#8221;4.22.2&#8243; _module_preset=&#8221;default&#8221; global_colors_info=&#8221;{}&#8221;][et_pb_column type=&#8221;1_4&#8243; _builder_version=&#8221;4.22.2&#8243; _module_preset=&#8221;default&#8221; global_colors_info=&#8221;{}&#8221;][et_pb_sidebar _builder_version=&#8221;4.22.2&#8243; _module_preset=&#8221;default&#8221; global_colors_info=&#8221;{}&#8221;][\/et_pb_sidebar][\/et_pb_column][et_pb_column type=&#8221;3_4&#8243; _builder_version=&#8221;4.22.2&#8243; _module_preset=&#8221;default&#8221; global_colors_info=&#8221;{}&#8221;][dsm_perspective_image src=&#8221;https:\/\/lacompro.net\/wp-content\/uploads\/2023\/09\/Alfa_lacompro.jpeg&#8221; title_text=&#8221;Alfa_lacompro&#8221; _builder_version=&#8221;4.22.2&#8243; _module_preset=&#8221;default&#8221; global_colors_info=&#8221;{}&#8221;][\/dsm_perspective_image][dsm_typing_effect before_typing_effect=&#8221;Alfa&#8221; typing_effect=&#8221;Testing Equipment&#8221; before_new_line=&#8221;on&#8221; _builder_version=&#8221;4.22.2&#8243; _module_preset=&#8221;default&#8221; global_colors_info=&#8221;{}&#8221;][\/dsm_typing_effect][et_pb_text _builder_version=&#8221;4.22.2&#8243; _module_preset=&#8221;default&#8221; global_colors_info=&#8221;{}&#8221;]<\/p>\n<p>Since its establishment in 1972, ALFA has been at the forefront of manufacturing testing equipment for a wide range of industries, including concrete, cement, aggregates, soil, asphalt, rock, and steel. With a strong commitment to excellence, they have built a solid reputation for providing exceptional customer support, ensuring high product quality, maintaining efficient production processes, and possessing extensive capacity both locally and internationally. Drawing on over 45 years of experience in the material testing industry, we have excelled in areas such as marketing, research and development, customer services, installations, and after-sales support. Today, the ALFA logo stands as a symbol of quality assurance for our products, reflecting their unwavering dedication to work ethic, trustworthiness, and professionalism in the global market. Their accomplishments are a direct result of relentless hard work and accumulated expertise. By upholding their commitment to delivering guaranteed quality, excellent customer support, swift delivery times, and comprehensive after-sales assistance, ALFA has successfully exported products to over 140 countries worldwide, further solidifying our position as a global leader in the testing equipment industry.<\/p>\n<p>[\/et_pb_text][\/et_pb_column][\/et_pb_row][\/et_pb_section]<\/p>\n<span class=\"et_bloom_bottom_trigger\"><\/span>","protected":false},"excerpt":{"rendered":"<p><div class=\"et_pb_module dsm_perspective_image dsm_perspective_image_0\">\n\t\t\t\t\n\t\t\t\t\n\t\t\t\t\n\t\t\t\t\n\t\t\t\t\n\t\t\t\t\n\t\t\t\t<div class=\"et_pb_module_inner\">\n\t\t\t\t\t<div class=\"dsm-perspective-image-wrapper et_always_center_on_mobile\">\n\t\t\t\t\n\t\t\t\t\n\t\t\t\t<span class=\"et_pb_image_wrap \"><img decoding=\"async\" src=\"https:\/\/lacompro.net\/wp-content\/uploads\/2023\/09\/Alfa_lacompro.jpeg\" alt=\"\" title=\"Alfa_lacompro\" \/><\/span>\n\t\t\t<\/div>\n\t\t\t\t<\/div>\n\t\t\t<\/div><div class=\"et_pb_module dsm_typing_effect dsm_typing_effect_0 et_pb_bg_layout_light \">\n\t\t\t\t\n\t\t\t\t\n\t\t\t\t\n\t\t\t\t\n\t\t\t\t\n\t\t\t\t\n\t\t\t\t<div class=\"et_pb_module_inner\">\n\t\t\t\t\t<h1 class=\"dsm-typing-effect et_pb_module_header\"><span class=\"dsm-before-typing-effect\">Alfa<\/span><br><span class=\"dsm-typing-wrapper\"><span class=\"dsm-typing-strings\">Testing Equipment<\/span><span class=\"dsm-typing\" data-dsm-typing-cursor=\"|\" data-dsm-typing-strings=\"Testing Equipment\" data-dsm-typing-speed=100ms data-dsm-typing-backspeed=50ms data-dsm-typing-backdelay=700ms data-dsm-typing-loop=true data-dsm-typing-fadeout=false data-dsm-typing-shuffle=false data-dsm-typing-delay=0ms data-dsm-typing-viewport=80% data-dsm-typing-repeat=on><\/span><\/span><\/h1>\n\t\t\t\t<\/div>\n\t\t\t<\/div>Since its establishment in 1972, ALFA has been at the forefront of manufacturing testing equipment for a wide range of industries, including concrete, cement, aggregates, soil, asphalt, rock, and steel. With a strong commitment to excellence, they have built a solid reputation for [&hellip;]<\/p>\n","protected":false},"author":2,"featured_media":0,"parent":0,"menu_order":0,"comment_status":"closed","ping_status":"closed","template":"","meta":{"_et_pb_use_builder":"on","_et_pb_old_content":"[et_pb_section fb_built=\"1\" _builder_version=\"4.22.2\" _module_preset=\"default\" global_colors_info=\"{}\" theme_builder_area=\"post_content\"][et_pb_row column_structure=\"1_4,3_4\" _builder_version=\"4.22.2\" _module_preset=\"default\" global_colors_info=\"{}\" theme_builder_area=\"post_content\"][et_pb_column type=\"1_4\" _builder_version=\"4.22.2\" _module_preset=\"default\" global_colors_info=\"{}\" theme_builder_area=\"post_content\"][et_pb_sidebar _builder_version=\"4.22.2\" _module_preset=\"default\" global_colors_info=\"{}\" theme_builder_area=\"post_content\"][\/et_pb_sidebar][\/et_pb_column][et_pb_column type=\"3_4\" _builder_version=\"4.22.2\" _module_preset=\"default\" global_colors_info=\"{}\" theme_builder_area=\"post_content\"][dsm_perspective_image _builder_version=\"4.22.2\" _module_preset=\"default\" theme_builder_area=\"post_content\" title_text=\"Alfa_lacompro\" src=\"https:\/\/lacompro.net\/wp-content\/uploads\/2023\/09\/Alfa_lacompro.jpeg\" hover_enabled=\"0\" sticky_enabled=\"0\"][\/dsm_perspective_image][dsm_typing_effect before_typing_effect=\"Alfa\" typing_effect=\"Equipos de Ensayo\" before_new_line=\"on\" _builder_version=\"4.22.2\" _module_preset=\"default\" hover_enabled=\"0\" global_colors_info=\"{}\" theme_builder_area=\"post_content\" sticky_enabled=\"0\"][\/dsm_typing_effect][et_pb_text _builder_version=\"4.22.2\" _module_preset=\"default\" hover_enabled=\"0\" global_colors_info=\"{}\" theme_builder_area=\"post_content\" sticky_enabled=\"0\"]<p>Desde su creaci\u00f3n en 1972, ALFA ha estado a la vanguardia en la fabricaci\u00f3n de equipos de ensayo para una amplia gama de industrias, incluidas las de hormig\u00f3n, cemento, agregados, suelos, asfalto, rocas y acero. Con un fuerte compromiso con la excelencia, se han ganado una s\u00f3lida reputaci\u00f3n por brindar un soporte excepcional al cliente, garantizar una alta calidad del producto, mantener procesos de producci\u00f3n eficientes y poseer una amplia capacidad tanto a nivel local como internacional. Con m\u00e1s de 45 a\u00f1os de experiencia en la industria de ensayos de materiales, nos hemos destacado en \u00e1reas como marketing, investigaci\u00f3n y desarrollo, servicios al cliente, instalaciones y soporte pos-venta. Hoy en d\u00eda, el logotipo de ALFA es un s\u00edmbolo de garant\u00eda de calidad para nuestros productos, reflejando su inquebrantable dedicaci\u00f3n a la \u00e9tica de trabajo, la confiabilidad y el profesionalismo en el mercado global. Sus logros son el resultado directo de un arduo trabajo incansable y experiencia acumulada. Al mantener su compromiso de ofrecer calidad garantizada, excelente atenci\u00f3n al cliente, tiempos de entrega r\u00e1pidos y asistencia pos-venta integral, ALFA ha exportado con \u00e9xito productos a m\u00e1s de 140 pa\u00edses en todo el mundo, solidificando a\u00fan m\u00e1s nuestra posici\u00f3n como l\u00edder mundial en la industria de equipos de ensayo.<\/p>[\/et_pb_text][\/et_pb_column][\/et_pb_row][\/et_pb_section]","_et_gb_content_width":"","footnotes":""},"class_list":["post-6876","page","type-page","status-publish","hentry"],"_links":{"self":[{"href":"https:\/\/lacompro.net\/en\/wp-json\/wp\/v2\/pages\/6876","targetHints":{"allow":["GET"]}}],"collection":[{"href":"https:\/\/lacompro.net\/en\/wp-json\/wp\/v2\/pages"}],"about":[{"href":"https:\/\/lacompro.net\/en\/wp-json\/wp\/v2\/types\/page"}],"author":[{"embeddable":true,"href":"https:\/\/lacompro.net\/en\/wp-json\/wp\/v2\/users\/2"}],"replies":[{"embeddable":true,"href":"https:\/\/lacompro.net\/en\/wp-json\/wp\/v2\/comments?post=6876"}],"version-history":[{"count":0,"href":"https:\/\/lacompro.net\/en\/wp-json\/wp\/v2\/pages\/6876\/revisions"}],"wp:attachment":[{"href":"https:\/\/lacompro.net\/en\/wp-json\/wp\/v2\/media?parent=6876"}],"curies":[{"name":"wp","href":"https:\/\/api.w.org\/{rel}","templated":true}]}}