{"id":7081,"date":"2024-01-19T14:33:18","date_gmt":"2024-01-19T13:33:18","guid":{"rendered":"https:\/\/lacompro.net\/?page_id=7081"},"modified":"2024-01-19T14:39:45","modified_gmt":"2024-01-19T13:39:45","slug":"wille-geotechnik-automatic-wehner-schulze-friction-test-device","status":"publish","type":"page","link":"https:\/\/lacompro.net\/en\/wille-geotechnik-automatic-wehner-schulze-friction-test-device\/","title":{"rendered":"Wille Geotechnik | Automatic Wehner\/Schulze Friction Test Device"},"content":{"rendered":"<p>[et_pb_section fb_built=&#8221;1&#8243; _builder_version=&#8221;4.22.2&#8243; _module_preset=&#8221;default&#8221; global_colors_info=&#8221;{}&#8221;][et_pb_row column_structure=&#8221;1_4,3_4&#8243; _builder_version=&#8221;4.22.2&#8243; _module_preset=&#8221;default&#8221; global_colors_info=&#8221;{}&#8221;][et_pb_column type=&#8221;1_4&#8243; _builder_version=&#8221;4.22.2&#8243; _module_preset=&#8221;default&#8221; global_colors_info=&#8221;{}&#8221;][et_pb_sidebar area=&#8221;et_pb_widget_area_1&#8243; _builder_version=&#8221;4.23.4&#8243; _module_preset=&#8221;default&#8221; global_colors_info=&#8221;{}&#8221;][\/et_pb_sidebar][\/et_pb_column][et_pb_column type=&#8221;3_4&#8243; _builder_version=&#8221;4.22.2&#8243; _module_preset=&#8221;default&#8221; global_colors_info=&#8221;{}&#8221;][dsm_perspective_image src=&#8221;https:\/\/lacompro.net\/wp-content\/uploads\/2024\/01\/Sin-titulo.jpeg&#8221; alt=&#8221;Wille Geotechnik | Equipo autom\u00e1tico de ensayo por fricci\u00f3n|La Compro.net&#8221; title_text=&#8221;Wille Geotechnik | Equipo autom\u00e1tico de ensayo por fricci\u00f3n&#8221; _builder_version=&#8221;4.23.4&#8243; _module_preset=&#8221;default&#8221; global_colors_info=&#8221;{}&#8221;][\/dsm_perspective_image][et_pb_text _builder_version=&#8221;4.23.4&#8243; _module_preset=&#8221;default&#8221; hover_enabled=&#8221;0&#8243; global_colors_info=&#8221;{}&#8221; sticky_enabled=&#8221;0&#8243;]<\/p>\n<h2><strong>La Compro | Latinoib\u00e9rica de Comercio y Proyectos S.L, We are the distributors for Spain and Latin America of APS Antriebs-, Pruef- und Steuertechnik GmbH (Wille Geotechnik\u00ae\ufe0f)<\/strong><\/h2>\n<p>[\/et_pb_text][dsm_typing_effect before_typing_effect=&#8221;Wille Geotechnik &#8221; typing_effect=&#8221;Automatic Wehner\/Schulze Friction Test Device&#8221; before_new_line=&#8221;on&#8221; _builder_version=&#8221;4.23.4&#8243; _module_preset=&#8221;default&#8221; hover_enabled=&#8221;0&#8243; global_colors_info=&#8221;{}&#8221; sticky_enabled=&#8221;0&#8243;][\/dsm_typing_effect][dsm_perspective_image src=&#8221;https:\/\/lacompro.net\/wp-content\/uploads\/2024\/01\/Wille_Geotechnik_Equipo_automatico_de_ensayo_por_friccion.jpg&#8221; alt=&#8221;Wille Geotechnik | Equipo autom\u00e1tico de ensayo por fricci\u00f3n|La Compro.net&#8221; title_text=&#8221;Wille_Geotechnik_Equipo_automatico_de_ensayo_por_friccion&#8221; align=&#8221;center&#8221; _builder_version=&#8221;4.23.4&#8243; _module_preset=&#8221;default&#8221; global_colors_info=&#8221;{}&#8221;][\/dsm_perspective_image][et_pb_text _builder_version=&#8221;4.23.4&#8243; _module_preset=&#8221;default&#8221; hover_enabled=&#8221;0&#8243; global_colors_info=&#8221;{}&#8221; sticky_enabled=&#8221;0&#8243;]Complete laboratory testing device for skid resistance prediction and polishing resistance of asphalt, concrete and aggregates by Wehner\/Schulze method according to EN 12697-49:2014<\/p>\n<p>After many years of research work in different Universities and material testing institutes a new FAP device is developed, which includes the conclusions of experiences and results.<br \/>\nAPS didn\u00b4t change the original technical measuring concept, but modernized and optimized the technicalcomponents and handling of the system according to international technical requirements and industrial standards in mechanics, electronics and software solution.<br \/>\nExtensive comparative studies were carried out for clear comparison with the results of the previous models.[\/et_pb_text][et_pb_tabs active_tab_background_color=&#8221;#3980f9&#8243; active_tab_text_color=&#8221;#FFFFFF&#8221; _builder_version=&#8221;4.23.4&#8243; _module_preset=&#8221;default&#8221; hover_enabled=&#8221;0&#8243; global_colors_info=&#8221;{}&#8221; sticky_enabled=&#8221;0&#8243;][et_pb_tab title=&#8221;Feautures&#8221; _builder_version=&#8221;4.23.4&#8243; _module_preset=&#8221;default&#8221; hover_enabled=&#8221;0&#8243; global_colors_info=&#8221;{}&#8221; sticky_enabled=&#8221;0&#8243;]<\/p>\n<div class=\"section\">\n<div class=\"tablisting\">\n<p><strong>Main features for model FAP 1000:<\/strong><\/p>\n<ul>\n<li>Polishing station\u00a0with polishing rolls (original\u00a0technical concept)<\/li>\n<li>Better function of pump and mixing system for abrasive-water-mixture\u00a0<\/li>\n<li>Skid resistance measuring station (original technical\u00a0concept) with new developed high accuracy torque\u00a0measuring system<\/li>\n<li>Combined fully automatic test procedure for\u00a0polishing and skid resistance measuring<\/li>\n<li>Stainless steel construction for long lifetime and corrosion protection<\/li>\n<li>New corrosion resistant temperature control system<\/li>\n<li>High quality industrial controller with touch panel\u00a0and graphic display for simultaneous monitoring of\u00a0measured values and test procedures<\/li>\n<li>Different control modes and functions with graphic\u00a0output are available<\/li>\n<li>Programmable test cycles for polishing, cleaning\u00a0and measuring procedures, including definition of\u00a0traveling speed of test table<\/li>\n<li>Control, data acquisition, monitoring and test report\u00a0with advanced software solution for windows 10<\/li>\n<li>Different moulds for mounting the samples in the\u00a0Wehner\/Schulze test device available<\/li>\n<\/ul>\n<\/div>\n<\/div>\n<p>[\/et_pb_tab][et_pb_tab title=&#8221;Specifications&#8221; _builder_version=&#8221;4.23.4&#8243; _module_preset=&#8221;default&#8221; hover_enabled=&#8221;0&#8243; global_colors_info=&#8221;{}&#8221; sticky_enabled=&#8221;0&#8243;]<\/p>\n<p><strong>The following settings are included for the polishing process:<\/strong><\/p>\n<ul>\n<li>Fully automatic test procedure<\/li>\n<li>Speed of the polishing head typically: 500 rpm<\/li>\n<li>Selectable number of overrollings (typically: 90.000)<\/li>\n<li>Constant temperature control for abrasive-water-mixture (typically 14 +\/- 2\u00b0C)<\/li>\n<li>Constant load for polishing head with 392 +\/- 3 N<\/li>\n<li>Flow rate of the water\/quartz flour mixture of 5 l\/minemperature control of the water\/quartz flour mixture from +5 to +40 \u00b0C (typically 8 &#8211; 16 \u00b0C)<\/li>\n<\/ul>\n<p>&nbsp;<\/p>\n<p><strong>The following test parameters are includes for the test process:<\/strong><\/p>\n<ul>\n<li>Fully automatic test procedure<\/li>\n<li>Test Freely selectable discharge speed (test start) of the test head, from 0 &#8211; 100 +\/-5 km\/h<\/li>\n<li>Flow rate of the test water typically: 20 l\/min<\/li>\n<li>Constant test load of 253 +\/- 3 N (weight of the test head)<\/li>\n<\/ul>\n<p>&nbsp;<\/p>\n<table>\n<tbody>\n<tr>\n<td>\n<p>Dimension including electronic cabinet and\u00a0<\/p>\n<p>abrasive\u00a0mixture station (HxWxD)<\/p>\n<\/td>\n<td>2500 x 2600 x 1200 mm<\/td>\n<\/tr>\n<tr>\n<td>Power supply<\/td>\n<td>400 VAC (3Phase) \/ 16 A<\/td>\n<\/tr>\n<tr>\n<td>Weight<\/td>\n<td>\n<p>1.800 kg<\/p>\n<p>(Machine 1.500 kg, Control box 300 kg)<\/p>\n<\/td>\n<\/tr>\n<tr>\n<td>Environmental condition<\/td>\n<td>\n<p>+5 to +40 \u00b0C,<\/p>\n<p>max. 40% rel. humidity<\/p>\n<\/td>\n<\/tr>\n<\/tbody>\n<\/table>\n<p>&nbsp;<\/p>\n<p><strong>Technical requirements:<\/strong><\/p>\n<ul>\n<li>Compressed air for 6 mm nozzle, min. 6 bar<\/li>\n<li>Water supply, min. 2-3 bar<\/li>\n<li>Water drain system (pipes or underground) \u00d8 50 mm, max. 150 mm above floor level<\/li>\n<li>Electrical connection: 400 VAC, 3 Phase<\/li>\n<\/ul>\n<p>[\/et_pb_tab][et_pb_tab title=&#8221;Upgrade Options&#8221; _builder_version=&#8221;4.23.4&#8243; _module_preset=&#8221;default&#8221; hover_enabled=&#8221;0&#8243; global_colors_info=&#8221;{}&#8221; sticky_enabled=&#8221;0&#8243;]<\/p>\n<div class=\"section upgrade_options\">\n<p><strong>Technical specifications for research model FAP 1000-R<\/strong><\/p>\n<p><strong>The following setting options are available for the polishing process:<\/strong><\/p>\n<ul>\n<li>Manual, semi-automatic and fully automatic control of test procedures<\/li>\n<li>Freely selectable speed of the polishing head, from 0 &#8211; 600 min-1 (typically: 500 min-1)<\/li>\n<li>Unlimited (max. 2 millions) settings of overrollings (typically: 90,000)<\/li>\n<li>Flow rate of the water\/quartz flour mixture between 0 \u2013 30 l \/ min (typically: 5 l\/min)<\/li>\n<li>Selectable temperature with control of water\/quartz flour mixture from 5 &#8211; 40 \u00b0C (typically 20 +\/- 2\u00b0C) with 0.1\u00a0degree accuracy<\/li>\n<li>Load of polishing head 392 +\/- 3 N (optional changeable)\u00a0<\/li>\n<\/ul>\n<p><strong>\u00a0<\/strong><\/p>\n<p><strong>The following setting options are available for the skid resistance measuring test process:<\/strong><\/p>\n<ul>\n<li>Manual, semi-automatic and fully automatic control of test procedures<\/li>\n<li>Freely selectable discharge speed (test start) of the test head, from 0 &#8211; 105 km\/h<\/li>\n<li>Flow rate of the test water between 5 &#8211; 30 l\/min (typically: 20 l\/min)<\/li>\n<li>Selectable temperature with control system of test water between 5 &#8211; 40 \u00b0C (typically: 14 +\/- 2\u00b0C) with 0.1 degree accuracy<\/li>\n<li>Load of test head for skid resistance measurement 253 +\/- 3 N (optional changeable)<\/li>\n<li>Measurement of torque with an accuracy of 0.05% or better 0.025 Nm<\/li>\n<\/ul>\n<p>&nbsp;<\/p>\n<p><strong>Supplied with following equipment:<\/strong><\/p>\n<ul>\n<li>Testing machine with polishing and skid resistant measuring testing station, as well as supply units in the\u00a0substructure<\/li>\n<li>Control cabinet, upper section with control panel (touch), Ethernet\/PC interface, control and safety devices<\/li>\n<li>Incorporated container in the lower section for quartz flour\/water treatment and pump<\/li>\n<li>1 set of rubber inserts (1 set = 3 pieces)<\/li>\n<li>1 set of polishing rolls (1 set = 3 pieces)<\/li>\n<li>1 bag of 10 kg quartz flour<\/li>\n<\/ul>\n<\/div>\n<p>[\/et_pb_tab][\/et_pb_tabs][\/et_pb_column][\/et_pb_row][\/et_pb_section]<\/p>\n<span class=\"et_bloom_bottom_trigger\"><\/span>","protected":false},"excerpt":{"rendered":"<p><div class=\"et_pb_module dsm_perspective_image dsm_perspective_image_0\">\n\t\t\t\t\n\t\t\t\t\n\t\t\t\t\n\t\t\t\t\n\t\t\t\t\n\t\t\t\t\n\t\t\t\t<div class=\"et_pb_module_inner\">\n\t\t\t\t\t<div class=\"dsm-perspective-image-wrapper et_always_center_on_mobile\">\n\t\t\t\t\n\t\t\t\t\n\t\t\t\t<span class=\"et_pb_image_wrap \"><img decoding=\"async\" src=\"https:\/\/lacompro.net\/wp-content\/uploads\/2024\/01\/Sin-titulo.jpeg\" alt=\"Wille Geotechnik | Equipo autom\u00e1tico de ensayo por fricci\u00f3n|La Compro.net\" title=\"Wille Geotechnik | Equipo autom\u00e1tico de ensayo por fricci\u00f3n\" \/><\/span>\n\t\t\t<\/div>\n\t\t\t\t<\/div>\n\t\t\t<\/div>La Compro | Latinoib\u00e9rica de Comercio y Proyectos S.L, We are the distributors for Spain and Latin America of APS Antriebs-, Pruef- und Steuertechnik GmbH (Wille Geotechnik\u00ae\ufe0f)<div class=\"et_pb_module dsm_typing_effect dsm_typing_effect_0 et_pb_bg_layout_light \">\n\t\t\t\t\n\t\t\t\t\n\t\t\t\t\n\t\t\t\t\n\t\t\t\t\n\t\t\t\t\n\t\t\t\t<div class=\"et_pb_module_inner\">\n\t\t\t\t\t<h1 class=\"dsm-typing-effect et_pb_module_header\"><span class=\"dsm-before-typing-effect\">&#8221;Wille&nbsp;<\/span><span class=\"dsm-typing-wrapper\"><span class=\"dsm-typing-strings\">&#8221;Automatic<\/span><span class=\"dsm-typing\" data-dsm-typing-cursor=\"|\" data-dsm-typing-strings=\"&amp;#8221;Automatic\" data-dsm-typing-speed=100ms data-dsm-typing-backspeed=50ms data-dsm-typing-backdelay=700ms data-dsm-typing-loop=true data-dsm-typing-fadeout=false data-dsm-typing-shuffle=false data-dsm-typing-delay=0ms data-dsm-typing-viewport=80% data-dsm-typing-repeat=on><\/span><\/span><\/h1>\n\t\t\t\t<\/div>\n\t\t\t<\/div><\/p>\n","protected":false},"author":2,"featured_media":7074,"parent":0,"menu_order":0,"comment_status":"closed","ping_status":"closed","template":"","meta":{"_et_pb_use_builder":"on","_et_pb_old_content":"","_et_gb_content_width":"","footnotes":""},"class_list":["post-7081","page","type-page","status-publish","has-post-thumbnail","hentry"],"_links":{"self":[{"href":"https:\/\/lacompro.net\/en\/wp-json\/wp\/v2\/pages\/7081","targetHints":{"allow":["GET"]}}],"collection":[{"href":"https:\/\/lacompro.net\/en\/wp-json\/wp\/v2\/pages"}],"about":[{"href":"https:\/\/lacompro.net\/en\/wp-json\/wp\/v2\/types\/page"}],"author":[{"embeddable":true,"href":"https:\/\/lacompro.net\/en\/wp-json\/wp\/v2\/users\/2"}],"replies":[{"embeddable":true,"href":"https:\/\/lacompro.net\/en\/wp-json\/wp\/v2\/comments?post=7081"}],"version-history":[{"count":0,"href":"https:\/\/lacompro.net\/en\/wp-json\/wp\/v2\/pages\/7081\/revisions"}],"wp:featuredmedia":[{"embeddable":true,"href":"https:\/\/lacompro.net\/en\/wp-json\/wp\/v2\/media\/7074"}],"wp:attachment":[{"href":"https:\/\/lacompro.net\/en\/wp-json\/wp\/v2\/media?parent=7081"}],"curies":[{"name":"wp","href":"https:\/\/api.w.org\/{rel}","templated":true}]}}