{"id":5968,"date":"2022-11-29T13:15:02","date_gmt":"2022-11-29T12:15:02","guid":{"rendered":"https:\/\/lacompro.net\/producto\/funnel-gl-29\/"},"modified":"2022-11-29T13:15:02","modified_gmt":"2022-11-29T12:15:02","slug":"funnel-gl-29","status":"publish","type":"product","link":"https:\/\/lacompro.net\/en\/producto\/funnel-gl-29\/","title":{"rendered":"FUNNEL (GL-29)"},"content":{"rendered":"<table class=\"blueTable\">\n<thead>\n<tr>\n<th>GL-29\/04<\/th>\n<th>GL-29\/08<\/th>\n<th>GL-29\/10<\/th>\n<\/tr>\n<\/thead>\n<tbody>\n<tr>\n<td>\u00d8 40 mm<\/td>\n<td>\u00d8 80 mm<\/td>\n<td>\u00d8 100 mm<\/td>\n<\/tr>\n<\/tbody>\n<\/table>\n<span class=\"et_bloom_bottom_trigger\"><\/span>","protected":false},"excerpt":{"rendered":"<p>GL-29\/04 GL-29\/08 GL-29\/10 \u00d8 40 mm \u00d8 80 mm \u00d8 100 mm<\/p>\n","protected":false},"featured_media":5723,"comment_status":"closed","ping_status":"closed","template":"","meta":{"_et_pb_use_builder":"","_et_pb_old_content":"","_et_gb_content_width":""},"product_brand":[],"product_cat":[74],"product_tag":[],"class_list":{"0":"post-5968","1":"product","2":"type-product","3":"status-publish","4":"has-post-thumbnail","6":"product_cat-lab-tools","8":"first","9":"instock","10":"shipping-taxable","11":"product-type-simple"},"_links":{"self":[{"href":"https:\/\/lacompro.net\/en\/wp-json\/wp\/v2\/product\/5968","targetHints":{"allow":["GET"]}}],"collection":[{"href":"https:\/\/lacompro.net\/en\/wp-json\/wp\/v2\/product"}],"about":[{"href":"https:\/\/lacompro.net\/en\/wp-json\/wp\/v2\/types\/product"}],"replies":[{"embeddable":true,"href":"https:\/\/lacompro.net\/en\/wp-json\/wp\/v2\/comments?post=5968"}],"wp:featuredmedia":[{"embeddable":true,"href":"https:\/\/lacompro.net\/en\/wp-json\/wp\/v2\/media\/5723"}],"wp:attachment":[{"href":"https:\/\/lacompro.net\/en\/wp-json\/wp\/v2\/media?parent=5968"}],"wp:term":[{"taxonomy":"product_brand","embeddable":true,"href":"https:\/\/lacompro.net\/en\/wp-json\/wp\/v2\/product_brand?post=5968"},{"taxonomy":"product_cat","embeddable":true,"href":"https:\/\/lacompro.net\/en\/wp-json\/wp\/v2\/product_cat?post=5968"},{"taxonomy":"product_tag","embeddable":true,"href":"https:\/\/lacompro.net\/en\/wp-json\/wp\/v2\/product_tag?post=5968"}],"curies":[{"name":"wp","href":"https:\/\/api.w.org\/{rel}","templated":true}]}}