{"id":6010,"date":"2022-11-28T20:47:28","date_gmt":"2022-11-28T19:47:28","guid":{"rendered":"https:\/\/lacompro.net\/producto\/dynamic-shear-rheometer-a-820\/"},"modified":"2022-11-28T20:47:28","modified_gmt":"2022-11-28T19:47:28","slug":"dynamic-shear-rheometer-a-820","status":"publish","type":"product","link":"https:\/\/lacompro.net\/en\/producto\/dynamic-shear-rheometer-a-820\/","title":{"rendered":"DYNAMIC SHEAR RHEOMETER (A-820)"},"content":{"rendered":"<div>\n<p>ASTM D7175 \u2022 ASTM D 4402 \u2022 ASTM D7405 \u2022 EN 14770 \u2022 AASHTO T350<\/p>\n<ul>\n<li>Plate-Plate-Measuring system, peltier temperated consists of a peltier control unit, peltier temperated basic plate, basic plate support, adapter, exchange grip, 2 exchangeable plates (\u00d8 8 mm and \u00d8 25 mm), measuring plate P3 (\u00d8 25 mm), measuring plate P4 (\u00d8 8 mm),<\/li>\n<li>Software for Bitumen tests according to DIN EN 14770, ASTM D7175-08, ASTM D 4402 \/ D4402 M, ASTM D7405-10a, AASHTO T350-14, AASHTO M332-14, AASHTO T315-12, AASHTO TP 70, AASHTO M320-10 for test execution as well as display and analysis of measuring data of:\n<ul>\n<li><strong>CR-Tests<\/strong> (shear rate tests e.g. to realise viscosity test according to ASTM D 4402 \/ D 4402M),<\/li>\n<li><strong>CS-Tests<\/strong> (shear stress tests e.g. to realise Creep Recovery tests, MSCR-Tests acc. to ASTM D7405-10a, AASHTO P70, AASHTO T 350-14 and AASHTO M332-14) and<\/li>\n<li><strong>Oscillation tests<\/strong> (e.g. to determine complex shear modulus and phase angle acc. to ASTM D7175-08, AASHTO T315-12, AASHTO M320-10 and DIN EN 14770)<\/li>\n<\/ul>\n<\/li>\n<li>1 set of trimming tools, 1 set of rubber moulds, 20ml calibration fluid NF 5 000 000<\/li>\n<\/ul>\n<\/div>\n<span class=\"et_bloom_bottom_trigger\"><\/span>","protected":false},"excerpt":{"rendered":"<p>ASTM D7175 \u2022 ASTM D 4402 \u2022 ASTM D7405 \u2022 EN 14770 \u2022 AASHTO T350 Plate-Plate-Measuring system, peltier temperated consists of a peltier control unit, peltier temperated basic plate, basic plate support, adapter, exchange grip, 2 exchangeable plates (\u00d8 8 mm and \u00d8 25 mm), measuring plate P3 (\u00d8 25 mm), measuring plate P4 (\u00d8 [&hellip;]<\/p>\n","protected":false},"featured_media":5602,"comment_status":"closed","ping_status":"closed","template":"","meta":{"_et_pb_use_builder":"","_et_pb_old_content":"","_et_gb_content_width":""},"product_brand":[],"product_cat":[69],"product_tag":[],"class_list":{"0":"post-6010","1":"product","2":"type-product","3":"status-publish","4":"has-post-thumbnail","6":"product_cat-asphalt","8":"first","9":"instock","10":"shipping-taxable","11":"product-type-simple"},"_links":{"self":[{"href":"https:\/\/lacompro.net\/en\/wp-json\/wp\/v2\/product\/6010","targetHints":{"allow":["GET"]}}],"collection":[{"href":"https:\/\/lacompro.net\/en\/wp-json\/wp\/v2\/product"}],"about":[{"href":"https:\/\/lacompro.net\/en\/wp-json\/wp\/v2\/types\/product"}],"replies":[{"embeddable":true,"href":"https:\/\/lacompro.net\/en\/wp-json\/wp\/v2\/comments?post=6010"}],"wp:featuredmedia":[{"embeddable":true,"href":"https:\/\/lacompro.net\/en\/wp-json\/wp\/v2\/media\/5602"}],"wp:attachment":[{"href":"https:\/\/lacompro.net\/en\/wp-json\/wp\/v2\/media?parent=6010"}],"wp:term":[{"taxonomy":"product_brand","embeddable":true,"href":"https:\/\/lacompro.net\/en\/wp-json\/wp\/v2\/product_brand?post=6010"},{"taxonomy":"product_cat","embeddable":true,"href":"https:\/\/lacompro.net\/en\/wp-json\/wp\/v2\/product_cat?post=6010"},{"taxonomy":"product_tag","embeddable":true,"href":"https:\/\/lacompro.net\/en\/wp-json\/wp\/v2\/product_tag?post=6010"}],"curies":[{"name":"wp","href":"https:\/\/api.w.org\/{rel}","templated":true}]}}