{"id":3,"date":"2018-08-23T12:39:40","date_gmt":"2018-08-23T12:39:40","guid":{"rendered":"http:\/\/lacompro.apps-1and1.net\/?page_id=3"},"modified":"2022-10-26T12:50:25","modified_gmt":"2022-10-26T10:50:25","slug":"privacy-policy","status":"publish","type":"page","link":"https:\/\/lacompro.net\/es\/privacy-policy\/","title":{"rendered":"Pol\u00edtica de Privacidad"},"content":{"rendered":"<p>[et_pb_section fb_built=\u00bb1&#8243; admin_label=\u00bbsection\u00bb _builder_version=\u00bb4.16&#8243; global_colors_info=\u00bb{}\u00bb][et_pb_row admin_label=\u00bbrow\u00bb _builder_version=\u00bb4.16&#8243; background_size=\u00bbinitial\u00bb background_position=\u00bbtop_left\u00bb background_repeat=\u00bbrepeat\u00bb global_colors_info=\u00bb{}\u00bb][et_pb_column type=\u00bb4_4&#8243; _builder_version=\u00bb4.16&#8243; custom_padding=\u00bb|||\u00bb global_colors_info=\u00bb{}\u00bb custom_padding__hover=\u00bb|||\u00bb][et_pb_text admin_label=\u00bbText\u00bb _builder_version=\u00bb4.18.0&#8243; background_size=\u00bbinitial\u00bb background_position=\u00bbtop_left\u00bb background_repeat=\u00bbrepeat\u00bb global_colors_info=\u00bb{}\u00bb]<\/p>\n<div class=\"entry-content\">\n<div class=\"post-content\">\n<h2><strong>AVISO LEGAL y Pol\u00edtica de Seguridad y Protecci\u00f3n de Datos de Car\u00e1cter Personal<\/strong><\/h2>\n<p>Su privacidad es importante para nosotros, por ello, en esta Pol\u00edtica explicamos qu\u00e9 datos personales recogemos a trav\u00e9s de nuestra web y las posibles interacciones con usted y c\u00f3mo los utilizamos. Le rogamos que, antes de facilitar sus datos personales, la lea con detenimiento y se asegure de que la ha comprendido debidamente.<\/p>\n<p>Como responsables de esta web, buscamos ofrecer las mayores garant\u00edas legales en relaci\u00f3n con la privacidad de nuestros usuarios y explicar con la mayor claridad y transparencia posible todo lo tiene que ver con el tratamiento de datos personales dentro de esta web.<\/p>\n<p>LATINOIBERICA DE COMERCIO Y PROYECTOS SL ha adecuado esta web a las exigencias de la normativa actual en materia de protecci\u00f3n de datos personales, en especial al Reglamento (UE) 2016\/679 del Parlamento Europeo y del Consejo, de 27 de abril de 2016, relativo a la protecci\u00f3n de las personas f\u00edsicas en lo que respecta al tratamiento de datos personales y a la libre circulaci\u00f3n de estos datos y por el que se deroga la Directiva 95\/46\/CE (Reglamento general de protecci\u00f3n de datos, RGPD) y dem\u00e1s normativa conexa.<\/p>\n<h3><strong>Responsable del Tratamiento y Propietario de este sitio web <br \/><\/strong><\/h3>\n<p>El responsable del tratamiento de sus datos es<br \/>Denominaci\u00f3n social: <strong>LATINOIBERICA DE COMERCIO Y PROYECTOS SL.<\/strong><br \/>NIF: <strong>ESB88101936<\/strong><br \/>Domicilio social: <strong>C\/Estocolmo, 2B 28022 Madrid<\/strong><br \/>Email: <strong>info@lacompro.net<\/strong><\/p>\n<h3><strong>Informaci\u00f3n que tratamos<\/strong><\/h3>\n<p>En el caso de que haga uso de los servicios de la p\u00e1gina Web (<a href=\"https:\/\/www.lacompro.net\">www.lacompro.net<\/a>) que interact\u00faen con usted, nos est\u00e1 facilitando informaci\u00f3n de car\u00e1cter personal de la que LATINOIBERICA DE COMERCIO Y PROYECTOS SL es responsable de su tratamiento.<\/p>\n<h3><strong>Principios tratamiento<\/strong><\/h3>\n<p>En lacompro.net, teniendo en cuenta las exigencias del RGPD, aplicamos los siguientes principios a la hora de tratar sus datos personales:<\/p>\n<ul>\n<li><strong>Principio de licitud, lealtad y transparencia<\/strong>: Siempre le requeriremos su consentimiento para el tratamiento de sus datos personales, para uno o varios fines espec\u00edficos, y le informaremos de ello previamente con absoluta transparencia.<\/li>\n<li><strong>Principio de minimizaci\u00f3n de datos<\/strong>: S\u00f3lo solicitaremos los datos estrictamente necesarios en relaci\u00f3n con los fines para los que los que se requieren<\/li>\n<li><strong>Principio de limitaci\u00f3n del plazo de conservaci\u00f3n<\/strong>: los datos ser\u00e1n mantenidos durante no m\u00e1s tiempo del necesario para los fines del tratamiento, en funci\u00f3n de la finalidad, le informaremos del plazo de conservaci\u00f3n correspondiente.<\/li>\n<li><strong>Principio de integridad y confidencialidad<\/strong>: Sus datos ser\u00e1n tratados de tal manera que se garantice una seguridad y confidencialidad adecuadas. Para su informaci\u00f3n, tomamos todas las precauciones necesarias para evitar el acceso no autorizado o uso indebido de los datos de los usuarios por parte de terceros.<\/li>\n<\/ul>\n<h3><strong>Finalidad del Tratamiento<\/strong><\/h3>\n<p>En LATINOIBERICA DE COMERCIO Y PROYECTOS SL recopilamos y tratamos sus datos personales para proporcionarle nuestros servicios con la mayor calidad posible. En concreto, utilizamos los datos que usted nos proporcione y conforme a las autorizaciones que usted nos conceda para los siguientes fines:<\/p>\n<ul>\n<li>Gestionar los contactos de la organizaci\u00f3n y atender las solicitudes de informaci\u00f3n.<\/li>\n<li>Gestionar la relaci\u00f3n con los Usuarios, as\u00ed como la prestaci\u00f3n de Servicios ofrecidos a trav\u00e9s de la Web (o sobre los que el Usuario haya realizado alguna consulta\/solicitud) y, en general, la gesti\u00f3n, desarrollo y cumplimiento de la relaci\u00f3n establecida entre lacompro.net y quienes aporten sus datos personales a trav\u00e9s del Sitio Web.<\/li>\n<li>Gestionar las dudas, consultas, quejas y reclamaciones que puedan realizarse a lacompro.net.<\/li>\n<li>Enviar boletines de noticias o cuando el Usuario haya dado su autorizaci\u00f3n o registrado para alg\u00fan servicio concreto. En este supuesto, en el momento de la recogida de los datos se le dar\u00e1 al Usuario la oportunidad de negarse a que sean utilizados con dicha finalidad. Adem\u00e1s, en cada env\u00edo se establecer\u00e1 la posibilidad de darse de baja.<\/li>\n<\/ul>\n<p>Cuando los datos personales sean recabados a trav\u00e9s del formulario, ser\u00e1 necesario que usted aporte, al menos, aquellos marcados con un asterisco, ya que si no se suministraran estos datos considerados necesarios, LATINOIBERICA DE COMERCIO Y PROYECTOS SL no podr\u00e1 gestionar el servicio solicitado.<\/p>\n<p>Adem\u00e1s, con la entrega de los datos y\/o con la cumplimentaci\u00f3n de el\/los formulario\/s, usted autoriza a que LATINOIBERICA DE COMERCIO Y PROYECTOS SL utilice la direcci\u00f3n de correo o tel\u00e9fono como medio de comunicaci\u00f3n y garantiza que los datos aportados son verdaderos, exactos, completos y actualizados, consintiendo expresamente el uso, tratamiento y comunicaci\u00f3n de los mismos para las finalidades informadas.<\/p>\n<p>En caso de ser facilitados datos de terceras personas, la persona que los ha facilitado garantiza haber informado a las mismas de los t\u00e9rminos recogidos en el presente apartado.<\/p>\n<p>Para efectuar otros tratamientos distintos a los anteriores, ser\u00e1 necesario obtener su consentimiento expreso, en cuyo caso usted ser\u00e1 debidamente informado de ello en el momento que sea necesario.<\/p>\n<h3><strong>Plazo de conservaci\u00f3n de sus datos<\/strong><\/h3>\n<p>Los datos personales proporcionados se conservar\u00e1n durante el tiempo necesario para cumplir con la finalidad para la que se recabaron y para determinar las posibles responsabilidades que se pudieran derivar de dicha finalidad y del tratamiento de los datos. Cuando ya no sean necesarios para tal fin, mantendremos bloqueados aquellos datos personales que pudieran resultar necesarios durante los plazos legalmente establecidos para atender cualquier cuesti\u00f3n relativa a su tratamiento, expirado dicho plazo legal, los datos ser\u00e1n suprimidos.<\/p>\n<h3><strong>Legitimaci\u00f3n para el tratamiento de sus datos<\/strong><\/h3>\n<p>La base legal para el tratamiento de los datos reside en el consentimiento manifestado por usted, por la existencia de una obligaci\u00f3n legal, por la existencia de un contrato del que usted es parte o bien por el inter\u00e9s leg\u00edtimo de lacompro.net. En cada formulario d\u00f3nde se recaban sus datos, ser\u00e1 informado de la base de legitimaci\u00f3n espec\u00edfica.<\/p>\n<h3><strong>Destinatarios de los datos<\/strong><\/h3>\n<p>LATINOIBERICA DE COMERCIO Y PROYECTOS SL podr\u00e1 comunicar sus datos, exclusivamente para las finalidades indicadas en el apartado \u201cFinalidad del Tratamiento\u201d cuando recaiga sobre ella una obligaci\u00f3n legal, concretamente:<\/p>\n<ul>\n<li>A organismos de la Administraci\u00f3n P\u00fablica para el cumplimiento de las obligaciones legalmente exigidas como, por ejemplo: a la Agencia Tributaria, a la Tesorer\u00eda General de la Seguridad social, Diputaciones Provinciales, en cumplimiento de obligaciones legales de car\u00e1cter laboral o fiscal; a Colegios Profesionales para desempe\u00f1ar los servicios de prevenci\u00f3n de riesgos laborales; a los integrantes de los proyectos europeos, como interesados leg\u00edtimos; a \u00d3rganos Judiciales, las Fuerzas y Cuerpos de Seguridad en el caso de la grabaci\u00f3n de im\u00e1genes y si fueran requeridos por \u00e9stas.<\/li>\n<li>Otras entidades ajenas a LATINOIBERICA DE COMERCIO Y PROYECTOS SL como entidades bancarias para operaciones de cobro\/pago de los servicios asociados, y a entidades aseguradoras y \u00f3rganos judiciales en caso de ejercer alguna reclamaci\u00f3n.<\/li>\n<\/ul>\n<p>En cada formulario d\u00f3nde se recaben sus datos, ser\u00e1 informado de los destinarios o categor\u00edas de destinatarios.<\/p>\n<p>Igualmente, podremos comunicar sus datos a nuestros Encargados de Tratamiento, de los cuales necesitamos su intervenci\u00f3n para la prestaci\u00f3n de nuestros servicios y que actuar\u00e1n en todo momento de conformidad con nuestras instrucciones para garantizar un adecuado y correcto tratamiento de sus datos; el acceso a sus datos por parte de nuestros Encargados de Tratamiento siempre ser\u00e1 el imprescindible para las finalidades que se le han asignado.<\/p>\n<h3><strong>Derechos del Interesado<\/strong><\/h3>\n<p>Usted tiene derecho a conocer si en LATINOIBERICA DE COMERCIO Y PROYECTOS SL tratamos los datos personales que le conciernen o no.<\/p>\n<p>Como interesado, usted tiene derecho a acceder a sus datos personales, as\u00ed como a solicitar la rectificaci\u00f3n de aquellos que sean inexactos o, en su caso, solicitar su supresi\u00f3n cuando, entre otros motivos, los datos ya no sean necesarios para los fines que fueron recogidos originariamente. En determinadas circunstancias, podr\u00e1 solicitar la limitaci\u00f3n del tratamiento de sus datos, en cuyo caso \u00fanicamente los conservaremos para el ejercicio o la defensa de reclamaciones. Igualmente, tambi\u00e9n podr\u00e1 oponerse al tratamiento de sus datos, en cuyo caso LATINOIBERICA DE COMERCIO Y PROYECTOS SL dejar\u00e1 de tratar sus datos salvo que concurran motivos leg\u00edtimos imperiosos o el ejercicio o la defensa de posibles reclamaciones.<\/p>\n<p>Asimismo, usted podr\u00e1 retirar en cualquier momento su consentimiento para el tratamiento de sus datos personales con la misma facilidad que lo prest\u00f3.<\/p>\n<p>Al ejercer su derecho a la portabilidad de los datos, tendr\u00e1 derecho a que los datos personales se transmitan directamente de responsable a responsable cuando sea t\u00e9cnicamente posible.<\/p>\n<p>Usted no ser\u00e1 objeto de una decisi\u00f3n basada \u00fanicamente en el tratamiento automatizado, incluida la elaboraci\u00f3n de perfiles, que le produzca efectos jur\u00eddicos en \u00e9l o le afecte significativamente de modo similar, salvo que concurra alguna circunstancia que as\u00ed lo justifique.<\/p>\n<p>Puede ejercer sus derechos de acceso, rectificaci\u00f3n, supresi\u00f3n y portabilidad de sus datos, de limitaci\u00f3n y oposici\u00f3n a su tratamiento, as\u00ed como a no ser objeto de decisiones basadas \u00fanicamente en el tratamiento automatizado de sus datos y revocaci\u00f3n de consentimiento, cuando procedan, mediante email con la ref. \u201cProtecci\u00f3n de Datos\u201d y fotocopia del DNI a <a href=\"mailto:info@lacompro.net\">info@lacompro.net<\/a>.<\/p>\n<p>En caso de no recibir contestaci\u00f3n por nuestra parte en el plazo de un mes, tendr\u00e1 derecho a la tutela judicial efectiva y a presentar una reclamaci\u00f3n ante la autoridad de control, en este caso, la Agencia Espa\u00f1ola de Protecci\u00f3n de Datos, si considera que el tratamiento de datos personales que le concierne infringe el Reglamento.<\/p>\n<p>LATINOIBERICA DE COMERCIO Y PROYECTOS SL posee perfiles en algunas de las principales redes sociales de Internet (LinkedIn, Instagram, Facebook, Twitter), de forma que es responsable del tratamiento en todos esos casos de los datos de sus seguidores, fans, suscriptores y comentaristas. El tratamiento que LATINOIBERICA DE COMERCIO Y PROYECTOS SL pueda llevar a cabo ser\u00e1 el que la red social permita a los perfiles corporativos. LATINOIBERICA DE COMERCIO Y PROYECTOS SL podr\u00e1 informar a sus seguidores por cualquier v\u00eda que la red social permita sobre sus actividades, servicios, etc. En ning\u00fan caso lacompro.net extraer\u00e1 datos de las redes sociales.<\/p>\n<h3><strong>Exactitud y veracidad de los datos<\/strong><\/h3>\n<p>Usted garantiza que los datos personales facilitados a trav\u00e9s de las diferentes v\u00edas disponibles son veraces y queda obligado a comunicar cualquier modificaci\u00f3n de los mismos.<\/p>\n<p>Como usuario, usted es el \u00fanico responsable de la veracidad y correcci\u00f3n de los datos que remita a lacompro.net y exonera a la entidad de cualquier responsabilidad, da\u00f1os o perjuicios originados al respecto.<\/p>\n<h3><strong>Secreto y Seguridad<\/strong><\/h3>\n<p>LATINOIBERICA DE COMERCIO Y PROYECTOS SL se compromete en el uso y tratamiento de los datos personales a respetar su confidencialidad y a utilizarlos de acuerdo con la finalidad para la que fueron recogidos, as\u00ed como a dar cumplimiento a su obligaci\u00f3n de guardarlos y adoptar todas las medidas para evitar la alteraci\u00f3n, p\u00e9rdida, tratamiento o acceso no autorizado, de conformidad con lo establecido en la normativa vigente de protecci\u00f3n de datos.<\/p>\n<p>Con respecto a la confidencialidad del procesamiento, lacompro.net, se asegurar\u00e1 de que cualquier persona que est\u00e9 autorizada para procesar datos personales (incluido su personal, colaboradores y prestadores), estar\u00e1 bajo la obligaci\u00f3n apropiada de confidencialidad (ya sea un deber contractual o legal).<\/p>\n<p>Cuando se presente alg\u00fan incidente de seguridad se le notificar\u00e1 tan pronto como sea razonablemente posible y se le proporcionar\u00e1 la informaci\u00f3n oportuna relacionada con el Incidente de Seguridad.<\/p>\n<h3><strong>Consentimiento<\/strong><\/h3>\n<p>Usted declara haber sido informado de las condiciones sobre protecci\u00f3n de datos personales y acepta y consiente el tratamiento de los mismos por parte de LATINOIBERICA DE COMERCIO Y PROYECTOS SL en la forma y para las finalidades indicadas en esta pol\u00edtica de privacidad.<\/p>\n<h3><strong>Cambios en la pol\u00edtica de privacidad<\/strong><\/h3>\n<p>LATINOIBERICA DE COMERCIO Y PROYECTOS SL se reserva el derecho a modificar la presente pol\u00edtica para adaptarla a novedades legislativas o jurisprudenciales, as\u00ed como a pr\u00e1cticas de la industria. En dichos supuestos, LATINOIBERICA DE COMERCIO Y PROYECTOS SL, anunciar\u00e1 en esta p\u00e1gina los cambios introducidos con razonable antelaci\u00f3n a su puesta en pr\u00e1ctica.<\/p>\n<p>La presente pol\u00edtica ha sido actualizada el 8 de mayo del 2022. La versi\u00f3n actualizada de esta pol\u00edtica es la \u00fanica v\u00e1lida hasta que no haya otra que la sustituya.<\/p>\n<\/div>\n<\/div>\n<p>[\/et_pb_text][\/et_pb_column][\/et_pb_row][\/et_pb_section]<\/p>\n<span class=\"et_bloom_bottom_trigger\"><\/span>","protected":false},"excerpt":{"rendered":"<p>AVISO LEGAL y Pol\u00edtica de Seguridad y Protecci\u00f3n de Datos de Car\u00e1cter Personal Su privacidad es importante para nosotros, por ello, en esta Pol\u00edtica explicamos qu\u00e9 datos personales recogemos a trav\u00e9s de nuestra web y las posibles interacciones con usted y c\u00f3mo los utilizamos. Le rogamos que, antes de facilitar sus datos personales, la lea [&hellip;]<\/p>\n","protected":false},"author":1,"featured_media":0,"parent":0,"menu_order":0,"comment_status":"closed","ping_status":"open","template":"","meta":{"_et_pb_use_builder":"on","_et_pb_old_content":"<h2>Who we are<\/h2><p>Our website address is: http:\/\/lacompro.es.<\/p><h2>What personal data we collect and why we collect it<\/h2><h3>Comments<\/h3><p>When visitors leave comments on the site we collect the data shown in the comments form, and also the visitor\u2019s IP address and browser user agent string to help spam detection.<\/p><p>An anonymized string created from your email address (also called a hash) may be provided to the Gravatar service to see if you are using it. The Gravatar service privacy policy is available here: https:\/\/automattic.com\/privacy\/. After approval of your comment, your profile picture is visible to the public in the context of your comment.<\/p><h3>Media<\/h3><p>If you upload images to the website, you should avoid uploading images with embedded location data (EXIF GPS) included. Visitors to the website can download and extract any location data from images on the website.<\/p><h3>Contact forms<\/h3><h3>Cookies<\/h3><p>If you leave a comment on our site you may opt-in to saving your name, email address and website in cookies. These are for your convenience so that you do not have to fill in your details again when you leave another comment. These cookies will last for one year.<\/p><p>If you have an account and you log in to this site, we will set a temporary cookie to determine if your browser accepts cookies. This cookie contains no personal data and is discarded when you close your browser.<\/p><p>When you log in, we will also set up several cookies to save your login information and your screen display choices. Login cookies last for two days, and screen options cookies last for a year. If you select \"Remember Me\", your login will persist for two weeks. If you log out of your account, the login cookies will be removed.<\/p><p>If you edit or publish an article, an additional cookie will be saved in your browser. This cookie includes no personal data and simply indicates the post ID of the article you just edited. It expires after 1 day.<\/p><h3>Embedded content from other websites<\/h3><p>Articles on this site may include embedded content (e.g. videos, images, articles, etc.). Embedded content from other websites behaves in the exact same way as if the visitor has visited the other website.<\/p><p>These websites may collect data about you, use cookies, embed additional third-party tracking, and monitor your interaction with that embedded content, including tracking your interaction with the embedded content if you have an account and are logged in to that website.<\/p><h3>Analytics<\/h3><h2>Who we share your data with<\/h2><h2>How long we retain your data<\/h2><p>If you leave a comment, the comment and its metadata are retained indefinitely. This is so we can recognize and approve any follow-up comments automatically instead of holding them in a moderation queue.<\/p><p>For users that register on our website (if any), we also store the personal information they provide in their user profile. All users can see, edit, or delete their personal information at any time (except they cannot change their username). Website administrators can also see and edit that information.<\/p><h2>What rights you have over your data<\/h2><p>If you have an account on this site, or have left comments, you can request to receive an exported file of the personal data we hold about you, including any data you have provided to us. You can also request that we erase any personal data we hold about you. This does not include any data we are obliged to keep for administrative, legal, or security purposes.<\/p><h2>Where we send your data<\/h2><p>Visitor comments may be checked through an automated spam detection service.<\/p><h2>Your contact information<\/h2><h2>Additional information<\/h2><h3>How we protect your data<\/h3><h3>What data breach procedures we have in place<\/h3><h3>What third parties we receive data from<\/h3><h3>What automated decision making and\/or profiling we do with user data<\/h3><h3>Industry regulatory disclosure requirements<\/h3>","_et_gb_content_width":"","footnotes":""},"class_list":["post-3","page","type-page","status-publish","hentry"],"_links":{"self":[{"href":"https:\/\/lacompro.net\/es\/wp-json\/wp\/v2\/pages\/3","targetHints":{"allow":["GET"]}}],"collection":[{"href":"https:\/\/lacompro.net\/es\/wp-json\/wp\/v2\/pages"}],"about":[{"href":"https:\/\/lacompro.net\/es\/wp-json\/wp\/v2\/types\/page"}],"author":[{"embeddable":true,"href":"https:\/\/lacompro.net\/es\/wp-json\/wp\/v2\/users\/1"}],"replies":[{"embeddable":true,"href":"https:\/\/lacompro.net\/es\/wp-json\/wp\/v2\/comments?post=3"}],"version-history":[{"count":0,"href":"https:\/\/lacompro.net\/es\/wp-json\/wp\/v2\/pages\/3\/revisions"}],"wp:attachment":[{"href":"https:\/\/lacompro.net\/es\/wp-json\/wp\/v2\/media?parent=3"}],"curies":[{"name":"wp","href":"https:\/\/api.w.org\/{rel}","templated":true}]}}