{"id":6837,"date":"2023-09-21T15:58:05","date_gmt":"2023-09-21T13:58:05","guid":{"rendered":"https:\/\/lacompro.net\/?page_id=6837"},"modified":"2025-02-06T12:33:46","modified_gmt":"2025-02-06T11:33:46","slug":"infratest","status":"publish","type":"page","link":"https:\/\/lacompro.net\/es\/infratest\/","title":{"rendered":"InfraTest"},"content":{"rendered":"<p>[et_pb_section fb_built=\u00bb1&#8243; _builder_version=\u00bb4.22.2&#8243; _module_preset=\u00bbdefault\u00bb global_colors_info=\u00bb{}\u00bb][et_pb_row column_structure=\u00bb1_4,3_4&#8243; _builder_version=\u00bb4.22.2&#8243; _module_preset=\u00bbdefault\u00bb global_colors_info=\u00bb{}\u00bb][et_pb_column type=\u00bb1_4&#8243; _builder_version=\u00bb4.22.2&#8243; _module_preset=\u00bbdefault\u00bb global_colors_info=\u00bb{}\u00bb][et_pb_sidebar area=\u00bbet_pb_widget_area_1&#8243; _builder_version=\u00bb4.22.2&#8243; _module_preset=\u00bbdefault\u00bb global_colors_info=\u00bb{}\u00bb][\/et_pb_sidebar][\/et_pb_column][et_pb_column type=\u00bb3_4&#8243; _builder_version=\u00bb4.22.2&#8243; _module_preset=\u00bbdefault\u00bb global_colors_info=\u00bb{}\u00bb][dsm_perspective_image src=\u00bbhttps:\/\/lacompro.net\/wp-content\/uploads\/2023\/09\/infratest-testing-systems-logo.png\u00bb alt=\u00bbEquipos Infratest|Lacompro\u00bb title_text=\u00bbEquipos Infratest|Lacompro\u00bb _builder_version=\u00bb4.27.4&#8243; _module_preset=\u00bbdefault\u00bb global_colors_info=\u00bb{}\u00bb][\/dsm_perspective_image][dsm_typing_effect before_typing_effect=\u00bbInfraTest\u00bb typing_effect=\u00bbTest and analysis equipment\u00bb before_new_line=\u00bbon\u00bb _builder_version=\u00bb4.22.2&#8243; _module_preset=\u00bbdefault\u00bb global_colors_info=\u00bb{}\u00bb][\/dsm_typing_effect][et_pb_text _builder_version=\u00bb4.27.4&#8243; _module_preset=\u00bbdefault\u00bb global_colors_info=\u00bb{}\u00bb]<\/p>\n<h3>InfraTest Pr\u00fcftechnik GmbH<\/h3>\n<p>fue fundada en 1991 como empresa comercial en L\u00f6chgau (Baden-W\u00fcrttemberg). En 1995 se traslad\u00f3 a Brackenheim-Botenheim y se instal\u00f3 en un edificio nuevo.<\/p>\n<p>InfraTest Pr\u00fcftechnik GmbH se dedica al desarrollo, fabricaci\u00f3n, distribuci\u00f3n y comercializaci\u00f3n de equipos de prueba y an\u00e1lisis para todo el sector de materiales de construcci\u00f3n. Un equipo de casi 50 empleados desarrolla equipos para ensayos de asfalto, hormig\u00f3n, cemento y suelos, desde m\u00e1quinas de ensayo est\u00e1ndar hasta grandes plantas din\u00e1micas complejas y soluciones de sistemas de laboratorio llave en mano. Una cuarta parte de la fuerza laboral est\u00e1 formada por ingenieros especializados en ingenier\u00eda el\u00e9ctrica y mec\u00e1nica que se ocupan del desarrollo de nuevos equipos de prueba y su mejora adicional.<\/p>\n<p>El enfoque en productos t\u00e9cnicamente avanzados, en l\u00ednea con la misi\u00f3n de la marca: \u00abPruebas sistem\u00e1ticas\u00bb, en La combinaci\u00f3n con un profundo conocimiento de los procesos productivos, nos permite ser considerados como un l\u00edder tecnol\u00f3gico en un segmento industrial con desaf\u00edos en constante cambio. Una cuota de exportaci\u00f3n de casi el 70% nos convierte en una empresa mediana que se ha convertido en un importante proveedor mundial de tecnolog\u00eda de pruebas. Por eso estamos considerados en nuestro sector como l\u00edderes del mercado mundial en la lista de la C\u00e1mara de Comercio e Industria de Heilbronn-Franken.<\/p>\n<p>Los clientes de infraTest Pr\u00fcftechnik GmbH son tambi\u00e9n fabricantes de materiales de construcci\u00f3n, universidades y escuelas secundarias, as\u00ed como diversos tipos de laboratorios de pruebas, instituciones privadas y estatales, as\u00ed como \u00abactores globales\u00bb de la industria de la construcci\u00f3n o \u00abpesos pesados\u00bb de la industria petroqu\u00edmica.<\/p>\n<p>Un servicio r\u00e1pido y eficiente es una parte integral de nuestra filosof\u00eda corporativa. Para cumplir con estos requisitos, hemos creado un centro log\u00edstico en el que podemos almacenar todos los repuestos importantes y enviarlos a todo el mundo en un plazo de 48 horas. Dieciocho ubicaciones internacionales y oficinas de representaci\u00f3n independientes con personal cualificado y capacitado nos ayudan a resolver todo tipo de tareas en el servicio y el soporte posventa.<\/p>\n<p>La sostenibilidad es el n\u00facleo de la estrategia de infraTest Pr\u00fcftechnik GmbH. Por este motivo, las innovaciones, las patentes propias y los procesos con certificaci\u00f3n ISO tienen una alta prioridad en la producci\u00f3n de cada producto. La aplicaci\u00f3n vers\u00e1til de los conocimientos desarrollados por nuestro equipo en Baden-W\u00fcrttemberg bajo la marca \u00abMade in Germany\u00bb es una preocupaci\u00f3n personal de cada empleado.<\/p>\n<p>[\/et_pb_text][\/et_pb_column][\/et_pb_row][\/et_pb_section]<\/p>\n<span class=\"et_bloom_bottom_trigger\"><\/span>","protected":false},"excerpt":{"rendered":"<p><div class=\"et_pb_module dsm_perspective_image dsm_perspective_image_0\">\n\t\t\t\t\n\t\t\t\t\n\t\t\t\t\n\t\t\t\t\n\t\t\t\t\n\t\t\t\t\n\t\t\t\t<div class=\"et_pb_module_inner\">\n\t\t\t\t\t<div class=\"dsm-perspective-image-wrapper et_always_center_on_mobile\">\n\t\t\t\t\n\t\t\t\t\n\t\t\t\t<span class=\"et_pb_image_wrap \"><img decoding=\"async\" src=\"https:\/\/lacompro.net\/wp-content\/uploads\/2023\/09\/infratest-testing-systems-logo.png\" alt=\"Equipos Infratest|Lacompro\" title=\"Equipos Infratest|Lacompro\" \/><\/span>\n\t\t\t<\/div>\n\t\t\t\t<\/div>\n\t\t\t<\/div><div class=\"et_pb_module dsm_typing_effect dsm_typing_effect_0 et_pb_bg_layout_light \">\n\t\t\t\t\n\t\t\t\t\n\t\t\t\t\n\t\t\t\t\n\t\t\t\t\n\t\t\t\t\n\t\t\t\t<div class=\"et_pb_module_inner\">\n\t\t\t\t\t<h1 class=\"dsm-typing-effect et_pb_module_header\"><span class=\"dsm-before-typing-effect\">InfraTest<\/span><br><span class=\"dsm-typing-wrapper\"><span class=\"dsm-typing-strings\">Test and analysis equipment<\/span><span class=\"dsm-typing\" data-dsm-typing-cursor=\"|\" data-dsm-typing-strings=\"Test and analysis equipment\" data-dsm-typing-speed=100ms data-dsm-typing-backspeed=50ms data-dsm-typing-backdelay=700ms data-dsm-typing-loop=true data-dsm-typing-fadeout=false data-dsm-typing-shuffle=false data-dsm-typing-delay=0ms data-dsm-typing-viewport=80% data-dsm-typing-repeat=on><\/span><\/span><\/h1>\n\t\t\t\t<\/div>\n\t\t\t<\/div>InfraTest Pr\u00fcftechnik GmbH fue fundada en 1991 como empresa comercial en L\u00f6chgau (Baden-W\u00fcrttemberg). En 1995 se traslad\u00f3 a Brackenheim-Botenheim y se instal\u00f3 en un edificio nuevo. InfraTest Pr\u00fcftechnik GmbH se dedica al desarrollo, fabricaci\u00f3n, distribuci\u00f3n y comercializaci\u00f3n de [&hellip;]<\/p>\n","protected":false},"author":2,"featured_media":0,"parent":0,"menu_order":0,"comment_status":"closed","ping_status":"closed","template":"","meta":{"_et_pb_use_builder":"on","_et_pb_old_content":"","_et_gb_content_width":"","footnotes":""},"class_list":["post-6837","page","type-page","status-publish","hentry"],"_links":{"self":[{"href":"https:\/\/lacompro.net\/es\/wp-json\/wp\/v2\/pages\/6837","targetHints":{"allow":["GET"]}}],"collection":[{"href":"https:\/\/lacompro.net\/es\/wp-json\/wp\/v2\/pages"}],"about":[{"href":"https:\/\/lacompro.net\/es\/wp-json\/wp\/v2\/types\/page"}],"author":[{"embeddable":true,"href":"https:\/\/lacompro.net\/es\/wp-json\/wp\/v2\/users\/2"}],"replies":[{"embeddable":true,"href":"https:\/\/lacompro.net\/es\/wp-json\/wp\/v2\/comments?post=6837"}],"version-history":[{"count":3,"href":"https:\/\/lacompro.net\/es\/wp-json\/wp\/v2\/pages\/6837\/revisions"}],"predecessor-version":[{"id":7180,"href":"https:\/\/lacompro.net\/es\/wp-json\/wp\/v2\/pages\/6837\/revisions\/7180"}],"wp:attachment":[{"href":"https:\/\/lacompro.net\/es\/wp-json\/wp\/v2\/media?parent=6837"}],"curies":[{"name":"wp","href":"https:\/\/api.w.org\/{rel}","templated":true}]}}