{"id":6869,"date":"2023-09-21T19:02:05","date_gmt":"2023-09-21T17:02:05","guid":{"rendered":"https:\/\/lacompro.net\/?page_id=6869"},"modified":"2024-10-30T12:29:33","modified_gmt":"2024-10-30T11:29:33","slug":"alfa-testing-equipment","status":"publish","type":"page","link":"https:\/\/lacompro.net\/es\/alfa-testing-equipment\/","title":{"rendered":"Alfa Testing Equipment"},"content":{"rendered":"<p>[et_pb_section fb_built=\u00bb1&#8243; _builder_version=\u00bb4.22.2&#8243; _module_preset=\u00bbdefault\u00bb global_colors_info=\u00bb{}\u00bb][et_pb_row column_structure=\u00bb1_4,3_4&#8243; _builder_version=\u00bb4.22.2&#8243; _module_preset=\u00bbdefault\u00bb global_colors_info=\u00bb{}\u00bb][et_pb_column type=\u00bb1_4&#8243; _builder_version=\u00bb4.22.2&#8243; _module_preset=\u00bbdefault\u00bb global_colors_info=\u00bb{}\u00bb][et_pb_sidebar _builder_version=\u00bb4.22.2&#8243; _module_preset=\u00bbdefault\u00bb global_colors_info=\u00bb{}\u00bb][\/et_pb_sidebar][\/et_pb_column][et_pb_column type=\u00bb3_4&#8243; _builder_version=\u00bb4.22.2&#8243; _module_preset=\u00bbdefault\u00bb global_colors_info=\u00bb{}\u00bb][dsm_perspective_image src=\u00bbhttps:\/\/lacompro.net\/wp-content\/uploads\/2023\/09\/Alfa_lacompro.jpeg\u00bb title_text=\u00bbAlfa_lacompro\u00bb _builder_version=\u00bb4.22.2&#8243; _module_preset=\u00bbdefault\u00bb global_colors_info=\u00bb{}\u00bb][\/dsm_perspective_image][dsm_typing_effect before_typing_effect=\u00bbAlfa Testing Equipment\u00bb typing_effect=\u00bbEquipos de Ensayo\u00bb before_new_line=\u00bbon\u00bb _builder_version=\u00bb4.22.2&#8243; _module_preset=\u00bbdefault\u00bb global_colors_info=\u00bb{}\u00bb][\/dsm_typing_effect][et_pb_text _builder_version=\u00bb4.27.2&#8243; _module_preset=\u00bbdefault\u00bb hover_enabled=\u00bb0&#8243; global_colors_info=\u00bb{}\u00bb sticky_enabled=\u00bb0&#8243;]<\/p>\n<p>Alfa Testing Equipment es una empresa vanguardista en fabricaci\u00f3n de equipos de ensayo para una amplia gama de industrias, incluidas las de hormig\u00f3n, cemento, agregados, suelos, asfalto, rocas y acero<\/p>\n<p>Desde su creaci\u00f3n en 1972, ALFA ha estado a la vanguardia en la fabricaci\u00f3n de equipos de ensayo para una amplia gama de industrias, incluidas las de hormig\u00f3n, cemento, agregados, suelos, asfalto, rocas y acero.<\/p>\n<p>Con un fuerte compromiso con la excelencia, se han ganado una s\u00f3lida reputaci\u00f3n por brindar un soporte excepcional al cliente, garantizar una alta calidad del producto, mantener procesos de producci\u00f3n eficientes y poseer una amplia capacidad tanto a nivel local como internacional.<\/p>\n<p>Con m\u00e1s de 45 a\u00f1os de experiencia en la industria de ensayos de materiales, nos hemos destacado en \u00e1reas como marketing, investigaci\u00f3n y desarrollo, servicios al cliente, instalaciones y soporte pos-venta. Hoy en d\u00eda, el logotipo de ALFA es un s\u00edmbolo de garant\u00eda de calidad para nuestros productos, reflejando su inquebrantable dedicaci\u00f3n a la \u00e9tica de trabajo, la confiabilidad y el profesionalismo en el mercado global.<\/p>\n<p>Sus logros son el resultado directo de un arduo trabajo incansable y experiencia acumulada. Al mantener su compromiso de ofrecer calidad garantizada, excelente atenci\u00f3n al cliente, tiempos de entrega r\u00e1pidos y asistencia pos-venta integral, ALFA ha exportado con \u00e9xito productos a m\u00e1s de 140 pa\u00edses en todo el mundo, solidificando a\u00fan m\u00e1s nuestra posici\u00f3n como l\u00edder mundial en la industria de equipos de ensayo.<\/p>\n<p>[\/et_pb_text][\/et_pb_column][\/et_pb_row][\/et_pb_section]<\/p>\n<span class=\"et_bloom_bottom_trigger\"><\/span>","protected":false},"excerpt":{"rendered":"<p><div class=\"et_pb_module dsm_perspective_image dsm_perspective_image_0\">\n\t\t\t\t\n\t\t\t\t\n\t\t\t\t\n\t\t\t\t\n\t\t\t\t\n\t\t\t\t\n\t\t\t\t<div class=\"et_pb_module_inner\">\n\t\t\t\t\t<div class=\"dsm-perspective-image-wrapper et_always_center_on_mobile\">\n\t\t\t\t\n\t\t\t\t\n\t\t\t\t<span class=\"et_pb_image_wrap \"><img decoding=\"async\" src=\"https:\/\/lacompro.net\/wp-content\/uploads\/2023\/09\/Alfa_lacompro.jpeg\" alt=\"\" title=\"Alfa_lacompro\" \/><\/span>\n\t\t\t<\/div>\n\t\t\t\t<\/div>\n\t\t\t<\/div><div class=\"et_pb_module dsm_typing_effect dsm_typing_effect_0 et_pb_bg_layout_light \">\n\t\t\t\t\n\t\t\t\t\n\t\t\t\t\n\t\t\t\t\n\t\t\t\t\n\t\t\t\t\n\t\t\t\t<div class=\"et_pb_module_inner\">\n\t\t\t\t\t<h1 class=\"dsm-typing-effect et_pb_module_header\"><span class=\"dsm-before-typing-effect\">Alfa Testing Equipment<\/span><br><span class=\"dsm-typing-wrapper\"><span class=\"dsm-typing-strings\">Equipos de Ensayo<\/span><span class=\"dsm-typing\" data-dsm-typing-cursor=\"|\" data-dsm-typing-strings=\"Equipos de Ensayo\" data-dsm-typing-speed=100ms data-dsm-typing-backspeed=50ms data-dsm-typing-backdelay=700ms data-dsm-typing-loop=true data-dsm-typing-fadeout=false data-dsm-typing-shuffle=false data-dsm-typing-delay=0ms data-dsm-typing-viewport=80% data-dsm-typing-repeat=on><\/span><\/span><\/h1>\n\t\t\t\t<\/div>\n\t\t\t<\/div>Alfa Testing Equipment es una empresa vanguardista en fabricaci\u00f3n de equipos de ensayo para una amplia gama de industrias, incluidas las de hormig\u00f3n, cemento, agregados, suelos, asfalto, rocas y acero Desde su creaci\u00f3n en 1972, ALFA ha estado a la [&hellip;]<\/p>\n","protected":false},"author":2,"featured_media":0,"parent":0,"menu_order":0,"comment_status":"closed","ping_status":"closed","template":"","meta":{"_et_pb_use_builder":"on","_et_pb_old_content":"","_et_gb_content_width":"","footnotes":""},"class_list":["post-6869","page","type-page","status-publish","hentry"],"_links":{"self":[{"href":"https:\/\/lacompro.net\/es\/wp-json\/wp\/v2\/pages\/6869","targetHints":{"allow":["GET"]}}],"collection":[{"href":"https:\/\/lacompro.net\/es\/wp-json\/wp\/v2\/pages"}],"about":[{"href":"https:\/\/lacompro.net\/es\/wp-json\/wp\/v2\/types\/page"}],"author":[{"embeddable":true,"href":"https:\/\/lacompro.net\/es\/wp-json\/wp\/v2\/users\/2"}],"replies":[{"embeddable":true,"href":"https:\/\/lacompro.net\/es\/wp-json\/wp\/v2\/comments?post=6869"}],"version-history":[{"count":3,"href":"https:\/\/lacompro.net\/es\/wp-json\/wp\/v2\/pages\/6869\/revisions"}],"predecessor-version":[{"id":7139,"href":"https:\/\/lacompro.net\/es\/wp-json\/wp\/v2\/pages\/6869\/revisions\/7139"}],"wp:attachment":[{"href":"https:\/\/lacompro.net\/es\/wp-json\/wp\/v2\/media?parent=6869"}],"curies":[{"name":"wp","href":"https:\/\/api.w.org\/{rel}","templated":true}]}}