{"id":7041,"date":"2024-01-19T12:08:54","date_gmt":"2024-01-19T11:08:54","guid":{"rendered":"https:\/\/lacompro.net\/?page_id=7041"},"modified":"2024-10-30T12:49:12","modified_gmt":"2024-10-30T11:49:12","slug":"wille-geotechnik-equipo-automatico-de-ensayo-por-friccion","status":"publish","type":"page","link":"https:\/\/lacompro.net\/es\/wille-geotechnik-equipo-automatico-de-ensayo-por-friccion\/","title":{"rendered":"Wille Geotechnik | Equipo autom\u00e1tico de ensayo por fricci\u00f3n"},"content":{"rendered":"<p>[et_pb_section fb_built=\u00bb1&#8243; _builder_version=\u00bb4.22.2&#8243; _module_preset=\u00bbdefault\u00bb global_colors_info=\u00bb{}\u00bb][et_pb_row column_structure=\u00bb1_4,3_4&#8243; _builder_version=\u00bb4.22.2&#8243; _module_preset=\u00bbdefault\u00bb global_colors_info=\u00bb{}\u00bb][et_pb_column type=\u00bb1_4&#8243; _builder_version=\u00bb4.22.2&#8243; _module_preset=\u00bbdefault\u00bb global_colors_info=\u00bb{}\u00bb][et_pb_sidebar area=\u00bbet_pb_widget_area_1&#8243; _builder_version=\u00bb4.23.4&#8243; _module_preset=\u00bbdefault\u00bb global_colors_info=\u00bb{}\u00bb][\/et_pb_sidebar][\/et_pb_column][et_pb_column type=\u00bb3_4&#8243; _builder_version=\u00bb4.22.2&#8243; _module_preset=\u00bbdefault\u00bb global_colors_info=\u00bb{}\u00bb][dsm_perspective_image src=\u00bbhttps:\/\/lacompro.net\/wp-content\/uploads\/2024\/01\/Sin-titulo.jpeg\u00bb alt=\u00bbWille Geotechnik | Equipo autom\u00e1tico de ensayo por fricci\u00f3n|La Compro.net\u00bb title_text=\u00bbWille Geotechnik | Equipo autom\u00e1tico de ensayo por fricci\u00f3n\u00bb _builder_version=\u00bb4.23.4&#8243; _module_preset=\u00bbdefault\u00bb global_colors_info=\u00bb{}\u00bb][\/dsm_perspective_image][et_pb_text _builder_version=\u00bb4.23.4&#8243; _module_preset=\u00bbdefault\u00bb global_colors_info=\u00bb{}\u00bb]<\/p>\n<h2><strong>La Compro | Latinoib\u00e9rica de Comercio y Proyectos S.L, somos los distribuidores para Espa\u00f1a y Latinoam\u00e9rica de APS Antriebs-, Pruef- und Steuertechnik GmbH (Wille Geotechnik\u00ae\ufe0f)<\/strong><\/h2>\n<p>[\/et_pb_text][dsm_typing_effect before_typing_effect=\u00bbWille Geotechnik \u00bb typing_effect=\u00bbEquipo autom\u00e1tico de ensayo por fricci\u00f3n\u00bb before_new_line=\u00bbon\u00bb _builder_version=\u00bb4.23.4&#8243; _module_preset=\u00bbdefault\u00bb global_colors_info=\u00bb{}\u00bb][\/dsm_typing_effect][dsm_perspective_image src=\u00bbhttps:\/\/lacompro.net\/wp-content\/uploads\/2024\/01\/Wille_Geotechnik_Equipo_automatico_de_ensayo_por_friccion.jpg\u00bb alt=\u00bbWille Geotechnik | Equipo autom\u00e1tico de ensayo por fricci\u00f3n|La Compro.net\u00bb title_text=\u00bbWille_Geotechnik_Equipo_automatico_de_ensayo_por_friccion\u00bb align=\u00bbcenter\u00bb _builder_version=\u00bb4.23.4&#8243; _module_preset=\u00bbdefault\u00bb global_colors_info=\u00bb{}\u00bb][\/dsm_perspective_image][et_pb_text _builder_version=\u00bb4.27.2&#8243; _module_preset=\u00bbdefault\u00bb hover_enabled=\u00bb0&#8243; global_colors_info=\u00bb{}\u00bb sticky_enabled=\u00bb0&#8243;]<\/p>\n<h1>Wille Geotechnik | Equipo autom\u00e1tico de ensayo por fricci\u00f3n<\/h1>\n<p>Dispositivo completo de ensayo de laboratorio para predicci\u00f3n de la resistencia al deslizamiento y resistencia al pulido de asfalto, hormig\u00f3n y \u00e1ridos mediante el m\u00e9todo Wehner\/Schulze seg\u00fan EN 12697-49:2014<\/p>\n<p>Como resultado, despu\u00e9s de muchos a\u00f1os de trabajo de investigaci\u00f3n en diferentes universidades e institutos de pruebas de materiales, se desarrolla un nuevo dispositivo FAP, que incluye las conclusiones de las experiencias y resultados.<\/p>\n<p>No obstante APS no cambi\u00f3 el concepto t\u00e9cnico de medici\u00f3n original, sino que moderniz\u00f3 y optimiz\u00f3 los componentes t\u00e9cnicos y el manejo del sistema de acuerdo con los requisitos t\u00e9cnicos internacionales y los est\u00e1ndares industriales en mec\u00e1nica, electr\u00f3nica y soluci\u00f3n de software.<br \/>\nAsimismo se han llevado a cabo extensos estudios comparativos para una comparaci\u00f3n clara con los resultados de los modelos anteriores.<\/p>\n<p>The APS Antriebs- Pr\u00fcf- und Steuertechnik GmbH es una de las empresas m\u00e1s \u00aeconocidas de Alemania dentro del campo debido a m\u00e1quinas de ensayo de suelo-roca-asfalto y material bajo la marca de la marca de  Wille Geotechnik.<br \/>\nLa empresa fue fundada en 1990 y comenz\u00f3 a cooperar con la universidad, equipo de investigaci\u00f3n de desarrollo. La Universidad de Gotingen sigue siendo un socio colaborativo clave.[\/et_pb_text][et_pb_tabs active_tab_background_color=\u00bb#3980f9&#8243; active_tab_text_color=\u00bb#FFFFFF\u00bb _builder_version=\u00bb4.23.4&#8243; _module_preset=\u00bbdefault\u00bb global_colors_info=\u00bb{}\u00bb][et_pb_tab title=\u00bbCaracter\u00edsticas\u00bb _builder_version=\u00bb4.23.4&#8243; _module_preset=\u00bbdefault\u00bb global_colors_info=\u00bb{}\u00bb]<\/p>\n<p><strong><span class=\"\">Caracter\u00edsticas principales del modelo FAP 1000:<\/span><\/strong><\/p>\n<ul>\n<li>Estaci\u00f3n de pulido con rodillos de pulido (concepto t\u00e9cnico original)<\/li>\n<li>Mejor funcionamiento de la bomba y del sistema de mezcla para mezcla de agua y abrasivo\u00a0<\/li>\n<li>Estaci\u00f3n de medici\u00f3n de la resistencia al deslizamiento (concepto t\u00e9cnico original) con un nuevo sistema de medici\u00f3n de par de alta precisi\u00f3n desarrollado<\/li>\n<li>Procedimiento de prueba combinado totalmente autom\u00e1tico para medici\u00f3n de pulido y resistencia al deslizamiento<\/li>\n<li>Construcci\u00f3n de acero inoxidable para una larga vida \u00fatil y protecci\u00f3n contra la corrosi\u00f3n.<\/li>\n<li>Nuevo sistema de control de temperatura resistente a la corrosi\u00f3n<\/li>\n<li>Controlador industrial de alta calidad con panel t\u00e1ctil y pantalla gr\u00e1fica para el seguimiento simult\u00e1neo de los valores medidos y los procedimientos de prueba.<\/li>\n<li>Est\u00e1n disponibles diferentes modos de control y funciones con salida gr\u00e1fica.<\/li>\n<li>Ciclos de prueba programables para procedimientos de pulido, limpieza y medici\u00f3n, incluida la definici\u00f3n de la velocidad de desplazamiento de la mesa de prueba.<\/li>\n<li>Control, adquisici\u00f3n de datos, seguimiento e informe de pruebas con soluci\u00f3n de software avanzada para Windows 10.<\/li>\n<li>Disponibles diferentes moldes para montar las muestras en el dispositivo de prueba Wehner\/Schulze<\/li>\n<\/ul>\n<p>[\/et_pb_tab][et_pb_tab title=\u00bbEspecificaciones\u00bb _builder_version=\u00bb4.23.4&#8243; _module_preset=\u00bbdefault\u00bb global_colors_info=\u00bb{}\u00bb]<\/p>\n<p><strong><span>Se incluyen las siguientes configuraciones para el proceso de pulido:<\/span><\/strong><\/p>\n<ul>\n<li><span>Procedimiento de prueba completamente autom\u00e1tico<\/span><\/li>\n<li><span>Velocidad del cabezal de pulido t\u00edpica: 500 rpm<\/span><\/li>\n<li><span>N\u00famero seleccionable de overrollings (normalmente: 90.000)<\/span><\/li>\n<li><span>Control de temperatura constante para la mezcla de agua y abrasivo (normalmente 14 +\/- 2 \u00b0C)<\/span><\/li>\n<li><span>Carga constante para el cabezal de pulido con 392 +\/- 3 N<\/span><\/li>\n<li><span>Caudal de la mezcla de agua\/harina de cuarzo de 5 l\/m\u00edn. Control de temperatura de la mezcla de agua\/harina de cuarzo de +5 a +40 \u00b0C (normalmente 8 &#8211; 16 \u00b0C)<\/span><\/li>\n<\/ul>\n<p>&nbsp;<\/p>\n<p><strong><span>Los siguientes par\u00e1metros de prueba se incluyen para el proceso de prueba:<\/span><\/strong><\/p>\n<ul>\n<li><span>Procedimiento de prueba completamente autom\u00e1tico<\/span><\/li>\n<li><span>Prueba Velocidad de descarga libremente seleccionable (inicio de prueba) del cabezal de prueba, de 0 a 100 +\/-5 km\/h<\/span><\/li>\n<li><span>Caudal del agua de prueba t\u00edpico: 20 l\/min<\/span><\/li>\n<li><span>Carga de prueba constante de 253 +\/- 3 N (peso del cabezal de prueba)<\/span><\/li>\n<\/ul>\n<p>&nbsp;<\/p>\n<table>\n<tbody>\n<tr>\n<td>\n<p><span>Dimensi\u00f3n incluyendo gabinete electr\u00f3nico y\u00a0<\/span><\/p>\n<p><span>estaci\u00f3n de mezcla abrasiva (HxWxD)<\/span><\/p>\n<\/td>\n<td><span>2500x2600x1200mm<\/span><\/td>\n<\/tr>\n<tr>\n<td><span>Fuente de alimentaci\u00f3n<\/span><\/td>\n<td><span>400 VCA (trif\u00e1sico) \/ 16 A<\/span><\/td>\n<\/tr>\n<tr>\n<td><span>Peso<\/span><\/td>\n<td>\n<p><span>1.800 kilos<\/span><\/p>\n<p><span>(M\u00e1quina 1.500 kg, Caja de control 300 kg)<\/span><\/p>\n<\/td>\n<\/tr>\n<tr>\n<td><span>Condicion ambiental<\/span><\/td>\n<td>\n<p><span>+5 a +40 \u00b0C,<\/span><\/p>\n<p><span>m\u00e1x. 40% relativo. humedad<\/span><\/p>\n<\/td>\n<\/tr>\n<\/tbody>\n<\/table>\n<p>&nbsp;<\/p>\n<p><strong><span>Requerimientos t\u00e9cnicos:<\/span><\/strong><\/p>\n<ul>\n<li><span>Aire comprimido para boquilla de 6 mm, m\u00edn. 6 barras<\/span><\/li>\n<li><span>Suministro de agua, m\u00edn. 2-3 barras<\/span><\/li>\n<li><span>Sistema de drenaje de agua (tuber\u00edas o subterr\u00e1neo) \u00d8 50 mm, m\u00e1x. 150 mm sobre el nivel del suelo<\/span><\/li>\n<li><span>Conexi\u00f3n el\u00e9ctrica: 400 VAC, Trif\u00e1sica<\/span><\/li>\n<\/ul>\n<p>[\/et_pb_tab][et_pb_tab title=\u00bbOpciones de Actualizaci\u00f3n\u00bb _builder_version=\u00bb4.23.4&#8243; _module_preset=\u00bbdefault\u00bb global_colors_info=\u00bb{}\u00bb]Especificaciones t\u00e9cnicas del modelo de investigaci\u00f3n FAP 1000-R<\/p>\n<p>Para el proceso de pulido est\u00e1n disponibles las siguientes opciones de configuraci\u00f3n:<\/p>\n<p>    Control manual, semiautom\u00e1tico y totalmente autom\u00e1tico de los procedimientos de prueba.<br \/>\n    Velocidad del cabezal de pulido libremente seleccionable, de 0 a 600 min-1 (normalmente: 500 min-1)<br \/>\n    Configuraciones ilimitadas (m\u00e1x. 2 millones) de overrollings (normalmente: 90.000)<br \/>\n    Caudal de la mezcla de agua y harina de cuarzo entre 0 y 30 l\/min (normalmente: 5 l\/min)<br \/>\n    Temperatura seleccionable con control de la mezcla de agua y harina de cuarzo de 5 a 40 \u00b0C (normalmente 20 +\/- 2 \u00b0C) con una precisi\u00f3n de 0,1 grados<br \/>\n    Carga del cabezal de pulido 392 +\/- 3 N (opcional intercambiable) <\/p>\n<p>Las siguientes opciones de configuraci\u00f3n est\u00e1n disponibles para el proceso de prueba de medici\u00f3n de la resistencia al deslizamiento:<\/p>\n<p>    Control manual, semiautom\u00e1tico y totalmente autom\u00e1tico de los procedimientos de prueba.<br \/>\n    Velocidad de descarga (inicio de prueba) del cabezal de prueba de libre elecci\u00f3n, de 0 a 105 km\/h<br \/>\n    Caudal del agua de prueba entre 5 y 30 l\/min (t\u00edpicamente: 20 l\/min)<br \/>\n    Temperatura seleccionable con sistema de control del agua de prueba entre 5 &#8211; 40 \u00b0C (t\u00edpicamente: 14 +\/- 2 \u00b0C) con precisi\u00f3n de 0,1 grados<br \/>\n    Carga del cabezal de prueba para medici\u00f3n de resistencia al deslizamiento 253 +\/- 3 N (cambiable opcional)<br \/>\n    Medici\u00f3n del par con una precisi\u00f3n del 0,05% o mejor 0,025 Nm<\/p>\n<p>Se suministra con el siguiente equipo:<\/p>\n<p>    M\u00e1quina de pruebas con estaci\u00f3n de prueba de pulido y medici\u00f3n antideslizante, as\u00ed como unidades de suministro en la subestructura<br \/>\n    Armario de control, parte superior con panel de control (t\u00e1ctil), interfaz Ethernet\/PC, dispositivos de control y seguridad<br \/>\n    Contenedor incorporado en la parte inferior para tratamiento harina\/agua de cuarzo y bomba<br \/>\n    1 juego de inserciones de goma (1 juego = 3 piezas)<br \/>\n    1 juego de rodillos de pulido (1 juego = 3 piezas)<br \/>\n    1 bolsa de 10 kg de harina de cuarzo[\/et_pb_tab][\/et_pb_tabs][\/et_pb_column][\/et_pb_row][\/et_pb_section]<\/p>\n<span class=\"et_bloom_bottom_trigger\"><\/span>","protected":false},"excerpt":{"rendered":"<p><div class=\"et_pb_module dsm_perspective_image dsm_perspective_image_0\">\n\t\t\t\t\n\t\t\t\t\n\t\t\t\t\n\t\t\t\t\n\t\t\t\t\n\t\t\t\t\n\t\t\t\t<div class=\"et_pb_module_inner\">\n\t\t\t\t\t<div class=\"dsm-perspective-image-wrapper et_always_center_on_mobile\">\n\t\t\t\t\n\t\t\t\t\n\t\t\t\t<span class=\"et_pb_image_wrap \"><img decoding=\"async\" src=\"https:\/\/lacompro.net\/wp-content\/uploads\/2024\/01\/Sin-titulo.jpeg\" alt=\"Wille Geotechnik | Equipo autom\u00e1tico de ensayo por fricci\u00f3n|La Compro.net\" title=\"Wille Geotechnik | Equipo autom\u00e1tico de ensayo por fricci\u00f3n\" \/><\/span>\n\t\t\t<\/div>\n\t\t\t\t<\/div>\n\t\t\t<\/div>La Compro | Latinoib\u00e9rica de Comercio y Proyectos S.L, somos los distribuidores para Espa\u00f1a y Latinoam\u00e9rica de APS Antriebs-, Pruef- und Steuertechnik GmbH (Wille Geotechnik\u00ae\ufe0f)<div class=\"et_pb_module dsm_typing_effect dsm_typing_effect_0 et_pb_bg_layout_light \">\n\t\t\t\t\n\t\t\t\t\n\t\t\t\t\n\t\t\t\t\n\t\t\t\t\n\t\t\t\t\n\t\t\t\t<div class=\"et_pb_module_inner\">\n\t\t\t\t\t<h1 class=\"dsm-typing-effect et_pb_module_header\"><span class=\"dsm-before-typing-effect\">\u00bbWille&nbsp;<\/span><span class=\"dsm-typing-wrapper\"><span class=\"dsm-typing-strings\">\u00bbEquipo<\/span><span class=\"dsm-typing\" data-dsm-typing-cursor=\"|\" data-dsm-typing-strings=\"\u00bbEquipo\" data-dsm-typing-speed=100ms data-dsm-typing-backspeed=50ms data-dsm-typing-backdelay=700ms data-dsm-typing-loop=true data-dsm-typing-fadeout=false data-dsm-typing-shuffle=false data-dsm-typing-delay=0ms data-dsm-typing-viewport=80% data-dsm-typing-repeat=on><\/span><\/span><\/h1>\n\t\t\t\t<\/div>\n\t\t\t<\/div><\/p>\n","protected":false},"author":2,"featured_media":7073,"parent":0,"menu_order":0,"comment_status":"closed","ping_status":"closed","template":"","meta":{"_et_pb_use_builder":"on","_et_pb_old_content":"","_et_gb_content_width":"","footnotes":""},"class_list":["post-7041","page","type-page","status-publish","has-post-thumbnail","hentry"],"_links":{"self":[{"href":"https:\/\/lacompro.net\/es\/wp-json\/wp\/v2\/pages\/7041","targetHints":{"allow":["GET"]}}],"collection":[{"href":"https:\/\/lacompro.net\/es\/wp-json\/wp\/v2\/pages"}],"about":[{"href":"https:\/\/lacompro.net\/es\/wp-json\/wp\/v2\/types\/page"}],"author":[{"embeddable":true,"href":"https:\/\/lacompro.net\/es\/wp-json\/wp\/v2\/users\/2"}],"replies":[{"embeddable":true,"href":"https:\/\/lacompro.net\/es\/wp-json\/wp\/v2\/comments?post=7041"}],"version-history":[{"count":1,"href":"https:\/\/lacompro.net\/es\/wp-json\/wp\/v2\/pages\/7041\/revisions"}],"predecessor-version":[{"id":7141,"href":"https:\/\/lacompro.net\/es\/wp-json\/wp\/v2\/pages\/7041\/revisions\/7141"}],"wp:featuredmedia":[{"embeddable":true,"href":"https:\/\/lacompro.net\/es\/wp-json\/wp\/v2\/media\/7073"}],"wp:attachment":[{"href":"https:\/\/lacompro.net\/es\/wp-json\/wp\/v2\/media?parent=7041"}],"curies":[{"name":"wp","href":"https:\/\/api.w.org\/{rel}","templated":true}]}}