{"id":87,"date":"2018-08-25T18:39:25","date_gmt":"2018-08-25T18:39:25","guid":{"rendered":"http:\/\/lacompro.es\/?page_id=87"},"modified":"2025-02-27T19:14:37","modified_gmt":"2025-02-27T18:14:37","slug":"noticias","status":"publish","type":"page","link":"https:\/\/lacompro.net\/es\/noticias\/","title":{"rendered":"Noticias"},"content":{"rendered":"<p>[et_pb_section fb_built=\u00bb1&#8243; fullwidth=\u00bbon\u00bb _builder_version=\u00bb4.19.0&#8243; use_background_color_gradient=\u00bbon\u00bb background_color_gradient_stops=\u00bbrgba(51,63,139,0.6) 0%|rgba(51,63,139,0.45) 100%\u00bb background_color_gradient_overlays_image=\u00bbon\u00bb background_image=\u00bbhttps:\/\/lacompro.net\/wp-content\/uploads\/2022\/11\/Meet-our-Business-Service-Advisors.jpg\u00bb global_colors_info=\u00bb{}\u00bb][et_pb_fullwidth_header title=\u00bbNoticias\u00bb subhead=\u00bbTodas las novedades en La Compro\u00bb background_overlay_color=\u00bbrgba(51,63,139,0.74)\u00bb content_max_width_tablet=\u00bb\u00bb content_max_width_phone=\u00bb\u00bb content_max_width_last_edited=\u00bbon|desktop\u00bb _builder_version=\u00bb4.23.1&#8243; title_font=\u00bbRubik||||||||\u00bb title_text_align=\u00bbcenter\u00bb title_font_size=\u00bb48px\u00bb subhead_font=\u00bbRubik||||||||\u00bb subhead_text_align=\u00bbcenter\u00bb subhead_font_size=\u00bb35px\u00bb background_color=\u00bb#333f8b\u00bb use_background_color_gradient=\u00bbon\u00bb background_color_gradient_stops=\u00bb#333f8b 0%|#333f8b 100%\u00bb background_image=\u00bbhttps:\/\/lacompro.net\/wp-content\/uploads\/2023\/11\/coffee-cup-glasses-newspaper.jpg\u00bb background_position=\u00bbcenter_right\u00bb custom_margin_tablet=\u00bb\u00bb custom_margin_phone=\u00bb|-20px||-20px|false|true\u00bb custom_margin_last_edited=\u00bbon|phone\u00bb custom_padding_tablet=\u00bb\u00bb custom_padding_phone=\u00bb10px|0px|10px|0px|true|true\u00bb custom_padding_last_edited=\u00bbon|phone\u00bb title_font_size_tablet=\u00bb48px\u00bb title_font_size_phone=\u00bb39px\u00bb title_font_size_last_edited=\u00bbon|phone\u00bb subhead_font_size_tablet=\u00bb35px\u00bb subhead_font_size_phone=\u00bb30px\u00bb subhead_font_size_last_edited=\u00bbon|phone\u00bb subhead_line_height_tablet=\u00bb\u00bb subhead_line_height_phone=\u00bb1.1em\u00bb subhead_line_height_last_edited=\u00bbon|phone\u00bb global_colors_info=\u00bb{}\u00bb button_one_text_size__hover_enabled=\u00bboff\u00bb button_two_text_size__hover_enabled=\u00bboff\u00bb button_one_text_color__hover_enabled=\u00bboff\u00bb button_two_text_color__hover_enabled=\u00bboff\u00bb button_one_border_width__hover_enabled=\u00bboff\u00bb button_two_border_width__hover_enabled=\u00bboff\u00bb button_one_border_color__hover_enabled=\u00bboff\u00bb button_two_border_color__hover_enabled=\u00bboff\u00bb button_one_border_radius__hover_enabled=\u00bboff\u00bb button_two_border_radius__hover_enabled=\u00bboff\u00bb button_one_letter_spacing__hover_enabled=\u00bboff\u00bb button_two_letter_spacing__hover_enabled=\u00bboff\u00bb button_one_bg_color__hover_enabled=\u00bboff\u00bb button_two_bg_color__hover_enabled=\u00bboff\u00bb][\/et_pb_fullwidth_header][\/et_pb_section][et_pb_section fb_built=\u00bb1&#8243; _builder_version=\u00bb4.23.1&#8243; _module_preset=\u00bbdefault\u00bb global_colors_info=\u00bb{}\u00bb][et_pb_row _builder_version=\u00bb4.27.4&#8243; _module_preset=\u00bbdefault\u00bb][et_pb_column _builder_version=\u00bb4.27.4&#8243; _module_preset=\u00bbdefault\u00bb type=\u00bb4_4&#8243;][et_pb_blog_extras _builder_version=\u00bb4.27.4&#8243; _module_preset=\u00bbdefault\u00bb include_categories=\u00bb22&#8243; show_author=\u00bboff\u00bb show_categories=\u00bboff\u00bb show_comments=\u00bboff\u00bb hover_enabled=\u00bb0&#8243; sticky_enabled=\u00bb0&#8243; header_text_color=\u00bb#E09900&#8243; read_more_text=\u00bbVer m\u00e1s\u00bb][\/et_pb_blog_extras][\/et_pb_column][\/et_pb_row][et_pb_row _builder_version=\u00bb4.27.4&#8243; _module_preset=\u00bbdefault\u00bb][et_pb_column _builder_version=\u00bb4.27.4&#8243; _module_preset=\u00bbdefault\u00bb type=\u00bb4_4&#8243;][et_pb_signup title=\u00bbInscribete a nuestras News\u00bb description=\u00bb<\/p>\n<p>\u00a1Mantente al d\u00eda con lo \u00faltimo en tecnolog\u00eda y soluciones para tus proyectos.!<\/p>\n<p>\u00bfQuieres estar informado sobre las innovaviones m\u00e1s recientes y como estas pueden mejorar tus proyectos? Suscribete a nuestro bolet\u00edn y recibe las actualizaciones m\u00e1s relevantes, estudio de casos, consejos t\u00e9cnicos y soluciones personalizadas directamente en tu correo.<\/p>\n<p>No te pierdas la oportunidad de estar un paso por delante. \u00a1Suscribete ahora y asegura el \u00e9xito de tus proyectos con las mejores herramientas y conocimientos disponibles!<\/p>\n<p>\u00bb _builder_version=\u00bb4.27.4&#8243; _module_preset=\u00bbdefault\u00bb hover_enabled=\u00bb0&#8243; sticky_enabled=\u00bb0&#8243; mailchimp_list=\u00bbLatino Ib\u00e9rica de Comercio y Proyectos SL|378c1c9096&#8243;][\/et_pb_signup][\/et_pb_column][\/et_pb_row][\/et_pb_section]<\/p>\n<span class=\"et_bloom_bottom_trigger\"><\/span>","protected":false},"excerpt":{"rendered":"","protected":false},"author":2,"featured_media":0,"parent":0,"menu_order":0,"comment_status":"closed","ping_status":"closed","template":"","meta":{"_et_pb_use_builder":"on","_et_pb_old_content":"","_et_gb_content_width":"","footnotes":""},"class_list":["post-87","page","type-page","status-publish","hentry"],"_links":{"self":[{"href":"https:\/\/lacompro.net\/es\/wp-json\/wp\/v2\/pages\/87","targetHints":{"allow":["GET"]}}],"collection":[{"href":"https:\/\/lacompro.net\/es\/wp-json\/wp\/v2\/pages"}],"about":[{"href":"https:\/\/lacompro.net\/es\/wp-json\/wp\/v2\/types\/page"}],"author":[{"embeddable":true,"href":"https:\/\/lacompro.net\/es\/wp-json\/wp\/v2\/users\/2"}],"replies":[{"embeddable":true,"href":"https:\/\/lacompro.net\/es\/wp-json\/wp\/v2\/comments?post=87"}],"version-history":[{"count":1,"href":"https:\/\/lacompro.net\/es\/wp-json\/wp\/v2\/pages\/87\/revisions"}],"predecessor-version":[{"id":7213,"href":"https:\/\/lacompro.net\/es\/wp-json\/wp\/v2\/pages\/87\/revisions\/7213"}],"wp:attachment":[{"href":"https:\/\/lacompro.net\/es\/wp-json\/wp\/v2\/media?parent=87"}],"curies":[{"name":"wp","href":"https:\/\/api.w.org\/{rel}","templated":true}]}}