{"id":4129,"date":"2022-10-27T14:05:00","date_gmt":"2022-10-27T12:05:00","guid":{"rendered":"https:\/\/lacompro.net\/es\/?post_type=product&#038;p=4129"},"modified":"2023-02-21T18:49:26","modified_gmt":"2023-02-21T17:49:26","slug":"muffle-furnace-g-050","status":"publish","type":"product","link":"https:\/\/lacompro.net\/es\/producto\/muffle-furnace-g-050\/","title":{"rendered":"HORNO MUFFLA  (G-050)"},"content":{"rendered":"<p>Se utiliza para calentamiento en temperaturas altas y secado.<\/p>\n<ul>\n<li>Est\u00e1 provisto de control de temperatura PID.<\/li>\n<li>Lleva un rango de temperatura desde ambiente a otra temperatura deseada. La carga frontal y la doble cubierta del horno proveen un f\u00e1cil acceso y una superficie exterior fr\u00eda.<\/li>\n<li>Los dispositivos de calentamiento se apoyan en tubos de cer\u00e1mica. Una importante ventaja de esto es que la reposici\u00f3n del componente es muy f\u00e1cil y econ\u00f3mica.<\/li>\n<li>El aislante de la masa t\u00e9rmica baja conlleva a una velocidad de calentamiento sorprendente as\u00ed como un aislamiento eficiente.<\/li>\n<li>La puerta cuenta con un cierre de seguridad que a\u00edsla la energ\u00eda una vez que esta est\u00e1 abierta.<\/li>\n<\/ul>\n<span class=\"et_bloom_bottom_trigger\"><\/span>","protected":false},"excerpt":{"rendered":"<p>MUFFLE FURNACE (G-050)<\/p>\n","protected":false},"featured_media":4132,"comment_status":"closed","ping_status":"closed","template":"","meta":{"_et_pb_use_builder":"","_et_pb_old_content":"","_et_gb_content_width":""},"product_brand":[],"product_cat":[44],"product_tag":[],"class_list":{"0":"post-4129","1":"product","2":"type-product","3":"status-publish","4":"has-post-thumbnail","6":"product_cat-general","8":"first","9":"instock","10":"shipping-taxable","11":"product-type-simple"},"_links":{"self":[{"href":"https:\/\/lacompro.net\/es\/wp-json\/wp\/v2\/product\/4129","targetHints":{"allow":["GET"]}}],"collection":[{"href":"https:\/\/lacompro.net\/es\/wp-json\/wp\/v2\/product"}],"about":[{"href":"https:\/\/lacompro.net\/es\/wp-json\/wp\/v2\/types\/product"}],"replies":[{"embeddable":true,"href":"https:\/\/lacompro.net\/es\/wp-json\/wp\/v2\/comments?post=4129"}],"wp:featuredmedia":[{"embeddable":true,"href":"https:\/\/lacompro.net\/es\/wp-json\/wp\/v2\/media\/4132"}],"wp:attachment":[{"href":"https:\/\/lacompro.net\/es\/wp-json\/wp\/v2\/media?parent=4129"}],"wp:term":[{"taxonomy":"product_brand","embeddable":true,"href":"https:\/\/lacompro.net\/es\/wp-json\/wp\/v2\/product_brand?post=4129"},{"taxonomy":"product_cat","embeddable":true,"href":"https:\/\/lacompro.net\/es\/wp-json\/wp\/v2\/product_cat?post=4129"},{"taxonomy":"product_tag","embeddable":true,"href":"https:\/\/lacompro.net\/es\/wp-json\/wp\/v2\/product_tag?post=4129"}],"curies":[{"name":"wp","href":"https:\/\/api.w.org\/{rel}","templated":true}]}}