{"id":4264,"date":"2022-11-15T13:12:57","date_gmt":"2022-11-15T12:12:57","guid":{"rendered":"https:\/\/lacompro.net\/?post_type=product&#038;p=4264"},"modified":"2023-02-21T18:53:28","modified_gmt":"2023-02-21T17:53:28","slug":"horno-de-laboratorio-g-030","status":"publish","type":"product","link":"https:\/\/lacompro.net\/es\/producto\/horno-de-laboratorio-g-030\/","title":{"rendered":"HORNO DE LABORATORIO (G-030)"},"content":{"rendered":"<p>EN 932:5 \u2022 ASTM C127 \u2022 BS 1377<\/p>\n<ul>\n<li>Se utiliza para secado, acondicionamiento y determinaci\u00f3n de la humedad.<\/li>\n<li>Est\u00e1 equipado con un termostato digital y un indicador de rango desde temperatura ambiente hasta 200\u00b0C (392\u00b0F). Termostato para prevenir el sobrecalentamiento accidental y para proporcionar un entorno de trabajo seguro.<\/li>\n<li>La temperatura m\u00e1xima se regula con el controlador PID y va hasta un m\u00e1ximo valor establecido.<\/li>\n<li>La c\u00e1mara interna es de acero inoxidable y la superficie exterior del horno tiene pintura electrost\u00e1tica (disponible en acero inoxidable). Entre la c\u00e1mara interna y la carcasa exterior se utiliza lana mineral para el aislamiento.<\/li>\n<li>Cuenta con orificios de escape para la liberaci\u00f3n de humedad y el enfriamiento r\u00e1pido.<\/li>\n<li>El ventilador de circulaci\u00f3n de aire, que est\u00e1 montado en la pared del fondo, proporciona un flujo de aire de convecci\u00f3n forzado para uniformar la temperatura interna.<\/li>\n<li>Est\u00e1 equipado con repisas de rejilla para permitir el flujo de aire. Estas pueden regularse y\/o quitarse f\u00e1cilmente.<\/li>\n<\/ul>\n<span class=\"et_bloom_bottom_trigger\"><\/span>","protected":false},"excerpt":{"rendered":"<p>HORNO DE LABORATORIO (G-030) EN 932:5 \u2022 ASTM C127 \u2022 BS 1377<\/p>\n","protected":false},"featured_media":4265,"comment_status":"closed","ping_status":"closed","template":"","meta":{"_et_pb_use_builder":"","_et_pb_old_content":"","_et_gb_content_width":""},"product_brand":[],"product_cat":[44],"product_tag":[],"class_list":{"0":"post-4264","1":"product","2":"type-product","3":"status-publish","4":"has-post-thumbnail","6":"product_cat-general","8":"first","9":"instock","10":"shipping-taxable","11":"product-type-simple"},"_links":{"self":[{"href":"https:\/\/lacompro.net\/es\/wp-json\/wp\/v2\/product\/4264","targetHints":{"allow":["GET"]}}],"collection":[{"href":"https:\/\/lacompro.net\/es\/wp-json\/wp\/v2\/product"}],"about":[{"href":"https:\/\/lacompro.net\/es\/wp-json\/wp\/v2\/types\/product"}],"replies":[{"embeddable":true,"href":"https:\/\/lacompro.net\/es\/wp-json\/wp\/v2\/comments?post=4264"}],"wp:featuredmedia":[{"embeddable":true,"href":"https:\/\/lacompro.net\/es\/wp-json\/wp\/v2\/media\/4265"}],"wp:attachment":[{"href":"https:\/\/lacompro.net\/es\/wp-json\/wp\/v2\/media?parent=4264"}],"wp:term":[{"taxonomy":"product_brand","embeddable":true,"href":"https:\/\/lacompro.net\/es\/wp-json\/wp\/v2\/product_brand?post=4264"},{"taxonomy":"product_cat","embeddable":true,"href":"https:\/\/lacompro.net\/es\/wp-json\/wp\/v2\/product_cat?post=4264"},{"taxonomy":"product_tag","embeddable":true,"href":"https:\/\/lacompro.net\/es\/wp-json\/wp\/v2\/product_tag?post=4264"}],"curies":[{"name":"wp","href":"https:\/\/api.w.org\/{rel}","templated":true}]}}