{"id":4311,"date":"2022-11-15T18:06:07","date_gmt":"2022-11-15T17:06:07","guid":{"rendered":"https:\/\/lacompro.net\/?post_type=product&#038;p=4311"},"modified":"2023-02-21T18:55:19","modified_gmt":"2023-02-21T17:55:19","slug":"camara-climatica-g-035","status":"publish","type":"product","link":"https:\/\/lacompro.net\/es\/producto\/camara-climatica-g-035\/","title":{"rendered":"C\u00c1MARA CLIM\u00c1TICA (G-035)"},"content":{"rendered":"<p>Se utiliza para mantener las muestras a una temperatura y humedad espec\u00edfica.<\/p>\n<ul>\n<li>La c\u00e1mara interna es de acero inoxidable.<\/li>\n<li>La carcasa est\u00e1 provista de un termostato digital para controlar la temperatura. La humedad del interior de la c\u00e1mara puede controlarse mediante el panel digital de<br \/>\ncontrol.<\/li>\n<li>Cuenta con repisas graduables.<\/li>\n<li>Est\u00e1 equipada con un ventilador de circulaci\u00f3n de aire para garantizar condiciones homog\u00e9neas al interior de la c\u00e1mara.<\/li>\n<\/ul>\n<span class=\"et_bloom_bottom_trigger\"><\/span>","protected":false},"excerpt":{"rendered":"<p>Se utiliza para mantener las muestras a una temperatura y humedad espec\u00edfica. La c\u00e1mara interna es de acero inoxidable. La carcasa est\u00e1 provista de un termostato digital para controlar la temperatura. La humedad del interior de la c\u00e1mara puede controlarse mediante el panel digital de control. Cuenta con repisas graduables. Est\u00e1 equipada con un ventilador [&hellip;]<\/p>\n","protected":false},"featured_media":4314,"comment_status":"closed","ping_status":"closed","template":"","meta":{"_et_pb_use_builder":"","_et_pb_old_content":"","_et_gb_content_width":""},"product_brand":[],"product_cat":[44],"product_tag":[],"class_list":{"0":"post-4311","1":"product","2":"type-product","3":"status-publish","4":"has-post-thumbnail","6":"product_cat-general","8":"first","9":"instock","10":"shipping-taxable","11":"product-type-simple"},"_links":{"self":[{"href":"https:\/\/lacompro.net\/es\/wp-json\/wp\/v2\/product\/4311","targetHints":{"allow":["GET"]}}],"collection":[{"href":"https:\/\/lacompro.net\/es\/wp-json\/wp\/v2\/product"}],"about":[{"href":"https:\/\/lacompro.net\/es\/wp-json\/wp\/v2\/types\/product"}],"replies":[{"embeddable":true,"href":"https:\/\/lacompro.net\/es\/wp-json\/wp\/v2\/comments?post=4311"}],"wp:featuredmedia":[{"embeddable":true,"href":"https:\/\/lacompro.net\/es\/wp-json\/wp\/v2\/media\/4314"}],"wp:attachment":[{"href":"https:\/\/lacompro.net\/es\/wp-json\/wp\/v2\/media?parent=4311"}],"wp:term":[{"taxonomy":"product_brand","embeddable":true,"href":"https:\/\/lacompro.net\/es\/wp-json\/wp\/v2\/product_brand?post=4311"},{"taxonomy":"product_cat","embeddable":true,"href":"https:\/\/lacompro.net\/es\/wp-json\/wp\/v2\/product_cat?post=4311"},{"taxonomy":"product_tag","embeddable":true,"href":"https:\/\/lacompro.net\/es\/wp-json\/wp\/v2\/product_tag?post=4311"}],"curies":[{"name":"wp","href":"https:\/\/api.w.org\/{rel}","templated":true}]}}