{"id":4316,"date":"2022-11-15T18:13:25","date_gmt":"2022-11-15T17:13:25","guid":{"rendered":"https:\/\/lacompro.net\/?post_type=product&#038;p=4316"},"modified":"2023-02-21T18:57:09","modified_gmt":"2023-02-21T17:57:09","slug":"unidad-de-destilacion-de-agua-g-045","status":"publish","type":"product","link":"https:\/\/lacompro.net\/es\/producto\/unidad-de-destilacion-de-agua-g-045\/","title":{"rendered":"UNIDAD DE DESTILACI\u00d3N DE AGUA (G-045)"},"content":{"rendered":"<p>Se utiliza para destilar agua para fines de laboratorio con una capacidad de 3 litros por hora.<\/p>\n<ul>\n<li>La c\u00e1mara interior est\u00e1 hecha de acero inoxidable.<\/li>\n<li>La cubierta exterior es de aluminio con acabado esmaltado y horneado<\/li>\n<li>Est\u00e1 equipado con un man\u00f3metro que sirve para controlar la presi\u00f3n del agua al interior.<\/li>\n<\/ul>\n<span class=\"et_bloom_bottom_trigger\"><\/span>","protected":false},"excerpt":{"rendered":"<p>Se utiliza para destilar agua para fines de laboratorio con una capacidad de 3 litros por hora. La c\u00e1mara interior est\u00e1 hecha de acero inoxidable. La cubierta exterior es de aluminio con acabado esmaltado y horneado Est\u00e1 equipado con un man\u00f3metro que sirve para controlar la presi\u00f3n del agua al interior.<\/p>\n","protected":false},"featured_media":4317,"comment_status":"closed","ping_status":"closed","template":"","meta":{"_et_pb_use_builder":"","_et_pb_old_content":"","_et_gb_content_width":""},"product_brand":[],"product_cat":[44],"product_tag":[],"class_list":{"0":"post-4316","1":"product","2":"type-product","3":"status-publish","4":"has-post-thumbnail","6":"product_cat-general","8":"first","9":"instock","10":"shipping-taxable","11":"product-type-simple"},"_links":{"self":[{"href":"https:\/\/lacompro.net\/es\/wp-json\/wp\/v2\/product\/4316","targetHints":{"allow":["GET"]}}],"collection":[{"href":"https:\/\/lacompro.net\/es\/wp-json\/wp\/v2\/product"}],"about":[{"href":"https:\/\/lacompro.net\/es\/wp-json\/wp\/v2\/types\/product"}],"replies":[{"embeddable":true,"href":"https:\/\/lacompro.net\/es\/wp-json\/wp\/v2\/comments?post=4316"}],"wp:featuredmedia":[{"embeddable":true,"href":"https:\/\/lacompro.net\/es\/wp-json\/wp\/v2\/media\/4317"}],"wp:attachment":[{"href":"https:\/\/lacompro.net\/es\/wp-json\/wp\/v2\/media?parent=4316"}],"wp:term":[{"taxonomy":"product_brand","embeddable":true,"href":"https:\/\/lacompro.net\/es\/wp-json\/wp\/v2\/product_brand?post=4316"},{"taxonomy":"product_cat","embeddable":true,"href":"https:\/\/lacompro.net\/es\/wp-json\/wp\/v2\/product_cat?post=4316"},{"taxonomy":"product_tag","embeddable":true,"href":"https:\/\/lacompro.net\/es\/wp-json\/wp\/v2\/product_tag?post=4316"}],"curies":[{"name":"wp","href":"https:\/\/api.w.org\/{rel}","templated":true}]}}