{"id":4319,"date":"2022-11-15T18:24:43","date_gmt":"2022-11-15T17:24:43","guid":{"rendered":"https:\/\/lacompro.net\/?post_type=product&#038;p=4319"},"modified":"2023-02-21T18:57:27","modified_gmt":"2023-02-21T17:57:27","slug":"bano-de-agua-g-040","status":"publish","type":"product","link":"https:\/\/lacompro.net\/es\/producto\/bano-de-agua-g-040\/","title":{"rendered":"BA\u00d1O DE AGUA (G-040)"},"content":{"rendered":"<p>EN 12697:34 \u2022 ASTM D1559 \u2022 ASTM D5581 \u2022 AASHTO T245<\/p>\n<p>Se utiliza para curar la muestra a una temperatura constante.<\/p>\n<ul>\n<li>El exterior est\u00e1 fabricado de acero con pintura electrost\u00e1tica. El tanque interior y la cubierta son de acero inoxidable anticorrosivo.<\/li>\n<li>Est\u00e1 provisto de una repisa de acero inoxidable perforada que permanece al fondo del tanque para asegurar una temperatura uniforme.<\/li>\n<li>Est\u00e1 equipado con un termorregulador digital con rango de temperatura desde ambiente hasta 82\u00b0C (180\u00b0F) y un indicador luminoso de calentamiento.<\/li>\n<li>El tanque se encuentra aislado de la cabina exterior mediante lana mineral espesa para reducir la p\u00e9rdida t\u00e9rmica y para mantener una temperatura constante.<\/li>\n<li>Se encuentra disponible en 2 diferentes capacidades y con o sin circulaci\u00f3n de agua.<\/li>\n<\/ul>\n<p><strong>EQUIPADO CON<\/strong><\/p>\n<ul>\n<li>Termostato e indicador digital<\/li>\n<li>Cubierta de acero inoxidable<\/li>\n<li>Repisa de base<\/li>\n<li>L\u00e1mpara de indicaci\u00f3n<\/li>\n<\/ul>\n<span class=\"et_bloom_bottom_trigger\"><\/span>","protected":false},"excerpt":{"rendered":"<p>EN 12697:34 \u2022 ASTM D1559 \u2022 ASTM D5581 \u2022 AASHTO T245 Se utiliza para curar la muestra a una temperatura constante. El exterior est\u00e1 fabricado de acero con pintura electrost\u00e1tica. El tanque interior y la cubierta son de acero inoxidable anticorrosivo. Est\u00e1 provisto de una repisa de acero inoxidable perforada que permanece al fondo del [&hellip;]<\/p>\n","protected":false},"featured_media":4327,"comment_status":"closed","ping_status":"closed","template":"","meta":{"_et_pb_use_builder":"","_et_pb_old_content":"","_et_gb_content_width":""},"product_brand":[],"product_cat":[44],"product_tag":[],"class_list":{"0":"post-4319","1":"product","2":"type-product","3":"status-publish","4":"has-post-thumbnail","6":"product_cat-general","8":"first","9":"instock","10":"shipping-taxable","11":"product-type-simple"},"_links":{"self":[{"href":"https:\/\/lacompro.net\/es\/wp-json\/wp\/v2\/product\/4319","targetHints":{"allow":["GET"]}}],"collection":[{"href":"https:\/\/lacompro.net\/es\/wp-json\/wp\/v2\/product"}],"about":[{"href":"https:\/\/lacompro.net\/es\/wp-json\/wp\/v2\/types\/product"}],"replies":[{"embeddable":true,"href":"https:\/\/lacompro.net\/es\/wp-json\/wp\/v2\/comments?post=4319"}],"wp:featuredmedia":[{"embeddable":true,"href":"https:\/\/lacompro.net\/es\/wp-json\/wp\/v2\/media\/4327"}],"wp:attachment":[{"href":"https:\/\/lacompro.net\/es\/wp-json\/wp\/v2\/media?parent=4319"}],"wp:term":[{"taxonomy":"product_brand","embeddable":true,"href":"https:\/\/lacompro.net\/es\/wp-json\/wp\/v2\/product_brand?post=4319"},{"taxonomy":"product_cat","embeddable":true,"href":"https:\/\/lacompro.net\/es\/wp-json\/wp\/v2\/product_cat?post=4319"},{"taxonomy":"product_tag","embeddable":true,"href":"https:\/\/lacompro.net\/es\/wp-json\/wp\/v2\/product_tag?post=4319"}],"curies":[{"name":"wp","href":"https:\/\/api.w.org\/{rel}","templated":true}]}}