{"id":4357,"date":"2022-11-15T20:05:58","date_gmt":"2022-11-15T19:05:58","guid":{"rendered":"https:\/\/lacompro.net\/?post_type=product&#038;p=4357"},"modified":"2023-02-23T11:28:30","modified_gmt":"2023-02-23T10:28:30","slug":"cestas-densidad-g-100-wb","status":"publish","type":"product","link":"https:\/\/lacompro.net\/es\/producto\/cestas-densidad-g-100-wb\/","title":{"rendered":"CESTAS  DENSIDAD (G-100\/WB)"},"content":{"rendered":"<ul>\n<li>La canasta est\u00e1 fabricada en acero inoxidable.<\/li>\n<li>Tiene un di\u00e1metro de 200 mm.<\/li>\n<li>Est\u00e1 fabricada como un pieza entera con agarrador.<\/li>\n<\/ul>\n<span class=\"et_bloom_bottom_trigger\"><\/span>","protected":false},"excerpt":{"rendered":"<p>La canasta est\u00e1 fabricada en acero inoxidable. Tiene un di\u00e1metro de 200 mm. Est\u00e1 fabricada como un pieza entera con agarrador.<\/p>\n","protected":false},"featured_media":4358,"comment_status":"closed","ping_status":"closed","template":"","meta":{"_et_pb_use_builder":"","_et_pb_old_content":"","_et_gb_content_width":""},"product_brand":[],"product_cat":[44],"product_tag":[],"class_list":{"0":"post-4357","1":"product","2":"type-product","3":"status-publish","4":"has-post-thumbnail","6":"product_cat-general","8":"first","9":"instock","10":"shipping-taxable","11":"product-type-simple"},"_links":{"self":[{"href":"https:\/\/lacompro.net\/es\/wp-json\/wp\/v2\/product\/4357","targetHints":{"allow":["GET"]}}],"collection":[{"href":"https:\/\/lacompro.net\/es\/wp-json\/wp\/v2\/product"}],"about":[{"href":"https:\/\/lacompro.net\/es\/wp-json\/wp\/v2\/types\/product"}],"replies":[{"embeddable":true,"href":"https:\/\/lacompro.net\/es\/wp-json\/wp\/v2\/comments?post=4357"}],"wp:featuredmedia":[{"embeddable":true,"href":"https:\/\/lacompro.net\/es\/wp-json\/wp\/v2\/media\/4358"}],"wp:attachment":[{"href":"https:\/\/lacompro.net\/es\/wp-json\/wp\/v2\/media?parent=4357"}],"wp:term":[{"taxonomy":"product_brand","embeddable":true,"href":"https:\/\/lacompro.net\/es\/wp-json\/wp\/v2\/product_brand?post=4357"},{"taxonomy":"product_cat","embeddable":true,"href":"https:\/\/lacompro.net\/es\/wp-json\/wp\/v2\/product_cat?post=4357"},{"taxonomy":"product_tag","embeddable":true,"href":"https:\/\/lacompro.net\/es\/wp-json\/wp\/v2\/product_tag?post=4357"}],"curies":[{"name":"wp","href":"https:\/\/api.w.org\/{rel}","templated":true}]}}