{"id":4388,"date":"2022-11-16T11:25:20","date_gmt":"2022-11-16T10:25:20","guid":{"rendered":"https:\/\/lacompro.net\/?post_type=product&#038;p=4388"},"modified":"2023-02-23T11:32:20","modified_gmt":"2023-02-23T10:32:20","slug":"bastidor-de-gravedad-especifica-g-100","status":"publish","type":"product","link":"https:\/\/lacompro.net\/es\/producto\/bastidor-de-gravedad-especifica-g-100\/","title":{"rendered":"BASTIDOR DE GRAVEDAD ESPEC\u00cdFICA (G-100)"},"content":{"rendered":"<p>ASTM C127<\/p>\n<ul>\n<li style=\"list-style-type: none;\">\n<ul>\n<li>El armaz\u00f3n puede utilizarse para determinar la gravedad espec\u00edfica de materiales s\u00f3lidos (concreto, agregado, etc.).<\/li>\n<li>El sistema consiste de un armaz\u00f3n altamente r\u00edgido con una plataforma m\u00f3vil incorporada en la parte inferior, tanque de agua y una canasta para densidades.<\/li>\n<li>La balanza debe pedirse por separado.<\/li>\n<\/ul>\n<\/li>\n<\/ul>\n<span class=\"et_bloom_bottom_trigger\"><\/span>","protected":false},"excerpt":{"rendered":"<p>ASTM C127 El armaz\u00f3n puede utilizarse para determinar la gravedad espec\u00edfica de materiales s\u00f3lidos (concreto, agregado, etc.). El sistema consiste de un armaz\u00f3n altamente r\u00edgido con una plataforma m\u00f3vil incorporada en la parte inferior, tanque de agua y una canasta para densidades. La balanza debe pedirse por separado.<\/p>\n","protected":false},"featured_media":4393,"comment_status":"closed","ping_status":"closed","template":"","meta":{"_et_pb_use_builder":"","_et_pb_old_content":"","_et_gb_content_width":""},"product_brand":[],"product_cat":[44],"product_tag":[],"class_list":{"0":"post-4388","1":"product","2":"type-product","3":"status-publish","4":"has-post-thumbnail","6":"product_cat-general","8":"first","9":"instock","10":"shipping-taxable","11":"product-type-simple"},"_links":{"self":[{"href":"https:\/\/lacompro.net\/es\/wp-json\/wp\/v2\/product\/4388","targetHints":{"allow":["GET"]}}],"collection":[{"href":"https:\/\/lacompro.net\/es\/wp-json\/wp\/v2\/product"}],"about":[{"href":"https:\/\/lacompro.net\/es\/wp-json\/wp\/v2\/types\/product"}],"replies":[{"embeddable":true,"href":"https:\/\/lacompro.net\/es\/wp-json\/wp\/v2\/comments?post=4388"}],"wp:featuredmedia":[{"embeddable":true,"href":"https:\/\/lacompro.net\/es\/wp-json\/wp\/v2\/media\/4393"}],"wp:attachment":[{"href":"https:\/\/lacompro.net\/es\/wp-json\/wp\/v2\/media?parent=4388"}],"wp:term":[{"taxonomy":"product_brand","embeddable":true,"href":"https:\/\/lacompro.net\/es\/wp-json\/wp\/v2\/product_brand?post=4388"},{"taxonomy":"product_cat","embeddable":true,"href":"https:\/\/lacompro.net\/es\/wp-json\/wp\/v2\/product_cat?post=4388"},{"taxonomy":"product_tag","embeddable":true,"href":"https:\/\/lacompro.net\/es\/wp-json\/wp\/v2\/product_tag?post=4388"}],"curies":[{"name":"wp","href":"https:\/\/api.w.org\/{rel}","templated":true}]}}