{"id":4395,"date":"2022-11-16T11:28:31","date_gmt":"2022-11-16T10:28:31","guid":{"rendered":"https:\/\/lacompro.net\/?post_type=product&#038;p=4395"},"modified":"2023-02-23T11:31:28","modified_gmt":"2023-02-23T10:31:28","slug":"cuarteadores-de-muestras-g-080","status":"publish","type":"product","link":"https:\/\/lacompro.net\/es\/producto\/cuarteadores-de-muestras-g-080\/","title":{"rendered":"CUARTEADORES DE MUESTRAS (G-080)"},"content":{"rendered":"<p>ASTM C136 \u2022 AASHTO T27 \u2022 EN 933:3<\/p>\n<ul>\n<li>Est\u00e1 dise\u00f1ado para dividir agregado, tierra, arena y grava en dos mitades representativas.<\/li>\n<li>Est\u00e1 elaborado en acero esmaltado con pintura electrost\u00e1tica.<\/li>\n<\/ul>\n<span class=\"et_bloom_bottom_trigger\"><\/span>","protected":false},"excerpt":{"rendered":"<p>ASTM C136 \u2022 AASHTO T27 \u2022 EN 933:3 Est\u00e1 dise\u00f1ado para dividir agregado, tierra, arena y grava en dos mitades representativas. Est\u00e1 elaborado en acero esmaltado con pintura electrost\u00e1tica.<\/p>\n","protected":false},"featured_media":4396,"comment_status":"closed","ping_status":"closed","template":"","meta":{"_et_pb_use_builder":"","_et_pb_old_content":"","_et_gb_content_width":""},"product_brand":[],"product_cat":[44,40,45],"product_tag":[],"class_list":{"0":"post-4395","1":"product","2":"type-product","3":"status-publish","4":"has-post-thumbnail","6":"product_cat-general","7":"product_cat-aridos","8":"product_cat-mining","10":"first","11":"instock","12":"shipping-taxable","13":"product-type-simple"},"_links":{"self":[{"href":"https:\/\/lacompro.net\/es\/wp-json\/wp\/v2\/product\/4395","targetHints":{"allow":["GET"]}}],"collection":[{"href":"https:\/\/lacompro.net\/es\/wp-json\/wp\/v2\/product"}],"about":[{"href":"https:\/\/lacompro.net\/es\/wp-json\/wp\/v2\/types\/product"}],"replies":[{"embeddable":true,"href":"https:\/\/lacompro.net\/es\/wp-json\/wp\/v2\/comments?post=4395"}],"wp:featuredmedia":[{"embeddable":true,"href":"https:\/\/lacompro.net\/es\/wp-json\/wp\/v2\/media\/4396"}],"wp:attachment":[{"href":"https:\/\/lacompro.net\/es\/wp-json\/wp\/v2\/media?parent=4395"}],"wp:term":[{"taxonomy":"product_brand","embeddable":true,"href":"https:\/\/lacompro.net\/es\/wp-json\/wp\/v2\/product_brand?post=4395"},{"taxonomy":"product_cat","embeddable":true,"href":"https:\/\/lacompro.net\/es\/wp-json\/wp\/v2\/product_cat?post=4395"},{"taxonomy":"product_tag","embeddable":true,"href":"https:\/\/lacompro.net\/es\/wp-json\/wp\/v2\/product_tag?post=4395"}],"curies":[{"name":"wp","href":"https:\/\/api.w.org\/{rel}","templated":true}]}}