{"id":4398,"date":"2022-11-16T11:35:57","date_gmt":"2022-11-16T10:35:57","guid":{"rendered":"https:\/\/lacompro.net\/?post_type=product&#038;p=4398"},"modified":"2023-02-23T20:40:18","modified_gmt":"2023-02-23T19:40:18","slug":"cuarteador-de-muestras-de-gran-capacidad-g-081","status":"publish","type":"product","link":"https:\/\/lacompro.net\/es\/producto\/cuarteador-de-muestras-de-gran-capacidad-g-081\/","title":{"rendered":"CUARTEADOR DE MUESTRAS UNIVERSAL DE GRAN CAPACIDAD (G-081)"},"content":{"rendered":"<p>ASTM C136 \u2022 AASHTO T27 \u2022 EN 933:3<\/p>\n<ul>\n<li>Est\u00e1 dise\u00f1ado para dividir grandes cantidades de agregado, tierra, arena y grava en dos porciones representativas.<\/li>\n<li>El ancho de cada canaleta es de 1\/2\u201d.<\/li>\n<li>Est\u00e1 equipado con tolvas de salida de acero.<\/li>\n<li>Est\u00e1 elaborado en acero para uso industrial.<\/li>\n<li>Est\u00e1 provisto de dos bandejas de recolecci\u00f3n.<\/li>\n<\/ul>\n<span class=\"et_bloom_bottom_trigger\"><\/span>","protected":false},"excerpt":{"rendered":"<p>ASTM C136 \u2022 AASHTO T27 \u2022 EN 933:3 Est\u00e1 dise\u00f1ado para dividir grandes cantidades de agregado, tierra, arena y grava en dos porciones representativas. El ancho de cada canaleta es de 1\/2\u201d. Est\u00e1 equipado con tolvas de salida de acero. Est\u00e1 elaborado en acero para uso industrial. Est\u00e1 provisto de dos bandejas de recolecci\u00f3n.<\/p>\n","protected":false},"featured_media":4399,"comment_status":"closed","ping_status":"closed","template":"","meta":{"_et_pb_use_builder":"","_et_pb_old_content":"","_et_gb_content_width":""},"product_brand":[],"product_cat":[40,44],"product_tag":[],"class_list":{"0":"post-4398","1":"product","2":"type-product","3":"status-publish","4":"has-post-thumbnail","6":"product_cat-aridos","7":"product_cat-general","9":"first","10":"instock","11":"shipping-taxable","12":"product-type-simple"},"_links":{"self":[{"href":"https:\/\/lacompro.net\/es\/wp-json\/wp\/v2\/product\/4398","targetHints":{"allow":["GET"]}}],"collection":[{"href":"https:\/\/lacompro.net\/es\/wp-json\/wp\/v2\/product"}],"about":[{"href":"https:\/\/lacompro.net\/es\/wp-json\/wp\/v2\/types\/product"}],"replies":[{"embeddable":true,"href":"https:\/\/lacompro.net\/es\/wp-json\/wp\/v2\/comments?post=4398"}],"wp:featuredmedia":[{"embeddable":true,"href":"https:\/\/lacompro.net\/es\/wp-json\/wp\/v2\/media\/4399"}],"wp:attachment":[{"href":"https:\/\/lacompro.net\/es\/wp-json\/wp\/v2\/media?parent=4398"}],"wp:term":[{"taxonomy":"product_brand","embeddable":true,"href":"https:\/\/lacompro.net\/es\/wp-json\/wp\/v2\/product_brand?post=4398"},{"taxonomy":"product_cat","embeddable":true,"href":"https:\/\/lacompro.net\/es\/wp-json\/wp\/v2\/product_cat?post=4398"},{"taxonomy":"product_tag","embeddable":true,"href":"https:\/\/lacompro.net\/es\/wp-json\/wp\/v2\/product_tag?post=4398"}],"curies":[{"name":"wp","href":"https:\/\/api.w.org\/{rel}","templated":true}]}}