{"id":4446,"date":"2022-11-16T14:17:57","date_gmt":"2022-11-16T13:17:57","guid":{"rendered":"https:\/\/lacompro.net\/?post_type=product&#038;p=4446"},"modified":"2023-02-23T21:06:39","modified_gmt":"2023-02-23T20:06:39","slug":"laboratorio-movil-ml-001","status":"publish","type":"product","link":"https:\/\/lacompro.net\/es\/producto\/laboratorio-movil-ml-001\/","title":{"rendered":"Laboratorio M\u00f3vil (ML-001)"},"content":{"rendered":"<p>Ofrecemos una completa l\u00ednea de Laboratorios m\u00f3viles dise\u00f1ados especialmente para todo tipo de medio ambiente (climas fr\u00edos o tropicales).:<\/p>\n<ul>\n<li>Contenedor<\/li>\n<li>Montado en remolque<\/li>\n<li>Montado en vagoneta \/ furgoneta<\/li>\n<\/ul>\n<span class=\"et_bloom_bottom_trigger\"><\/span>","protected":false},"excerpt":{"rendered":"<p>Ofrecemos una completa l\u00ednea de Laboratorios m\u00f3viles dise\u00f1ados especialmente para todo tipo de medio ambiente (climas fr\u00edos o tropicales).: Contenedor Montado en remolque Montado en vagoneta \/ furgoneta<\/p>\n","protected":false},"featured_media":4454,"comment_status":"closed","ping_status":"closed","template":"","meta":{"_et_pb_use_builder":"off","_et_pb_old_content":"Ofrecemos una completa l\u00ednea de Laboratorios m\u00f3viles dise\u00f1ados especialmente para todo tipo de medio ambiente (climas fr\u00edos o tropicales).:\r\n<ul>\r\n \t<li>Contenedor<\/li>\r\n \t<li>Montado en remolque<\/li>\r\n \t<li>Montado en vagoneta \/ furgoneta<\/li>\r\n<\/ul>","_et_gb_content_width":""},"product_brand":[],"product_cat":[73],"product_tag":[],"class_list":{"0":"post-4446","1":"product","2":"type-product","3":"status-publish","4":"has-post-thumbnail","6":"product_cat-laboratorio-movil","8":"first","9":"instock","10":"shipping-taxable","11":"product-type-simple"},"_links":{"self":[{"href":"https:\/\/lacompro.net\/es\/wp-json\/wp\/v2\/product\/4446","targetHints":{"allow":["GET"]}}],"collection":[{"href":"https:\/\/lacompro.net\/es\/wp-json\/wp\/v2\/product"}],"about":[{"href":"https:\/\/lacompro.net\/es\/wp-json\/wp\/v2\/types\/product"}],"replies":[{"embeddable":true,"href":"https:\/\/lacompro.net\/es\/wp-json\/wp\/v2\/comments?post=4446"}],"wp:featuredmedia":[{"embeddable":true,"href":"https:\/\/lacompro.net\/es\/wp-json\/wp\/v2\/media\/4454"}],"wp:attachment":[{"href":"https:\/\/lacompro.net\/es\/wp-json\/wp\/v2\/media?parent=4446"}],"wp:term":[{"taxonomy":"product_brand","embeddable":true,"href":"https:\/\/lacompro.net\/es\/wp-json\/wp\/v2\/product_brand?post=4446"},{"taxonomy":"product_cat","embeddable":true,"href":"https:\/\/lacompro.net\/es\/wp-json\/wp\/v2\/product_cat?post=4446"},{"taxonomy":"product_tag","embeddable":true,"href":"https:\/\/lacompro.net\/es\/wp-json\/wp\/v2\/product_tag?post=4446"}],"curies":[{"name":"wp","href":"https:\/\/api.w.org\/{rel}","templated":true}]}}