{"id":4696,"date":"2022-11-22T18:51:52","date_gmt":"2022-11-22T17:51:52","guid":{"rendered":"https:\/\/lacompro.net\/?post_type=product&#038;p=4696"},"modified":"2023-02-23T11:44:02","modified_gmt":"2023-02-23T10:44:02","slug":"prensas-de-compresion-b-001-b-004","status":"publish","type":"product","link":"https:\/\/lacompro.net\/es\/producto\/prensas-de-compresion-b-001-b-004\/","title":{"rendered":"PRENSAS DE COMPRESI\u00d3N (B-001 \/ B-004)"},"content":{"rendered":"<p>ASTM C39 \u2022 EN 12390-4<\/p>\n<ul>\n<li>Se utiliza para probar la resistencia a la compresi\u00f3n de cubos\/cilindros de hormig\u00f3n de diferentes tama\u00f1os.<\/li>\n<li>ALFA es la primera empresa en el mundo en fabricar probadores de compresi\u00f3n controlados por computadora.<\/li>\n<li>El dise\u00f1o r\u00edgido proporciona estabilidad y fuerza para una mejor experiencia de uso.<\/li>\n<li>El marco de carga, ya sea monobloque o construcci\u00f3n fabricada con 4 columnas, lleva la placa superior con asiento esf\u00e9rico que se ajusta para aplicar una carga homog\u00e9nea en la muestra.<\/li>\n<li>El plato inferior est\u00e1 ubicado en el pist\u00f3n de carga que est\u00e1 protegido contra la suciedad por una cubierta.<\/li>\n<li>El asiento de bola y los conjuntos de placa inferior se suministran de manera que coincidan con la capacidad de la m\u00e1quina y las muestras que se van a probar, lo que garantiza una alineaci\u00f3n precisa y una prueba estable y repetible.<\/li>\n<li>Todos los diferentes modelos han sido dise\u00f1ados con referencia a las Normas Internacionales (ASTM C39 y EN 12390-4), asegurando de que las m\u00e1quinas puedan cumplir f\u00e1cilmente con los est\u00e1ndares y, cuando corresponda, se puedan suministrar con la certificaci\u00f3n pertinente para la precisi\u00f3n de la calibraci\u00f3n y otros par\u00e1metros.<\/li>\n<li>Se suministra completo con discos espaciadores (se pueden pedir discos espaciadores adicionales por separado).<\/li>\n<\/ul>\n<table width=\"734\">\n<tbody>\n<tr>\n<td><strong>NUEVA SERIE DE PANTALLA T\u00c1CTIL<\/strong><br \/>\nSiguiendo las \u00faltimas tecnolog\u00edas, nuestro equipo de R&amp;D ha introducido recientemente nuevos controladores de pantalla t\u00e1ctil.<\/td>\n<td><img loading=\"lazy\" decoding=\"async\" class=\"alignnone wp-image-4697 size-medium\" src=\"https:\/\/lacompro.net\/wp-content\/uploads\/2022\/11\/2COMPRESSION_TESTER_B-001-B-004-300x176.png\" alt=\"\" width=\"300\" height=\"176\" \/><\/td>\n<\/tr>\n<\/tbody>\n<\/table>\n<span class=\"et_bloom_bottom_trigger\"><\/span>","protected":false},"excerpt":{"rendered":"<p>ASTM C39 \u2022 EN 12390-4 Se utiliza para probar la resistencia a la compresi\u00f3n de cubos\/cilindros de hormig\u00f3n de diferentes tama\u00f1os. ALFA es la primera empresa en el mundo en fabricar probadores de compresi\u00f3n controlados por computadora. El dise\u00f1o r\u00edgido proporciona estabilidad y fuerza para una mejor experiencia de uso. El marco de carga, ya [&hellip;]<\/p>\n","protected":false},"featured_media":4705,"comment_status":"closed","ping_status":"closed","template":"","meta":{"_et_pb_use_builder":"","_et_pb_old_content":"","_et_gb_content_width":""},"product_brand":[],"product_cat":[43],"product_tag":[],"class_list":{"0":"post-4696","1":"product","2":"type-product","3":"status-publish","4":"has-post-thumbnail","6":"product_cat-hormigon","8":"first","9":"instock","10":"shipping-taxable","11":"product-type-simple"},"_links":{"self":[{"href":"https:\/\/lacompro.net\/es\/wp-json\/wp\/v2\/product\/4696","targetHints":{"allow":["GET"]}}],"collection":[{"href":"https:\/\/lacompro.net\/es\/wp-json\/wp\/v2\/product"}],"about":[{"href":"https:\/\/lacompro.net\/es\/wp-json\/wp\/v2\/types\/product"}],"replies":[{"embeddable":true,"href":"https:\/\/lacompro.net\/es\/wp-json\/wp\/v2\/comments?post=4696"}],"wp:featuredmedia":[{"embeddable":true,"href":"https:\/\/lacompro.net\/es\/wp-json\/wp\/v2\/media\/4705"}],"wp:attachment":[{"href":"https:\/\/lacompro.net\/es\/wp-json\/wp\/v2\/media?parent=4696"}],"wp:term":[{"taxonomy":"product_brand","embeddable":true,"href":"https:\/\/lacompro.net\/es\/wp-json\/wp\/v2\/product_brand?post=4696"},{"taxonomy":"product_cat","embeddable":true,"href":"https:\/\/lacompro.net\/es\/wp-json\/wp\/v2\/product_cat?post=4696"},{"taxonomy":"product_tag","embeddable":true,"href":"https:\/\/lacompro.net\/es\/wp-json\/wp\/v2\/product_tag?post=4696"}],"curies":[{"name":"wp","href":"https:\/\/api.w.org\/{rel}","templated":true}]}}