{"id":5207,"date":"2022-11-24T22:59:42","date_gmt":"2022-11-24T21:59:42","guid":{"rendered":"https:\/\/lacompro.net\/?post_type=product&#038;p=5207"},"modified":"2023-02-24T14:34:18","modified_gmt":"2023-02-24T13:34:18","slug":"maquina-clasificacion-de-multiples-capas-m-042","status":"publish","type":"product","link":"https:\/\/lacompro.net\/es\/producto\/maquina-clasificacion-de-multiples-capas-m-042\/","title":{"rendered":"M\u00e1quina Clasificaci\u00f3n de M\u00faltiples Capas (M-042)"},"content":{"rendered":"<div>\n<ul>\n<li>Used specially in mining labs where large quantities of sieving is required.<\/li>\n<li>Two sieves with decks, each of 300 x 500 mm size, and the openings are 10 mm and 5 mm unless otherwise specified during the order.<\/li>\n<li>Plastic boxes, as collectors, are supplied for each deck.<\/li>\n<\/ul>\n<\/div>\n<span class=\"et_bloom_bottom_trigger\"><\/span>","protected":false},"excerpt":{"rendered":"<p>Used specially in mining labs where large quantities of sieving is required. Two sieves with decks, each of 300 x 500 mm size, and the openings are 10 mm and 5 mm unless otherwise specified during the order. Plastic boxes, as collectors, are supplied for each deck.<\/p>\n","protected":false},"featured_media":5208,"comment_status":"closed","ping_status":"closed","template":"","meta":{"_et_pb_use_builder":"","_et_pb_old_content":"","_et_gb_content_width":""},"product_brand":[],"product_cat":[45],"product_tag":[],"class_list":{"0":"post-5207","1":"product","2":"type-product","3":"status-publish","4":"has-post-thumbnail","6":"product_cat-mining","8":"first","9":"instock","10":"shipping-taxable","11":"product-type-simple"},"_links":{"self":[{"href":"https:\/\/lacompro.net\/es\/wp-json\/wp\/v2\/product\/5207","targetHints":{"allow":["GET"]}}],"collection":[{"href":"https:\/\/lacompro.net\/es\/wp-json\/wp\/v2\/product"}],"about":[{"href":"https:\/\/lacompro.net\/es\/wp-json\/wp\/v2\/types\/product"}],"replies":[{"embeddable":true,"href":"https:\/\/lacompro.net\/es\/wp-json\/wp\/v2\/comments?post=5207"}],"wp:featuredmedia":[{"embeddable":true,"href":"https:\/\/lacompro.net\/es\/wp-json\/wp\/v2\/media\/5208"}],"wp:attachment":[{"href":"https:\/\/lacompro.net\/es\/wp-json\/wp\/v2\/media?parent=5207"}],"wp:term":[{"taxonomy":"product_brand","embeddable":true,"href":"https:\/\/lacompro.net\/es\/wp-json\/wp\/v2\/product_brand?post=5207"},{"taxonomy":"product_cat","embeddable":true,"href":"https:\/\/lacompro.net\/es\/wp-json\/wp\/v2\/product_cat?post=5207"},{"taxonomy":"product_tag","embeddable":true,"href":"https:\/\/lacompro.net\/es\/wp-json\/wp\/v2\/product_tag?post=5207"}],"curies":[{"name":"wp","href":"https:\/\/api.w.org\/{rel}","templated":true}]}}