{"id":5279,"date":"2022-11-28T12:37:05","date_gmt":"2022-11-28T11:37:05","guid":{"rendered":"https:\/\/lacompro.net\/?post_type=product&#038;p=5279"},"modified":"2023-02-24T11:28:06","modified_gmt":"2023-02-24T10:28:06","slug":"dispositivo-limite-liquido-metodo-penetrometro-de-cono-t-090","status":"publish","type":"product","link":"https:\/\/lacompro.net\/es\/producto\/dispositivo-limite-liquido-metodo-penetrometro-de-cono-t-090\/","title":{"rendered":"Dispositivo L\u00edmite L\u00edquido (M\u00e9todo Penetr\u00f3metro de Cono) (T-090)"},"content":{"rendered":"<div>\n<p>BS 1377-2<\/p>\n<ul>\n<li>Used to determine the moisture content while the soil specimen is passing from plastic to liquid state; by measuring the penetration of standard cone free falling into the soil under controlled conditions.<\/li>\n<li>Equipped with a release button.<\/li>\n<\/ul>\n<\/div>\n<span class=\"et_bloom_bottom_trigger\"><\/span>","protected":false},"excerpt":{"rendered":"<p>BS 1377-2 Used to determine the moisture content while the soil specimen is passing from plastic to liquid state; by measuring the penetration of standard cone free falling into the soil under controlled conditions. Equipped with a release button.<\/p>\n","protected":false},"featured_media":5284,"comment_status":"closed","ping_status":"closed","template":"","meta":{"_et_pb_use_builder":"","_et_pb_old_content":"","_et_gb_content_width":""},"product_brand":[],"product_cat":[47],"product_tag":[],"class_list":{"0":"post-5279","1":"product","2":"type-product","3":"status-publish","4":"has-post-thumbnail","6":"product_cat-suelo","8":"first","9":"instock","10":"shipping-taxable","11":"product-type-simple"},"_links":{"self":[{"href":"https:\/\/lacompro.net\/es\/wp-json\/wp\/v2\/product\/5279","targetHints":{"allow":["GET"]}}],"collection":[{"href":"https:\/\/lacompro.net\/es\/wp-json\/wp\/v2\/product"}],"about":[{"href":"https:\/\/lacompro.net\/es\/wp-json\/wp\/v2\/types\/product"}],"replies":[{"embeddable":true,"href":"https:\/\/lacompro.net\/es\/wp-json\/wp\/v2\/comments?post=5279"}],"wp:featuredmedia":[{"embeddable":true,"href":"https:\/\/lacompro.net\/es\/wp-json\/wp\/v2\/media\/5284"}],"wp:attachment":[{"href":"https:\/\/lacompro.net\/es\/wp-json\/wp\/v2\/media?parent=5279"}],"wp:term":[{"taxonomy":"product_brand","embeddable":true,"href":"https:\/\/lacompro.net\/es\/wp-json\/wp\/v2\/product_brand?post=5279"},{"taxonomy":"product_cat","embeddable":true,"href":"https:\/\/lacompro.net\/es\/wp-json\/wp\/v2\/product_cat?post=5279"},{"taxonomy":"product_tag","embeddable":true,"href":"https:\/\/lacompro.net\/es\/wp-json\/wp\/v2\/product_tag?post=5279"}],"curies":[{"name":"wp","href":"https:\/\/api.w.org\/{rel}","templated":true}]}}