{"id":5417,"date":"2022-11-28T14:24:29","date_gmt":"2022-11-28T13:24:29","guid":{"rendered":"https:\/\/lacompro.net\/?post_type=product&#038;p=5417"},"modified":"2023-02-24T12:18:53","modified_gmt":"2023-02-24T11:18:53","slug":"edometro-consolidacion-con-sensor-de-medicion-de-deformacion-t-210-e-t-210-das","status":"publish","type":"product","link":"https:\/\/lacompro.net\/es\/producto\/edometro-consolidacion-con-sensor-de-medicion-de-deformacion-t-210-e-t-210-das\/","title":{"rendered":"Ed\u00f3metro \u2013 Consolidaci\u00f3n con Sensor de Medici\u00f3n de Deformaci\u00f3n T-210\/E (T-210\/DAS)"},"content":{"rendered":"<div>\n<ul>\n<li>Up to 4 consolidation units can be connected.<\/li>\n<li>Transfers the data instantly to computer via USB port.<\/li>\n<li>Software is supplied with the equipment.<\/li>\n<li>220 \u2013 240 V \/ 50 \u2013 60 Hz<\/li>\n<\/ul>\n<\/div>\n<span class=\"et_bloom_bottom_trigger\"><\/span>","protected":false},"excerpt":{"rendered":"<p>Up to 4 consolidation units can be connected. Transfers the data instantly to computer via USB port. Software is supplied with the equipment. 220 \u2013 240 V \/ 50 \u2013 60 Hz<\/p>\n","protected":false},"featured_media":5418,"comment_status":"closed","ping_status":"closed","template":"","meta":{"_et_pb_use_builder":"","_et_pb_old_content":"","_et_gb_content_width":""},"product_brand":[],"product_cat":[47],"product_tag":[],"class_list":{"0":"post-5417","1":"product","2":"type-product","3":"status-publish","4":"has-post-thumbnail","6":"product_cat-suelo","8":"first","9":"instock","10":"shipping-taxable","11":"product-type-simple"},"_links":{"self":[{"href":"https:\/\/lacompro.net\/es\/wp-json\/wp\/v2\/product\/5417","targetHints":{"allow":["GET"]}}],"collection":[{"href":"https:\/\/lacompro.net\/es\/wp-json\/wp\/v2\/product"}],"about":[{"href":"https:\/\/lacompro.net\/es\/wp-json\/wp\/v2\/types\/product"}],"replies":[{"embeddable":true,"href":"https:\/\/lacompro.net\/es\/wp-json\/wp\/v2\/comments?post=5417"}],"wp:featuredmedia":[{"embeddable":true,"href":"https:\/\/lacompro.net\/es\/wp-json\/wp\/v2\/media\/5418"}],"wp:attachment":[{"href":"https:\/\/lacompro.net\/es\/wp-json\/wp\/v2\/media?parent=5417"}],"wp:term":[{"taxonomy":"product_brand","embeddable":true,"href":"https:\/\/lacompro.net\/es\/wp-json\/wp\/v2\/product_brand?post=5417"},{"taxonomy":"product_cat","embeddable":true,"href":"https:\/\/lacompro.net\/es\/wp-json\/wp\/v2\/product_cat?post=5417"},{"taxonomy":"product_tag","embeddable":true,"href":"https:\/\/lacompro.net\/es\/wp-json\/wp\/v2\/product_tag?post=5417"}],"curies":[{"name":"wp","href":"https:\/\/api.w.org\/{rel}","templated":true}]}}