{"id":6907,"date":"2023-09-26T12:57:22","date_gmt":"2023-09-26T10:57:22","guid":{"rendered":"https:\/\/lacompro.net\/?post_type=product&#038;p=6907"},"modified":"2023-09-26T13:10:30","modified_gmt":"2023-09-26T11:10:30","slug":"maquina-para-pruebas-dinamicas-rio","status":"publish","type":"product","link":"https:\/\/lacompro.net\/es\/producto\/maquina-para-pruebas-dinamicas-rio\/","title":{"rendered":"M\u00e1quina para Pruebas Din\u00e1micas RiO"},"content":{"rendered":"<p>\u00a1TODAS LAS PRUEBAS DIN\u00c1MICAS IMPORTANTES EN UNA M\u00c1QUINA!<\/p>\n<p>Para Mezclas Asf\u00e1lticas\/ Suelos\/ Materiales Granulares <\/p>\n<span class=\"et_bloom_bottom_trigger\"><\/span>","protected":false},"excerpt":{"rendered":"<p>\u00a1TODAS LAS PRUEBAS DIN\u00c1MICAS IMPORTANTES EN UNA M\u00c1QUINA! Para Mezclas Asf\u00e1lticas\/ Suelos\/ Materiales Granulares<\/p>\n","protected":false},"featured_media":6807,"comment_status":"closed","ping_status":"closed","template":"","meta":{"_et_pb_use_builder":"off","_et_pb_old_content":"","_et_gb_content_width":""},"product_brand":[],"product_cat":[85,86],"product_tag":[],"class_list":{"0":"post-6907","1":"product","2":"type-product","3":"status-publish","4":"has-post-thumbnail","6":"product_cat-infratest","7":"product_cat-superpave-ensayos-por-comportamiento","9":"first","10":"instock","11":"shipping-taxable","12":"product-type-simple"},"_links":{"self":[{"href":"https:\/\/lacompro.net\/es\/wp-json\/wp\/v2\/product\/6907","targetHints":{"allow":["GET"]}}],"collection":[{"href":"https:\/\/lacompro.net\/es\/wp-json\/wp\/v2\/product"}],"about":[{"href":"https:\/\/lacompro.net\/es\/wp-json\/wp\/v2\/types\/product"}],"replies":[{"embeddable":true,"href":"https:\/\/lacompro.net\/es\/wp-json\/wp\/v2\/comments?post=6907"}],"wp:featuredmedia":[{"embeddable":true,"href":"https:\/\/lacompro.net\/es\/wp-json\/wp\/v2\/media\/6807"}],"wp:attachment":[{"href":"https:\/\/lacompro.net\/es\/wp-json\/wp\/v2\/media?parent=6907"}],"wp:term":[{"taxonomy":"product_brand","embeddable":true,"href":"https:\/\/lacompro.net\/es\/wp-json\/wp\/v2\/product_brand?post=6907"},{"taxonomy":"product_cat","embeddable":true,"href":"https:\/\/lacompro.net\/es\/wp-json\/wp\/v2\/product_cat?post=6907"},{"taxonomy":"product_tag","embeddable":true,"href":"https:\/\/lacompro.net\/es\/wp-json\/wp\/v2\/product_tag?post=6907"}],"curies":[{"name":"wp","href":"https:\/\/api.w.org\/{rel}","templated":true}]}}