{"id":6938,"date":"2023-09-28T12:04:07","date_gmt":"2023-09-28T10:04:07","guid":{"rendered":"https:\/\/lacompro.net\/?post_type=product&#038;p=6938"},"modified":"2023-10-07T12:37:56","modified_gmt":"2023-10-07T10:37:56","slug":"wheel-tracking-test-apparatus-air-water","status":"publish","type":"product","link":"https:\/\/lacompro.net\/es\/producto\/wheel-tracking-test-apparatus-air-water\/","title":{"rendered":"Wheel Tracking Test Apparatus air\/water"},"content":{"rendered":"<p>EN 12697\/22 \u2013 ASHTOO T324<br \/>\nRueda peque\u00f1a para muestras de asfalto.<br \/>\nEl aparato consta de una carcasa de chapa de acero con interior de acero inoxidable 1.4301 y una tapa abatible con mirilla. Est\u00e1n instalados dos puestos de medici\u00f3n con unidades de ruedas giratorias guiadas por elementos de rodamiento de precisi\u00f3n y accionadas por un motor controlado por frecuencia con transmisi\u00f3n por correa omega s\u00edncrona. La carga se aplica mediante un sistema de palanca.<br \/>\nEl interior se puede calentar con agua o con un sistema de soplado de aire caliente.<br \/>\nPara permitir la instalaci\u00f3n de muestras en el lugar de prueba, ambas unidades de ruedas rodantes se pueden detener en una posici\u00f3n de estacionamiento fuera del \u00e1rea de prueba. Las dos placas base de muestra de la m\u00e1quina est\u00e1n preparadas para la instalaci\u00f3n de juegos de llaves para moldes (20-4020..23) o moldes de yeso (20-4015..16).<br \/>\nSe incluyen dos ruedas rodantes f\u00e1cilmente intercambiables con revestimiento de goma. Las ruedas rodantes de acero inoxidable 20-4000E100 est\u00e1n disponibles bajo pedido. Se utilizan dos unidades de elevaci\u00f3n motorizadas controladas por el software integrado para bajar las ruedas al comienzo de una prueba y levantarlas despu\u00e9s.<br \/>\nTodo el proceso, incluido el calentamiento, el registro de las temperaturas de prueba, el n\u00famero de vueltas y las profundidades de seguimiento, se controla mediante software con posibilidad de impresi\u00f3n y programas de prueba seleccionables. El propio usuario puede crear y memorizar sus propias secuencias y programas de prueba.<br \/>\nSe suministra con unidad de entrada\/salida integrada con pantalla t\u00e1ctil. Opcionalmente, la entrada tambi\u00e9n se puede realizar mediante un teclado. Los juegos de llaves para moldes 20-4020..23 o los juegos de moldes de yeso 20-4015..16 no est\u00e1n incluidos y deben pedirse adicionalmente.<\/p>\n<p>Especificaciones T\u00e9cnicas:<\/p>\n<ul>\n<li style=\"list-style-type: none;\">\n<ul>\n<li>Dimensiones de muestra m\u00e1x. 280 x 340 resp. 300 x 300 mm<\/li>\n<li>Altura de la muestra 40..120 mm<\/li>\n<li>Rueda rodante \u00d8 203 mm, ancho 50 mm con capa de goma de 20 mm<\/li>\n<li>Secci\u00f3n de rodadura 230 mm<\/li>\n<li>53 \/ 52 pasadas por min.<\/li>\n<li>Secci\u00f3n de medici\u00f3n 65..165 mm<\/li>\n<li>Carga aplicada 710 N<\/li>\n<li>Rango de temperatura del agua 30..70\u00b0 C<\/li>\n<li>Profundidad de la ranura del carril 0..20 mm x 0,01 mm<\/li>\n<li>Idioma de usuario alem\u00e1n\/ingl\u00e9s<\/li>\n<\/ul>\n<\/li>\n<\/ul>\n<span class=\"et_bloom_bottom_trigger\"><\/span>","protected":false},"excerpt":{"rendered":"<p>EN 12697\/22 \u2013 ASHTOO T324 Rueda peque\u00f1a para muestras de asfalto. El aparato consta de una carcasa de chapa de acero con interior de acero inoxidable 1.4301 y una tapa abatible con mirilla. Est\u00e1n instalados dos puestos de medici\u00f3n con unidades de ruedas giratorias guiadas por elementos de rodamiento de precisi\u00f3n y accionadas por un [&hellip;]<\/p>\n","protected":false},"featured_media":6939,"comment_status":"closed","ping_status":"closed","template":"","meta":{"_et_pb_use_builder":"","_et_pb_old_content":"","_et_gb_content_width":""},"product_brand":[],"product_cat":[85,86],"product_tag":[],"class_list":{"0":"post-6938","1":"product","2":"type-product","3":"status-publish","4":"has-post-thumbnail","6":"product_cat-infratest","7":"product_cat-superpave-ensayos-por-comportamiento","9":"first","10":"instock","11":"shipping-taxable","12":"product-type-simple"},"_links":{"self":[{"href":"https:\/\/lacompro.net\/es\/wp-json\/wp\/v2\/product\/6938","targetHints":{"allow":["GET"]}}],"collection":[{"href":"https:\/\/lacompro.net\/es\/wp-json\/wp\/v2\/product"}],"about":[{"href":"https:\/\/lacompro.net\/es\/wp-json\/wp\/v2\/types\/product"}],"replies":[{"embeddable":true,"href":"https:\/\/lacompro.net\/es\/wp-json\/wp\/v2\/comments?post=6938"}],"wp:featuredmedia":[{"embeddable":true,"href":"https:\/\/lacompro.net\/es\/wp-json\/wp\/v2\/media\/6939"}],"wp:attachment":[{"href":"https:\/\/lacompro.net\/es\/wp-json\/wp\/v2\/media?parent=6938"}],"wp:term":[{"taxonomy":"product_brand","embeddable":true,"href":"https:\/\/lacompro.net\/es\/wp-json\/wp\/v2\/product_brand?post=6938"},{"taxonomy":"product_cat","embeddable":true,"href":"https:\/\/lacompro.net\/es\/wp-json\/wp\/v2\/product_cat?post=6938"},{"taxonomy":"product_tag","embeddable":true,"href":"https:\/\/lacompro.net\/es\/wp-json\/wp\/v2\/product_tag?post=6938"}],"curies":[{"name":"wp","href":"https:\/\/api.w.org\/{rel}","templated":true}]}}