{"id":6946,"date":"2023-09-28T12:21:22","date_gmt":"2023-09-28T10:21:22","guid":{"rendered":"https:\/\/lacompro.net\/?post_type=product&#038;p=6946"},"modified":"2023-10-07T12:34:34","modified_gmt":"2023-10-07T10:34:34","slug":"roller-sector-compactor-30-kn-400x300-mm","status":"publish","type":"product","link":"https:\/\/lacompro.net\/es\/producto\/roller-sector-compactor-30-kn-400x300-mm\/","title":{"rendered":"Roller Sector Compactor 30 kN 400\u00d7300 mm"},"content":{"rendered":"<p><strong>EN 12697\/33 Teil 5.2 \u2013 AASHTO<\/strong><br \/>\nPara la preparaci\u00f3n de muestras de asfalto laminado de 400 x 300 mm con una altura de 40..120 mm.<br \/>\nCarcasa r\u00edgida de acero con puerta de seguridad y unidad de gu\u00eda de muestras accionada por motor. La carga de compactaci\u00f3n se aplica horizontalmente mediante un sistema controlado de carga\/desplazamiento operado electr\u00f3nicamente con un segmento de rodillo y transductores de carga y desplazamiento. El segmento del molde y del rodillo est\u00e1n equipados con elementos calefactores el\u00e9ctricos controlados termost\u00e1ticamente.<br \/>\nTodo el proceso se controla mediante programas de compactaci\u00f3n seleccionables a trav\u00e9s del software de Windows. El propio usuario puede crear y memorizar sus propias secuencias de prueba. El control de la m\u00e1quina y del proceso se realiza mediante una unidad de entrada\/salida integrada con pantalla t\u00e1ctil fijada mediante un brazo giratorio. Opcionalmente, la entrada tambi\u00e9n se puede realizar mediante un teclado.<\/p>\n<p><strong>Especificaciones T\u00e9cnicas:<\/strong><\/p>\n<ul>\n<li style=\"list-style-type: none;\">\n<ul>\n<li>Fuerza de rodadura: 0..30 kN<\/li>\n<li>Velocidad de rodadura: 45 pasos a desnivel\/min<\/li>\n<li>Dimensiones de la muestra: 400 x 300 mm<\/li>\n<li>Altura de la muestra: 40..120 mm<\/li>\n<\/ul>\n<\/li>\n<\/ul>\n<span class=\"et_bloom_bottom_trigger\"><\/span>","protected":false},"excerpt":{"rendered":"<p>EN 12697\/33 Teil 5.2 \u2013 AASHTO Para la preparaci\u00f3n de muestras de asfalto laminado de 400 x 300 mm con una altura de 40..120 mm. Carcasa r\u00edgida de acero con puerta de seguridad y unidad de gu\u00eda de muestras accionada por motor. La carga de compactaci\u00f3n se aplica horizontalmente mediante un sistema controlado de carga\/desplazamiento [&hellip;]<\/p>\n","protected":false},"featured_media":6948,"comment_status":"closed","ping_status":"closed","template":"","meta":{"_et_pb_use_builder":"","_et_pb_old_content":"","_et_gb_content_width":""},"product_brand":[],"product_cat":[85,86],"product_tag":[],"class_list":{"0":"post-6946","1":"product","2":"type-product","3":"status-publish","4":"has-post-thumbnail","6":"product_cat-infratest","7":"product_cat-superpave-ensayos-por-comportamiento","9":"first","10":"instock","11":"shipping-taxable","12":"product-type-simple"},"_links":{"self":[{"href":"https:\/\/lacompro.net\/es\/wp-json\/wp\/v2\/product\/6946","targetHints":{"allow":["GET"]}}],"collection":[{"href":"https:\/\/lacompro.net\/es\/wp-json\/wp\/v2\/product"}],"about":[{"href":"https:\/\/lacompro.net\/es\/wp-json\/wp\/v2\/types\/product"}],"replies":[{"embeddable":true,"href":"https:\/\/lacompro.net\/es\/wp-json\/wp\/v2\/comments?post=6946"}],"wp:featuredmedia":[{"embeddable":true,"href":"https:\/\/lacompro.net\/es\/wp-json\/wp\/v2\/media\/6948"}],"wp:attachment":[{"href":"https:\/\/lacompro.net\/es\/wp-json\/wp\/v2\/media?parent=6946"}],"wp:term":[{"taxonomy":"product_brand","embeddable":true,"href":"https:\/\/lacompro.net\/es\/wp-json\/wp\/v2\/product_brand?post=6946"},{"taxonomy":"product_cat","embeddable":true,"href":"https:\/\/lacompro.net\/es\/wp-json\/wp\/v2\/product_cat?post=6946"},{"taxonomy":"product_tag","embeddable":true,"href":"https:\/\/lacompro.net\/es\/wp-json\/wp\/v2\/product_tag?post=6946"}],"curies":[{"name":"wp","href":"https:\/\/api.w.org\/{rel}","templated":true}]}}