{"id":6951,"date":"2023-09-28T12:28:21","date_gmt":"2023-09-28T10:28:21","guid":{"rendered":"https:\/\/lacompro.net\/?post_type=product&#038;p=6951"},"modified":"2023-10-07T12:32:02","modified_gmt":"2023-10-07T10:32:02","slug":"laboratory-mixer-30-l-230-v-60-hz","status":"publish","type":"product","link":"https:\/\/lacompro.net\/es\/producto\/laboratory-mixer-30-l-230-v-60-hz\/","title":{"rendered":"Laboratory Mixer 30 l, 230 V, 60 Hz"},"content":{"rendered":"<p><strong>EN 12697\/35<\/strong><br \/>\nPara la preparaci\u00f3n de masilla y mezclas asf\u00e1lticas laminadas hasta un m\u00e1x. tama\u00f1o de grano de aprox. 31,5 mm.<br \/>\nLa tapa con junta est\u00e1 equipada con un motor de husillo el\u00e9ctrico para abrir y cerrar. Una ventana permite observar el proceso de mezcla en el interior. Esta ventana se puede sustituir por el embudo disponible opcionalmente 20-0160E10.<br \/>\nAdem\u00e1s, la tapa est\u00e1 provista de enchufes de conexi\u00f3n para gas, etc. El tambor mezclador motorizado de acero inoxidable de velocidad constante est\u00e1 equipado con un interruptor para girar a la izquierda o a la derecha (principio de mezcla sincronizado o en sentido contrario). Una instalaci\u00f3n de calefacci\u00f3n el\u00e9ctrica en la parte inferior y en las paredes con regulador PID proporciona una temperatura constante.<br \/>\nPara descargar, el vaso se puede inclinar hacia delante mediante el sistema de motor instalado. La herramienta mezcladora especial con motor el\u00e9ctrico y rango de velocidad variable est\u00e1 optimizada para mezclar muestras de asfalto en cantidades m\u00e1s peque\u00f1as y m\u00e1s grandes.<\/p>\n<p><strong>Especificaciones T\u00e9cnicas:<\/strong><\/p>\n<ul>\n<li style=\"list-style-type: none;\">\n<ul>\n<li>Contenido del bid\u00f3n: 30 l<\/li>\n<li>Cantidad de mezcla: 75 kg<\/li>\n<li>Velocidad de la herramienta de mezcla: 25\u202660 1\/min<\/li>\n<li>Temperatura del vaso: 25\u2026250\u00b0 C<\/li>\n<\/ul>\n<\/li>\n<\/ul>\n<span class=\"et_bloom_bottom_trigger\"><\/span>","protected":false},"excerpt":{"rendered":"<p>EN 12697\/35 Para la preparaci\u00f3n de masilla y mezclas asf\u00e1lticas laminadas hasta un m\u00e1x. tama\u00f1o de grano de aprox. 31,5 mm. La tapa con junta est\u00e1 equipada con un motor de husillo el\u00e9ctrico para abrir y cerrar. Una ventana permite observar el proceso de mezcla en el interior. Esta ventana se puede sustituir por el [&hellip;]<\/p>\n","protected":false},"featured_media":6952,"comment_status":"closed","ping_status":"closed","template":"","meta":{"_et_pb_use_builder":"","_et_pb_old_content":"","_et_gb_content_width":""},"product_brand":[],"product_cat":[85,86],"product_tag":[],"class_list":{"0":"post-6951","1":"product","2":"type-product","3":"status-publish","4":"has-post-thumbnail","6":"product_cat-infratest","7":"product_cat-superpave-ensayos-por-comportamiento","9":"first","10":"instock","11":"shipping-taxable","12":"product-type-simple"},"_links":{"self":[{"href":"https:\/\/lacompro.net\/es\/wp-json\/wp\/v2\/product\/6951","targetHints":{"allow":["GET"]}}],"collection":[{"href":"https:\/\/lacompro.net\/es\/wp-json\/wp\/v2\/product"}],"about":[{"href":"https:\/\/lacompro.net\/es\/wp-json\/wp\/v2\/types\/product"}],"replies":[{"embeddable":true,"href":"https:\/\/lacompro.net\/es\/wp-json\/wp\/v2\/comments?post=6951"}],"wp:featuredmedia":[{"embeddable":true,"href":"https:\/\/lacompro.net\/es\/wp-json\/wp\/v2\/media\/6952"}],"wp:attachment":[{"href":"https:\/\/lacompro.net\/es\/wp-json\/wp\/v2\/media?parent=6951"}],"wp:term":[{"taxonomy":"product_brand","embeddable":true,"href":"https:\/\/lacompro.net\/es\/wp-json\/wp\/v2\/product_brand?post=6951"},{"taxonomy":"product_cat","embeddable":true,"href":"https:\/\/lacompro.net\/es\/wp-json\/wp\/v2\/product_cat?post=6951"},{"taxonomy":"product_tag","embeddable":true,"href":"https:\/\/lacompro.net\/es\/wp-json\/wp\/v2\/product_tag?post=6951"}],"curies":[{"name":"wp","href":"https:\/\/api.w.org\/{rel}","templated":true}]}}