{"id":6955,"date":"2023-09-28T12:37:29","date_gmt":"2023-09-28T10:37:29","guid":{"rendered":"https:\/\/lacompro.net\/?post_type=product&#038;p=6955"},"modified":"2023-10-07T12:29:24","modified_gmt":"2023-10-07T10:29:24","slug":"gyrator-it-2018","status":"publish","type":"product","link":"https:\/\/lacompro.net\/es\/producto\/gyrator-it-2018\/","title":{"rendered":"Gyrator iT 2018"},"content":{"rendered":"<p>Gyrator iT 2018 para la preparaci\u00f3n de muestras giratorias con di\u00e1metro \u00d8 100 y 150 mm<\/p>\n<ul>\n<li style=\"list-style-type: none;\">\n<ul>\n<li>Compactaci\u00f3n y rotaci\u00f3n giratorias totalmente automatizadas.<\/li>\n<li>Accionamiento electromec\u00e1nico<\/li>\n<li>Medici\u00f3n mediante celda de carga integrada<\/li>\n<li>Extrusora de muestras integrada con mesa de muestras<\/li>\n<li>Control por ordenador integrado para compactaci\u00f3n autom\u00e1tica.<\/li>\n<li>Incluye informe de evaluaci\u00f3n para la preparaci\u00f3n de muestras.<\/li>\n<li>Puerto Ethernet integrado para control remoto a distancia<\/li>\n<li>\u00c1ngulo ajustable por software<\/li>\n<\/ul>\n<\/li>\n<\/ul>\n<p>Datos El\u00e9ctricos:<\/p>\n<ul>\n<li style=\"list-style-type: none;\">\n<ul>\n<li>Accessories: Mould \u00d8 100, \u00d8 150 mm including Top plates etc. need to be ordered separately<\/li>\n<li>Presi\u00f3n de compactaci\u00f3n: 1000 kPa<\/li>\n<li>Recorrido del carnero: 10 mm por segundo<\/li>\n<li>Puertos: 1x USB, 1x RS232, 1x Ethernet<\/li>\n<li>Velocidad: hasta 30 rpm (\u00b10,5\u00b0)<\/li>\n<li>\u00c1ngulo: ajustable 0,5 hasta 3,5\u00b0<\/li>\n<li>Tama\u00f1o de muestra: \u00d8 100 y 150 mm<\/li>\n<li>Dimensiones: 803 x 703 x 1800 mm<\/li>\n<li>Peso aproximado. 538 kilogramos<\/li>\n<li>Fuente de alimentaci\u00f3n: 400V, 50\/60 Hz, 3 P+N+PE<\/li>\n<li>Potencia: 7 kilovatios<\/li>\n<li>Accesorios: Los moldes de \u00d8 100, \u00d8 150 mm, incluidas las placas superiores, etc., deben pedirse por separado<\/li>\n<\/ul>\n<\/li>\n<\/ul>\n<span class=\"et_bloom_bottom_trigger\"><\/span>","protected":false},"excerpt":{"rendered":"<p>Gyrator iT 2018 para la preparaci\u00f3n de muestras giratorias con di\u00e1metro \u00d8 100 y 150 mm Compactaci\u00f3n y rotaci\u00f3n giratorias totalmente automatizadas. Accionamiento electromec\u00e1nico Medici\u00f3n mediante celda de carga integrada Extrusora de muestras integrada con mesa de muestras Control por ordenador integrado para compactaci\u00f3n autom\u00e1tica. Incluye informe de evaluaci\u00f3n para la preparaci\u00f3n de muestras. Puerto [&hellip;]<\/p>\n","protected":false},"featured_media":6956,"comment_status":"closed","ping_status":"closed","template":"","meta":{"_et_pb_use_builder":"","_et_pb_old_content":"","_et_gb_content_width":""},"product_brand":[],"product_cat":[39,85,86],"product_tag":[],"class_list":{"0":"post-6955","1":"product","2":"type-product","3":"status-publish","4":"has-post-thumbnail","6":"product_cat-sin-categorizar","7":"product_cat-infratest","8":"product_cat-superpave-ensayos-por-comportamiento","10":"first","11":"instock","12":"shipping-taxable","13":"product-type-simple"},"_links":{"self":[{"href":"https:\/\/lacompro.net\/es\/wp-json\/wp\/v2\/product\/6955","targetHints":{"allow":["GET"]}}],"collection":[{"href":"https:\/\/lacompro.net\/es\/wp-json\/wp\/v2\/product"}],"about":[{"href":"https:\/\/lacompro.net\/es\/wp-json\/wp\/v2\/types\/product"}],"replies":[{"embeddable":true,"href":"https:\/\/lacompro.net\/es\/wp-json\/wp\/v2\/comments?post=6955"}],"wp:featuredmedia":[{"embeddable":true,"href":"https:\/\/lacompro.net\/es\/wp-json\/wp\/v2\/media\/6956"}],"wp:attachment":[{"href":"https:\/\/lacompro.net\/es\/wp-json\/wp\/v2\/media?parent=6955"}],"wp:term":[{"taxonomy":"product_brand","embeddable":true,"href":"https:\/\/lacompro.net\/es\/wp-json\/wp\/v2\/product_brand?post=6955"},{"taxonomy":"product_cat","embeddable":true,"href":"https:\/\/lacompro.net\/es\/wp-json\/wp\/v2\/product_cat?post=6955"},{"taxonomy":"product_tag","embeddable":true,"href":"https:\/\/lacompro.net\/es\/wp-json\/wp\/v2\/product_tag?post=6955"}],"curies":[{"name":"wp","href":"https:\/\/api.w.org\/{rel}","templated":true}]}}