{"id":6961,"date":"2023-09-28T12:47:19","date_gmt":"2023-09-28T10:47:19","guid":{"rendered":"https:\/\/lacompro.net\/?post_type=product&#038;p=6961"},"modified":"2023-10-07T12:24:49","modified_gmt":"2023-10-07T10:24:49","slug":"rolling-thin-film-oven-rtfot","status":"publish","type":"product","link":"https:\/\/lacompro.net\/es\/producto\/rolling-thin-film-oven-rtfot\/","title":{"rendered":"Rolling Thin Film Oven RTFOT"},"content":{"rendered":"<p><strong>EN 12607-1 \u2013 ASTM D2872-12<\/strong><br \/>\nPara la determinaci\u00f3n de la temperatura y la influencia del aire sobre el bet\u00fan<\/p>\n<p><strong>Contiene:<\/strong><\/p>\n<ul>\n<li style=\"list-style-type: none;\">\n<ul>\n<li style=\"list-style-type: none;\">\n<ul>\n<li>Armario calefactor con ventana en la puerta y regulaci\u00f3n de temperatura controlada termost\u00e1ticamente<\/li>\n<li>La pared interior trasera est\u00e1 equipada con un carro vertical que gira mediante un motor el\u00e9ctrico a 15 1\/min.<\/li>\n<li>Unidad de accionamiento el\u00e9ctrico con soporte para hasta 8 vasos de prueba de vidrio<\/li>\n<li>Boquilla para alimentar el aire sobre la muestra, con caudal\u00edmetro para regular el volumen de aire (caudal de aire de 4000 ml\/min.)<\/li>\n<li>Ventilador para hacer circular el aire dentro de la c\u00e1mara.<\/li>\n<li>Term\u00f3metro de control en el interior.<\/li>\n<\/ul>\n<\/li>\n<\/ul>\n<\/li>\n<\/ul>\n<p>El armario calefactor est\u00e1 preajustado a una temperatura de prueba de 163\u00b0C. El usuario es informado sobre el proceso de prueba mediante se\u00f1ales \u00f3pticas y ac\u00fasticas. El procedimiento de prueba es autom\u00e1tico.<br \/>\nSe requiere una fuente de aire comprimido o un compresor 20-25770 para realizar la prueba. Se necesitan adicionalmente los viales de muestra 20-2573 o 20-2574.<\/p>\n<span class=\"et_bloom_bottom_trigger\"><\/span>","protected":false},"excerpt":{"rendered":"<p>EN 12607-1 \u2013 ASTM D2872-12 Para la determinaci\u00f3n de la temperatura y la influencia del aire sobre el bet\u00fan Contiene: Armario calefactor con ventana en la puerta y regulaci\u00f3n de temperatura controlada termost\u00e1ticamente La pared interior trasera est\u00e1 equipada con un carro vertical que gira mediante un motor el\u00e9ctrico a 15 1\/min. Unidad de accionamiento [&hellip;]<\/p>\n","protected":false},"featured_media":6962,"comment_status":"closed","ping_status":"closed","template":"","meta":{"_et_pb_use_builder":"","_et_pb_old_content":"","_et_gb_content_width":""},"product_brand":[],"product_cat":[85,86],"product_tag":[],"class_list":{"0":"post-6961","1":"product","2":"type-product","3":"status-publish","4":"has-post-thumbnail","6":"product_cat-infratest","7":"product_cat-superpave-ensayos-por-comportamiento","9":"first","10":"instock","11":"shipping-taxable","12":"product-type-simple"},"_links":{"self":[{"href":"https:\/\/lacompro.net\/es\/wp-json\/wp\/v2\/product\/6961","targetHints":{"allow":["GET"]}}],"collection":[{"href":"https:\/\/lacompro.net\/es\/wp-json\/wp\/v2\/product"}],"about":[{"href":"https:\/\/lacompro.net\/es\/wp-json\/wp\/v2\/types\/product"}],"replies":[{"embeddable":true,"href":"https:\/\/lacompro.net\/es\/wp-json\/wp\/v2\/comments?post=6961"}],"wp:featuredmedia":[{"embeddable":true,"href":"https:\/\/lacompro.net\/es\/wp-json\/wp\/v2\/media\/6962"}],"wp:attachment":[{"href":"https:\/\/lacompro.net\/es\/wp-json\/wp\/v2\/media?parent=6961"}],"wp:term":[{"taxonomy":"product_brand","embeddable":true,"href":"https:\/\/lacompro.net\/es\/wp-json\/wp\/v2\/product_brand?post=6961"},{"taxonomy":"product_cat","embeddable":true,"href":"https:\/\/lacompro.net\/es\/wp-json\/wp\/v2\/product_cat?post=6961"},{"taxonomy":"product_tag","embeddable":true,"href":"https:\/\/lacompro.net\/es\/wp-json\/wp\/v2\/product_tag?post=6961"}],"curies":[{"name":"wp","href":"https:\/\/api.w.org\/{rel}","templated":true}]}}