{"id":6969,"date":"2023-09-28T12:56:24","date_gmt":"2023-09-28T10:56:24","guid":{"rendered":"https:\/\/lacompro.net\/?post_type=product&#038;p=6969"},"modified":"2023-10-07T12:19:34","modified_gmt":"2023-10-07T10:19:34","slug":"bbr-bending-beam-rheometer","status":"publish","type":"product","link":"https:\/\/lacompro.net\/es\/producto\/bbr-bending-beam-rheometer\/","title":{"rendered":"BBR Bending Beam Rheometer"},"content":{"rendered":"<p><strong>DIN EN 14771 \u2013 NF T 66-062 \u2013 ASTM D 6648 \u2013 AASHTO T 313<\/strong><br \/>\nSistema de prueba para la determinaci\u00f3n de la rigidez a la fluencia por flexi\u00f3n del aglomerante asf\u00e1ltico a bajas temperaturas<br \/>\nLa resistencia a la flexi\u00f3n se determina, entre otras cosas, para evaluar el comportamiento de ligantes asf\u00e1lticos y productos similares a bajas temperaturas. El re\u00f3metro de haz de flexi\u00f3n permite a los usuarios determinar c\u00f3modamente estas propiedades del material. Para ello se mide la deflexi\u00f3n de la muestra con una resoluci\u00f3n de 1 \u00b5m. La fuerza de prueba se regula con una precisi\u00f3n de 1 mN. La unidad de muestra se mueve mediante un motor el\u00e9ctrico y hace que el montaje y la extracci\u00f3n de las muestras sea sencillo y sencillo. Funcionamiento autom\u00e1tico, controlado por software y evaluaci\u00f3n y representaci\u00f3n estandarizada de los resultados. La monitorizaci\u00f3n autom\u00e1tica del sistema contiene varias funciones de diagn\u00f3stico y prepara los registros de diagn\u00f3stico necesarios.<\/p>\n<p><strong>Especificaciones T\u00e9cnicas:<\/strong><\/p>\n<ul>\n<li>Controlador programable integrado para controles y registro de datos medidos.<\/li>\n<li>Unidad de atemperaci\u00f3n compacta con calentador y refrigeraci\u00f3n por compresor y potente bomba de presi\u00f3n\/aspiraci\u00f3n<\/li>\n<li>Rango de temperatura: -40\u2026+20\u00b0C<\/li>\n<li>Resoluci\u00f3n \u00b10.01 K<\/li>\n<li>Temperaturas de prueba libremente seleccionables<\/li>\n<li>Ba\u00f1o de pruebas independiente con mantenimiento de nivel constante<\/li>\n<li>Unidad de carga electromagn\u00e9tica lineal, m\u00e1x. elevaci\u00f3n 10 mm, m\u00e1x. fuerza 2000 mN<\/li>\n<li>Transductor incremental, precisi\u00f3n superior a 1 \u03bcm<\/li>\n<li>Clase de precisi\u00f3n de la celda de carga 0,1 (mejor que \u00b1 0,1%)<\/li>\n<li>Control de fuerza mejor que 1 mN<\/li>\n<li>Rango de trabajo 0 \u2026 1500 mN<\/li>\n<li>Dise\u00f1o propio de registros de prueba.<\/li>\n<li>Todos los datos de prueba como archivo csv disponible<\/li>\n<li>Ancho 1200 mm incluyendo PC en el soporte<\/li>\n<li>Peso aproximado. 80 kg sin accesorios<\/li>\n<li>Peso del termostato: aprox. 60 kg<\/li>\n<li>Ba\u00f1o de prueba: aprox. 2 l<\/li>\n<li>L\u00edquido de ba\u00f1o (recomendado): Etanol, 95 %<\/li>\n<\/ul>\n<p>&nbsp;<\/p>\n<div id=\"tw-target-text-container\" class=\"tw-ta-container F0azHf tw-nfl\" tabindex=\"0\">\n<pre id=\"tw-target-text\" class=\"tw-data-text tw-text-large tw-ta\" dir=\"ltr\" data-placeholder=\"Traducci\u00f3n\" data-ved=\"2ahUKEwjGxMPo1-OBAxWYY6QEHUYWBBcQ3ewLegQIDRAP\"><\/pre>\n<\/div>\n<span class=\"et_bloom_bottom_trigger\"><\/span>","protected":false},"excerpt":{"rendered":"<p>DIN EN 14771 \u2013 NF T 66-062 \u2013 ASTM D 6648 \u2013 AASHTO T 313 Sistema de prueba para la determinaci\u00f3n de la rigidez a la fluencia por flexi\u00f3n del aglomerante asf\u00e1ltico a bajas temperaturas La resistencia a la flexi\u00f3n se determina, entre otras cosas, para evaluar el comportamiento de ligantes asf\u00e1lticos y productos similares [&hellip;]<\/p>\n","protected":false},"featured_media":6970,"comment_status":"closed","ping_status":"closed","template":"","meta":{"_et_pb_use_builder":"","_et_pb_old_content":"","_et_gb_content_width":""},"product_brand":[],"product_cat":[85,86],"product_tag":[],"class_list":{"0":"post-6969","1":"product","2":"type-product","3":"status-publish","4":"has-post-thumbnail","6":"product_cat-infratest","7":"product_cat-superpave-ensayos-por-comportamiento","9":"first","10":"instock","11":"shipping-taxable","12":"product-type-simple"},"_links":{"self":[{"href":"https:\/\/lacompro.net\/es\/wp-json\/wp\/v2\/product\/6969","targetHints":{"allow":["GET"]}}],"collection":[{"href":"https:\/\/lacompro.net\/es\/wp-json\/wp\/v2\/product"}],"about":[{"href":"https:\/\/lacompro.net\/es\/wp-json\/wp\/v2\/types\/product"}],"replies":[{"embeddable":true,"href":"https:\/\/lacompro.net\/es\/wp-json\/wp\/v2\/comments?post=6969"}],"wp:featuredmedia":[{"embeddable":true,"href":"https:\/\/lacompro.net\/es\/wp-json\/wp\/v2\/media\/6970"}],"wp:attachment":[{"href":"https:\/\/lacompro.net\/es\/wp-json\/wp\/v2\/media?parent=6969"}],"wp:term":[{"taxonomy":"product_brand","embeddable":true,"href":"https:\/\/lacompro.net\/es\/wp-json\/wp\/v2\/product_brand?post=6969"},{"taxonomy":"product_cat","embeddable":true,"href":"https:\/\/lacompro.net\/es\/wp-json\/wp\/v2\/product_cat?post=6969"},{"taxonomy":"product_tag","embeddable":true,"href":"https:\/\/lacompro.net\/es\/wp-json\/wp\/v2\/product_tag?post=6969"}],"curies":[{"name":"wp","href":"https:\/\/api.w.org\/{rel}","templated":true}]}}