{"id":7147,"date":"2024-11-04T19:12:04","date_gmt":"2024-11-04T18:12:04","guid":{"rendered":"https:\/\/lacompro.net\/?post_type=product&#038;p=7147"},"modified":"2024-11-04T20:14:43","modified_gmt":"2024-11-04T19:14:43","slug":"asphalt-analyzer-you-pg-20-11340","status":"publish","type":"product","link":"https:\/\/lacompro.net\/es\/producto\/asphalt-analyzer-you-pg-20-11340\/","title":{"rendered":"Asphalt Analyzer YOU PG | 20-11340"},"content":{"rendered":"<h1>Asphalt Analyzer YOU PG INFRATEST | 20-11340<\/h1>\n<p>Controlado y operado por ordenador mediante panel t\u00e1ctil para la extracci\u00f3n y determinaci\u00f3n de aglomerantes de materiales bituminosos en un sistema cerrado utilizando disolventes no inflamables.<br \/>\nLa m\u00e1quina puede venir de f\u00e1brica para&#8230;<\/p>\n<span class=\"et_bloom_bottom_trigger\"><\/span>","protected":false},"excerpt":{"rendered":"<p>Asphalt Analyzer YOU PG INFRATEST | 20-11340 Controlado y operado por ordenador mediante panel t\u00e1ctil para la extracci\u00f3n y determinaci\u00f3n de aglomerantes de materiales bituminosos en un sistema cerrado utilizando disolventes no inflamables. La m\u00e1quina puede venir de f\u00e1brica para&#8230;<\/p>\n","protected":false},"featured_media":7144,"comment_status":"closed","ping_status":"closed","template":"","meta":{"_et_pb_use_builder":"off","_et_pb_old_content":"","_et_gb_content_width":""},"product_brand":[],"product_cat":[85],"product_tag":[],"class_list":{"0":"post-7147","1":"product","2":"type-product","3":"status-publish","4":"has-post-thumbnail","6":"product_cat-infratest","8":"first","9":"instock","10":"shipping-taxable","11":"product-type-simple"},"_links":{"self":[{"href":"https:\/\/lacompro.net\/es\/wp-json\/wp\/v2\/product\/7147","targetHints":{"allow":["GET"]}}],"collection":[{"href":"https:\/\/lacompro.net\/es\/wp-json\/wp\/v2\/product"}],"about":[{"href":"https:\/\/lacompro.net\/es\/wp-json\/wp\/v2\/types\/product"}],"replies":[{"embeddable":true,"href":"https:\/\/lacompro.net\/es\/wp-json\/wp\/v2\/comments?post=7147"}],"wp:featuredmedia":[{"embeddable":true,"href":"https:\/\/lacompro.net\/es\/wp-json\/wp\/v2\/media\/7144"}],"wp:attachment":[{"href":"https:\/\/lacompro.net\/es\/wp-json\/wp\/v2\/media?parent=7147"}],"wp:term":[{"taxonomy":"product_brand","embeddable":true,"href":"https:\/\/lacompro.net\/es\/wp-json\/wp\/v2\/product_brand?post=7147"},{"taxonomy":"product_cat","embeddable":true,"href":"https:\/\/lacompro.net\/es\/wp-json\/wp\/v2\/product_cat?post=7147"},{"taxonomy":"product_tag","embeddable":true,"href":"https:\/\/lacompro.net\/es\/wp-json\/wp\/v2\/product_tag?post=7147"}],"curies":[{"name":"wp","href":"https:\/\/api.w.org\/{rel}","templated":true}]}}